{"id":11973,"date":"2025-06-20T18:12:56","date_gmt":"2025-06-20T22:12:56","guid":{"rendered":"http:\/\/www.multicasa.com.br\/cuiaba\/?post_type=product&#038;p=11973"},"modified":"2026-04-22T17:00:25","modified_gmt":"2026-04-22T21:00:25","slug":"tomada-aria-4x2-1tomadas-10a-bc-tramontina","status":"publish","type":"product","link":"https:\/\/www.multicasa.com.br\/cuiaba\/produto\/tomada-aria-4x2-1tomadas-10a-bc-tramontina\/","title":{"rendered":"Tomada Aria 4X2 1Tomadas 10A Bc Tramontina<br>SKU: 2093964"},"content":{"rendered":"<p>Para ter mais efici\u00eancia na hora de ligar equipamentos el\u00e9tricos ou eletr\u00f4nicos, tenha em sua casa o Conjunto 4&#215;2 com 1 Tomada 2P+T Tramontina \u00e1rea 10 A 250V Branco. Produzido em termopl\u00e1stico com acabamento brilho na cor branca, ele possui sistema modular com o suporte incorporado e furo oblongo que facilita a fixa\u00e7\u00e3o e a regulagem da placa \u00e0 parede, deixando-a reta; al\u00e9m disso, sua instala\u00e7\u00e3o n\u00e3o fica aparente, o que deixa seu c\u00f4modo ainda mais bonito. Um item ideal para sua casa, que acompanha suporte e parafusos para a instala\u00e7\u00e3o!<\/p>\n","protected":false},"excerpt":{"rendered":"<h4 style=\"margin: 0px;padding: 0px 0px 16px;font-family: Lato, sans-serif;font-weight: bold;line-height: 3rem;color: var(--dark-grey3);font-size: 22px;font-style: normal;letter-spacing: normal;text-align: start;text-indent: 0px;text-transform: none\">Informa\u00e7\u00f5es t\u00e9cnicas<\/h4>\n<p><span style=\"margin: 0px;padding: 0px;font-weight: 450;font-size: 14px;line-height: 21px;color: var(--dark-grey2);font-family: Lato, sans-serif;font-style: normal;letter-spacing: normal;text-align: start;text-indent: 0px;text-transform: none\">Produto: TOMADA aria 4X2 1TOM 10 A BC TRAMONTI<br \/>\nMarca: Tramontina<br \/>\nMaterial: termopl\u00e1stico<br \/>\nCor: Branco<br \/>\nDimens\u00f5es<br \/>\n8 x 12 cm<\/span><\/p>\n","protected":false},"featured_media":26098,"template":"","meta":{"_joinchat":[]},"product_brand":[],"product_cat":[144],"product_tag":[],"class_list":{"0":"post-11973","1":"product","2":"type-product","3":"status-publish","4":"has-post-thumbnail","6":"product_cat-tomadas-e-cia","8":"first","9":"instock","10":"sale","11":"shipping-taxable","12":"purchasable","13":"product-type-simple"},"_links":{"self":[{"href":"https:\/\/www.multicasa.com.br\/cuiaba\/wp-json\/wp\/v2\/product\/11973","targetHints":{"allow":["GET"]}}],"collection":[{"href":"https:\/\/www.multicasa.com.br\/cuiaba\/wp-json\/wp\/v2\/product"}],"about":[{"href":"https:\/\/www.multicasa.com.br\/cuiaba\/wp-json\/wp\/v2\/types\/product"}],"wp:featuredmedia":[{"embeddable":true,"href":"https:\/\/www.multicasa.com.br\/cuiaba\/wp-json\/wp\/v2\/media\/26098"}],"wp:attachment":[{"href":"https:\/\/www.multicasa.com.br\/cuiaba\/wp-json\/wp\/v2\/media?parent=11973"}],"wp:term":[{"taxonomy":"product_brand","embeddable":true,"href":"https:\/\/www.multicasa.com.br\/cuiaba\/wp-json\/wp\/v2\/product_brand?post=11973"},{"taxonomy":"product_cat","embeddable":true,"href":"https:\/\/www.multicasa.com.br\/cuiaba\/wp-json\/wp\/v2\/product_cat?post=11973"},{"taxonomy":"product_tag","embeddable":true,"href":"https:\/\/www.multicasa.com.br\/cuiaba\/wp-json\/wp\/v2\/product_tag?post=11973"}],"curies":[{"name":"wp","href":"https:\/\/api.w.org\/{rel}","templated":true}]}}