{"id":11974,"date":"2025-06-20T18:12:56","date_gmt":"2025-06-20T22:12:56","guid":{"rendered":"http:\/\/www.multicasa.com.br\/cuiaba\/?post_type=product&#038;p=11974"},"modified":"2026-04-22T14:50:53","modified_gmt":"2026-04-22T18:50:53","slug":"tomada-aria-4x2-2tomadas-10a-branca-tramontina","status":"publish","type":"product","link":"https:\/\/www.multicasa.com.br\/cuiaba\/produto\/tomada-aria-4x2-2tomadas-10a-branca-tramontina\/","title":{"rendered":"Tomada Aria 4X2 2Tomadas 10A Branca Tramontina<br>SKU: 2093965"},"content":{"rendered":"<p>Com o Conjunto 4&#215;2 com 2 Tomadas 2P+T Tramontina Aria 10 A 250V Branco voc\u00ea ter\u00e1 mais praticidade na hora de ligar mais de um equipamento el\u00e9trico ou eletr\u00f4nico ao mesmo tempo. Produzido em termopl\u00e1stico com acabamento brilho na cor branca, ele possui sistema modular com o suporte incorporado e furo oblongo que facilita a fixa\u00e7\u00e3o e a regulagem da placa \u00e0 parede, deixando-a reta; al\u00e9m disso, sua instala\u00e7\u00e3o n\u00e3o fica aparente, o que deixa seu c\u00f4modo ainda mais bonito. Um item ideal para sua casa, que acompanha suporte e parafusos para a instala\u00e7\u00e3o!<\/p>\n","protected":false},"excerpt":{"rendered":"<h4 style=\"margin: 0px;padding: 0px 0px 16px;font-family: Lato, sans-serif;font-weight: bold;line-height: 3rem;color: var(--dark-grey3);font-size: 22px;font-style: normal;letter-spacing: normal;text-align: start;text-indent: 0px;text-transform: none\">Informa\u00e7\u00f5es t\u00e9cnicas<\/h4>\n<p><span style=\"margin: 0px;padding: 0px;font-weight: 450;font-size: 14px;line-height: 21px;color: var(--dark-grey2);font-family: Lato, sans-serif;font-style: normal;letter-spacing: normal;text-align: start;text-indent: 0px;text-transform: none\">PRODUTO: TOMADA ARIA 4X2 2TOMADAS 10A<br \/>\nMARCA: Tramontina<br \/>\nMATERIAL: termopl\u00e1stico<br \/>\nCOR: Branco<br \/>\nDIMENS\u00d5ES: 8x12cm<\/span><\/p>\n","protected":false},"featured_media":27512,"template":"","meta":{"_joinchat":[]},"product_brand":[],"product_cat":[144],"product_tag":[],"class_list":{"0":"post-11974","1":"product","2":"type-product","3":"status-publish","4":"has-post-thumbnail","6":"product_cat-tomadas-e-cia","8":"first","9":"instock","10":"shipping-taxable","11":"purchasable","12":"product-type-simple"},"_links":{"self":[{"href":"https:\/\/www.multicasa.com.br\/cuiaba\/wp-json\/wp\/v2\/product\/11974","targetHints":{"allow":["GET"]}}],"collection":[{"href":"https:\/\/www.multicasa.com.br\/cuiaba\/wp-json\/wp\/v2\/product"}],"about":[{"href":"https:\/\/www.multicasa.com.br\/cuiaba\/wp-json\/wp\/v2\/types\/product"}],"wp:featuredmedia":[{"embeddable":true,"href":"https:\/\/www.multicasa.com.br\/cuiaba\/wp-json\/wp\/v2\/media\/27512"}],"wp:attachment":[{"href":"https:\/\/www.multicasa.com.br\/cuiaba\/wp-json\/wp\/v2\/media?parent=11974"}],"wp:term":[{"taxonomy":"product_brand","embeddable":true,"href":"https:\/\/www.multicasa.com.br\/cuiaba\/wp-json\/wp\/v2\/product_brand?post=11974"},{"taxonomy":"product_cat","embeddable":true,"href":"https:\/\/www.multicasa.com.br\/cuiaba\/wp-json\/wp\/v2\/product_cat?post=11974"},{"taxonomy":"product_tag","embeddable":true,"href":"https:\/\/www.multicasa.com.br\/cuiaba\/wp-json\/wp\/v2\/product_tag?post=11974"}],"curies":[{"name":"wp","href":"https:\/\/api.w.org\/{rel}","templated":true}]}}