{"id":11976,"date":"2025-06-20T18:12:56","date_gmt":"2025-06-20T22:12:56","guid":{"rendered":"http:\/\/www.multicasa.com.br\/cuiaba\/?post_type=product&#038;p=11976"},"modified":"2026-04-20T09:50:42","modified_gmt":"2026-04-20T13:50:42","slug":"placa-aria-4x2-sai-fio-bc-tramontina","status":"publish","type":"product","link":"https:\/\/www.multicasa.com.br\/cuiaba\/produto\/placa-aria-4x2-sai-fio-bc-tramontina\/","title":{"rendered":"PLACA ARIA 4X2 SAI.FIO BC TRAMONTINA<br>SKU: 2093972"},"content":{"rendered":"<p>A Placa com 1 Furo 9,5 mm 4&#215;2 Tramontina Aria Branca \u00e9 a escolha certa para voc\u00ea passar cabos com qualidade, efici\u00eancia e seguran\u00e7a. Ela \u00e9 produzida totalmente em termopl\u00e1stico na cor branca e proporciona um acabamento impec\u00e1vel aos c\u00f4modos onde for inserida. Sua fixa\u00e7\u00e3o \u00e9 f\u00e1cil e pr\u00e1tica, n\u00e3o fica torta e aparente, deixando os ambientes muito mais agrad\u00e1veis. Ela ainda n\u00e3o ret\u00e9m poeira e pode ser instalada em paredes de madeira, sendo uma excelente op\u00e7\u00e3o para sua casa!<\/p>\n","protected":false},"excerpt":{"rendered":"<h4 style=\"margin: 0px;padding: 0px 0px 16px;font-family: Lato, sans-serif;font-weight: bold;line-height: 3rem;color: var(--dark-grey3);font-size: 22px;font-style: normal;letter-spacing: normal;text-align: start;text-indent: 0px;text-transform: none\">Informa\u00e7\u00f5es t\u00e9cnicas<\/h4>\n<p><span style=\"margin: 0px;padding: 0px;font-weight: 450;font-size: 14px;line-height: 21px;color: var(--dark-grey2);font-family: Lato, sans-serif;font-style: normal;letter-spacing: normal;text-align: start;text-indent: 0px;text-transform: none\">Peso\t0,03 kg<br \/>\nGarantia\t90 dias de garantia legal<\/span><\/p>\n","protected":false},"featured_media":27448,"template":"","meta":{"_joinchat":[]},"product_brand":[],"product_cat":[144],"product_tag":[],"class_list":{"0":"post-11976","1":"product","2":"type-product","3":"status-publish","4":"has-post-thumbnail","6":"product_cat-tomadas-e-cia","8":"first","9":"instock","10":"shipping-taxable","11":"purchasable","12":"product-type-simple"},"_links":{"self":[{"href":"https:\/\/www.multicasa.com.br\/cuiaba\/wp-json\/wp\/v2\/product\/11976","targetHints":{"allow":["GET"]}}],"collection":[{"href":"https:\/\/www.multicasa.com.br\/cuiaba\/wp-json\/wp\/v2\/product"}],"about":[{"href":"https:\/\/www.multicasa.com.br\/cuiaba\/wp-json\/wp\/v2\/types\/product"}],"wp:featuredmedia":[{"embeddable":true,"href":"https:\/\/www.multicasa.com.br\/cuiaba\/wp-json\/wp\/v2\/media\/27448"}],"wp:attachment":[{"href":"https:\/\/www.multicasa.com.br\/cuiaba\/wp-json\/wp\/v2\/media?parent=11976"}],"wp:term":[{"taxonomy":"product_brand","embeddable":true,"href":"https:\/\/www.multicasa.com.br\/cuiaba\/wp-json\/wp\/v2\/product_brand?post=11976"},{"taxonomy":"product_cat","embeddable":true,"href":"https:\/\/www.multicasa.com.br\/cuiaba\/wp-json\/wp\/v2\/product_cat?post=11976"},{"taxonomy":"product_tag","embeddable":true,"href":"https:\/\/www.multicasa.com.br\/cuiaba\/wp-json\/wp\/v2\/product_tag?post=11976"}],"curies":[{"name":"wp","href":"https:\/\/api.w.org\/{rel}","templated":true}]}}