{"id":11979,"date":"2025-06-20T18:12:56","date_gmt":"2025-06-20T22:12:56","guid":{"rendered":"http:\/\/www.multicasa.com.br\/cuiaba\/?post_type=product&#038;p=11979"},"modified":"2026-04-16T16:50:56","modified_gmt":"2026-04-16T20:50:56","slug":"interruptor-aria-4x2-2-simples1-tomada-bc-tramontina","status":"publish","type":"product","link":"https:\/\/www.multicasa.com.br\/cuiaba\/produto\/interruptor-aria-4x2-2-simples1-tomada-bc-tramontina\/","title":{"rendered":"Interruptor Aria 4X2 2 Simples+1 Tomada Bc Tramontina<br>SKU: 2095420"},"content":{"rendered":"<p>Utilize o Conjunto 4&#215;2 com 2 Interruptores Simples 6 A 250V e 1 Tomada 2P+T 20 A 250V Tramontina \u00e1rea Branco e tenha um item completo para ligar equipamentos el\u00e9tricos e eletr\u00f4nicos e ainda acender as luzes do ambiente. Produzido em termopl\u00e1stico com acabamento brilho na cor branca, ele possui sistema modular com o suporte incorporado e furo oblongo que facilita a fixa\u00e7\u00e3o e a regulagem da placa \u00e0 parede, deixando-a reta; al\u00e9m disso, sua instala\u00e7\u00e3o n\u00e3o fica aparente, o que deixa seu c\u00f4modo ainda mais bonito. Um item ideal para sua casa, que acompanha suporte e parafusos para a instala\u00e7\u00e3o!<\/p>\n","protected":false},"excerpt":{"rendered":"<h4 style=\"margin: 0px;padding: 0px 0px 16px;font-family: Lato, sans-serif;font-weight: bold;line-height: 3rem;color: var(--dark-grey3);font-size: 22px;font-style: normal;letter-spacing: normal;text-align: start;text-indent: 0px;text-transform: none\">Informa\u00e7\u00f5es t\u00e9cnicas<\/h4>\n<p><span style=\"margin: 0px;padding: 0px;font-weight: 450;font-size: 14px;line-height: 21px;color: var(--dark-grey2);font-family: Lato, sans-serif;font-style: normal;letter-spacing: normal;text-align: start;text-indent: 0px;text-transform: none\">Produto: INTERRUPTOR aria 4X2 2TS+1TO BC TR<br \/>\nMarca: Tramontina<br \/>\nMaterial: termopl\u00e1stico<br \/>\nCor: Branco<br \/>\nDimens\u00f5es<br \/>\n8 x 12cm&#8221;<\/span><\/p>\n","protected":false},"featured_media":27339,"template":"","meta":{"_joinchat":[]},"product_brand":[],"product_cat":[144],"product_tag":[],"class_list":{"0":"post-11979","1":"product","2":"type-product","3":"status-publish","4":"has-post-thumbnail","6":"product_cat-tomadas-e-cia","8":"first","9":"instock","10":"shipping-taxable","11":"purchasable","12":"product-type-simple"},"_links":{"self":[{"href":"https:\/\/www.multicasa.com.br\/cuiaba\/wp-json\/wp\/v2\/product\/11979","targetHints":{"allow":["GET"]}}],"collection":[{"href":"https:\/\/www.multicasa.com.br\/cuiaba\/wp-json\/wp\/v2\/product"}],"about":[{"href":"https:\/\/www.multicasa.com.br\/cuiaba\/wp-json\/wp\/v2\/types\/product"}],"wp:featuredmedia":[{"embeddable":true,"href":"https:\/\/www.multicasa.com.br\/cuiaba\/wp-json\/wp\/v2\/media\/27339"}],"wp:attachment":[{"href":"https:\/\/www.multicasa.com.br\/cuiaba\/wp-json\/wp\/v2\/media?parent=11979"}],"wp:term":[{"taxonomy":"product_brand","embeddable":true,"href":"https:\/\/www.multicasa.com.br\/cuiaba\/wp-json\/wp\/v2\/product_brand?post=11979"},{"taxonomy":"product_cat","embeddable":true,"href":"https:\/\/www.multicasa.com.br\/cuiaba\/wp-json\/wp\/v2\/product_cat?post=11979"},{"taxonomy":"product_tag","embeddable":true,"href":"https:\/\/www.multicasa.com.br\/cuiaba\/wp-json\/wp\/v2\/product_tag?post=11979"}],"curies":[{"name":"wp","href":"https:\/\/api.w.org\/{rel}","templated":true}]}}