{"id":11981,"date":"2025-06-20T18:12:56","date_gmt":"2025-06-20T22:12:56","guid":{"rendered":"http:\/\/www.multicasa.com.br\/cuiaba\/?post_type=product&#038;p=11981"},"modified":"2026-04-10T10:20:13","modified_gmt":"2026-04-10T14:20:13","slug":"miolo-aria-1-tomada-20a-bc-tramontina","status":"publish","type":"product","link":"https:\/\/www.multicasa.com.br\/cuiaba\/produto\/miolo-aria-1-tomada-20a-bc-tramontina\/","title":{"rendered":"Miolo Aria 1 Tomada 20A Bc Tramontina<br>SKU: 2095428"},"content":{"rendered":"<p>O M\u00f3dulo Tomada 2P+T Tramontina \u00e1rea 20 A 250V Branco \u00e9 a escolha perfeita para adicionar maior seguran\u00e7a e qualidade em sua casa. Ele \u00e9 fabricado em termopl\u00e1stico antichama, vem na cor branca e conta com acabamento brilho, caracter\u00edsticas que garantem ambientes muito mais agrad\u00e1veis. A escolha ideal para completar as placas da linha \u00e1rea!.<\/p>\n","protected":false},"excerpt":{"rendered":"<h4 style=\"margin: 0px;padding: 0px 0px 16px;font-family: Lato, sans-serif;font-weight: bold;line-height: 3rem;color: var(--dark-grey3);font-size: 22px;font-style: normal;letter-spacing: normal;text-align: start;text-indent: 0px;text-transform: none\">Informa\u00e7\u00f5es t\u00e9cnicas<\/h4>\n<p><span style=\"margin: 0px;padding: 0px;font-weight: 450;font-size: 14px;line-height: 21px;color: var(--dark-grey2);font-family: Lato, sans-serif;font-style: normal;letter-spacing: normal;text-align: start;text-indent: 0px;text-transform: none\">Produto: MIOLO \u00e1rea 1TO 20A BC TRAMONTINA<br \/>\nMarca: Tramontina<br \/>\nMaterial: termopl\u00e1stico antichama<br \/>\nCor: Branco<br \/>\nDimens\u00f5es<br \/>\nComprimento: 46 mm<br \/>\nLargura: 20 mm<br \/>\nAltura:\t35 mm<\/span><\/p>\n","protected":false},"featured_media":25567,"template":"","meta":{"_joinchat":[]},"product_brand":[],"product_cat":[144],"product_tag":[],"class_list":{"0":"post-11981","1":"product","2":"type-product","3":"status-publish","4":"has-post-thumbnail","6":"product_cat-tomadas-e-cia","8":"first","9":"instock","10":"shipping-taxable","11":"purchasable","12":"product-type-simple"},"_links":{"self":[{"href":"https:\/\/www.multicasa.com.br\/cuiaba\/wp-json\/wp\/v2\/product\/11981","targetHints":{"allow":["GET"]}}],"collection":[{"href":"https:\/\/www.multicasa.com.br\/cuiaba\/wp-json\/wp\/v2\/product"}],"about":[{"href":"https:\/\/www.multicasa.com.br\/cuiaba\/wp-json\/wp\/v2\/types\/product"}],"wp:featuredmedia":[{"embeddable":true,"href":"https:\/\/www.multicasa.com.br\/cuiaba\/wp-json\/wp\/v2\/media\/25567"}],"wp:attachment":[{"href":"https:\/\/www.multicasa.com.br\/cuiaba\/wp-json\/wp\/v2\/media?parent=11981"}],"wp:term":[{"taxonomy":"product_brand","embeddable":true,"href":"https:\/\/www.multicasa.com.br\/cuiaba\/wp-json\/wp\/v2\/product_brand?post=11981"},{"taxonomy":"product_cat","embeddable":true,"href":"https:\/\/www.multicasa.com.br\/cuiaba\/wp-json\/wp\/v2\/product_cat?post=11981"},{"taxonomy":"product_tag","embeddable":true,"href":"https:\/\/www.multicasa.com.br\/cuiaba\/wp-json\/wp\/v2\/product_tag?post=11981"}],"curies":[{"name":"wp","href":"https:\/\/api.w.org\/{rel}","templated":true}]}}