{"id":11982,"date":"2025-06-20T18:12:56","date_gmt":"2025-06-20T22:12:56","guid":{"rendered":"http:\/\/www.multicasa.com.br\/cuiaba\/?post_type=product&#038;p=11982"},"modified":"2025-09-18T09:22:35","modified_gmt":"2025-09-18T13:22:35","slug":"salva-piso-kraft-100x25m-salvabras","status":"publish","type":"product","link":"https:\/\/www.multicasa.com.br\/cuiaba\/produto\/salva-piso-kraft-100x25m-salvabras\/","title":{"rendered":"Salva Piso Kraft 1,00X25M Salvabras<br>SKU: 2096441"},"content":{"rendered":"<p>O kraft Pintura \u00e9 ideal para prote\u00e7\u00f5es do piso durante a pintura, evitando riscos e arranh\u00f5es muito comum nesta fase da constru\u00e7\u00e3o. \u00c9 uma prote\u00e7\u00e3o mais econ\u00f4mica da linha Salvabras, mantendo a obra limpa, organizada. Resistente e econ\u00f4mico, indicado para qualquer tipo de piso, garantindo uma pintura limpa e organizada, protegendo todo o ambiente, evitando dor de cabe\u00e7a e economia na limpeza p\u00f3s obra.<\/p>\n","protected":false},"excerpt":{"rendered":"<h4 style=\"margin: 0px;padding: 0px 0px 16px;font-family: Lato, sans-serif;font-weight: bold;line-height: 3rem;color: var(--dark-grey3);font-size: 22px;font-style: normal;letter-spacing: normal;text-align: start;text-indent: 0px;text-transform: none\">Informa\u00e7\u00f5es t\u00e9cnicas<\/h4>\n<p><span style=\"margin: 0px;padding: 0px;font-weight: 450;font-size: 14px;line-height: 21px;color: var(--dark-grey2);font-family: Lato, sans-serif;font-style: normal;letter-spacing: normal;text-align: start;text-indent: 0px;text-transform: none\">Produto: SALVA PISO KRAFT 1,00X25M SALVABRAS<br \/>\nMarca: Salvabras<br \/>\nMaterial: Plastificado<br \/>\nCor: Marrom<br \/>\nCaracter\u00edsticas: Kraft plastificado, imperme\u00e1vel e absorvente, protegendo contra respingos de tinta e poeira nas superf\u00edcies protegidas.<br \/>\nMedidas<br \/>\nMetro linear: 25<br \/>\nCobertura(m\u00b2): 25<\/span><\/p>\n","protected":false},"featured_media":27479,"template":"","meta":{"_joinchat":[]},"product_brand":[],"product_cat":[147],"product_tag":[],"class_list":{"0":"post-11982","1":"product","2":"type-product","3":"status-publish","4":"has-post-thumbnail","6":"product_cat-basicos","8":"first","9":"instock","10":"shipping-taxable","11":"purchasable","12":"product-type-simple"},"_links":{"self":[{"href":"https:\/\/www.multicasa.com.br\/cuiaba\/wp-json\/wp\/v2\/product\/11982","targetHints":{"allow":["GET"]}}],"collection":[{"href":"https:\/\/www.multicasa.com.br\/cuiaba\/wp-json\/wp\/v2\/product"}],"about":[{"href":"https:\/\/www.multicasa.com.br\/cuiaba\/wp-json\/wp\/v2\/types\/product"}],"wp:featuredmedia":[{"embeddable":true,"href":"https:\/\/www.multicasa.com.br\/cuiaba\/wp-json\/wp\/v2\/media\/27479"}],"wp:attachment":[{"href":"https:\/\/www.multicasa.com.br\/cuiaba\/wp-json\/wp\/v2\/media?parent=11982"}],"wp:term":[{"taxonomy":"product_brand","embeddable":true,"href":"https:\/\/www.multicasa.com.br\/cuiaba\/wp-json\/wp\/v2\/product_brand?post=11982"},{"taxonomy":"product_cat","embeddable":true,"href":"https:\/\/www.multicasa.com.br\/cuiaba\/wp-json\/wp\/v2\/product_cat?post=11982"},{"taxonomy":"product_tag","embeddable":true,"href":"https:\/\/www.multicasa.com.br\/cuiaba\/wp-json\/wp\/v2\/product_tag?post=11982"}],"curies":[{"name":"wp","href":"https:\/\/api.w.org\/{rel}","templated":true}]}}