{"id":11985,"date":"2025-06-20T18:13:02","date_gmt":"2025-06-20T22:13:02","guid":{"rendered":"http:\/\/www.multicasa.com.br\/cuiaba\/?post_type=product&#038;p=11985"},"modified":"2025-12-02T16:14:53","modified_gmt":"2025-12-02T20:14:53","slug":"fita-led-127v-48w-ip65-1m-6-0k-gaya","status":"publish","type":"product","link":"https:\/\/www.multicasa.com.br\/cuiaba\/produto\/fita-led-127v-48w-ip65-1m-6-0k-gaya\/","title":{"rendered":"Fita Led 127V 4,8W Ip65 1M 6.0K Gaya<br>SKU: 2098590"},"content":{"rendered":"<p>A fita led 127V 4,8W da Gaya tem como principal objetivo real\u00e7ar elementos da arquitetura e da decora\u00e7\u00e3o com uma luz suave, discreta e indireta. Sendo assim, os locais preferidos para a coloca\u00e7\u00e3o do material s\u00e3o as sancas de gesso, corredores, escadas, m\u00f3veis, espelhos e nichos.<\/p>\n","protected":false},"excerpt":{"rendered":"<h4 style=\"margin: 0px;padding: 0px 0px 16px;font-family: Lato, sans-serif;font-weight: bold;line-height: 3rem;color: var(--dark-grey3);font-size: 22px;font-style: normal;letter-spacing: normal;text-align: start;text-indent: 0px;text-transform: none\">Informa\u00e7\u00f5es t\u00e9cnicas<\/h4>\n<p><span style=\"margin: 0px;padding: 0px;font-weight: 450;font-size: 14px;line-height: 21px;color: var(--dark-grey2);font-family: Lato, sans-serif;font-style: normal;letter-spacing: normal;text-align: start;text-indent: 0px;text-transform: none\">Produto: FITA LED 127V 4,8W IP65 1M 6.0K GA<br \/>\nMarca: Dican<br \/>\nMaterial: Pl\u00e1stico<br \/>\nCor: Branco<br \/>\nCaracter\u00edsticas:<br \/>\n-Efic\u00e1cia luminosa: 75,00 lm\/W<br \/>\n-\u00c2ngulo de abertura: 120\u00b0<br \/>\n-IRC: 70<br \/>\n-Fonte de luz: SMD 3528<br \/>\n-Grau de prote\u00e7\u00e3o: IP65<br \/>\n-Frequ\u00eancia: 50Hz\/60Hz<br \/>\n-Temperatura operacional: 45\u00b0C<br \/>\n-Temperatura ambiente: -20+50\u00b0C<br \/>\n-Evitar uso em temperaturas: &gt;55\u00b0C<br \/>\n-Peso: 6,50kg<br \/>\n-Sistema de fixa\u00e7\u00e3o: Abra\u00e7adeira para fitas direto na rede 3528<br \/>\n-Corrente de alimenta\u00e7\u00e3o: 62,6 mA<br \/>\n-Tens\u00e3o de alimenta\u00e7\u00e3o: 110V \/ 220V<br \/>\n-Fator Pot\u00eancia: &gt; 0,90<br \/>\n-Prote\u00e7\u00e3o do LED: Policarbonato<br \/>\n-Vida \u00fatil do LED: 25000H<br \/>\nDimens\u00f5es: 0,5 x 1 cm (Rolo de 100m)<\/span><\/p>\n","protected":false},"featured_media":25212,"template":"","meta":{"_joinchat":[]},"product_brand":[],"product_cat":[157],"product_tag":[],"class_list":{"0":"post-11985","1":"product","2":"type-product","3":"status-publish","4":"has-post-thumbnail","6":"product_cat-leds-decorativos","8":"first","9":"instock","10":"shipping-taxable","11":"purchasable","12":"product-type-simple"},"_links":{"self":[{"href":"https:\/\/www.multicasa.com.br\/cuiaba\/wp-json\/wp\/v2\/product\/11985","targetHints":{"allow":["GET"]}}],"collection":[{"href":"https:\/\/www.multicasa.com.br\/cuiaba\/wp-json\/wp\/v2\/product"}],"about":[{"href":"https:\/\/www.multicasa.com.br\/cuiaba\/wp-json\/wp\/v2\/types\/product"}],"wp:featuredmedia":[{"embeddable":true,"href":"https:\/\/www.multicasa.com.br\/cuiaba\/wp-json\/wp\/v2\/media\/25212"}],"wp:attachment":[{"href":"https:\/\/www.multicasa.com.br\/cuiaba\/wp-json\/wp\/v2\/media?parent=11985"}],"wp:term":[{"taxonomy":"product_brand","embeddable":true,"href":"https:\/\/www.multicasa.com.br\/cuiaba\/wp-json\/wp\/v2\/product_brand?post=11985"},{"taxonomy":"product_cat","embeddable":true,"href":"https:\/\/www.multicasa.com.br\/cuiaba\/wp-json\/wp\/v2\/product_cat?post=11985"},{"taxonomy":"product_tag","embeddable":true,"href":"https:\/\/www.multicasa.com.br\/cuiaba\/wp-json\/wp\/v2\/product_tag?post=11985"}],"curies":[{"name":"wp","href":"https:\/\/api.w.org\/{rel}","templated":true}]}}