{"id":11993,"date":"2025-06-20T18:13:03","date_gmt":"2025-06-20T22:13:03","guid":{"rendered":"http:\/\/www.multicasa.com.br\/cuiaba\/?post_type=product&#038;p=11993"},"modified":"2026-04-20T17:21:01","modified_gmt":"2026-04-20T21:21:01","slug":"filtro-de-linha-6tom-12m-biv-pt-qualitronix","status":"publish","type":"product","link":"https:\/\/www.multicasa.com.br\/cuiaba\/produto\/filtro-de-linha-6tom-12m-biv-pt-qualitronix\/","title":{"rendered":"FILTRO DE LINHA 6TOM. 1,2M BIV. PT QUALITRONIX<br>SKU: 2112371"},"content":{"rendered":"<p>O filtro de linha protege seu aparelho, pois o Circuit Breaker \u00e9 um disjuntor que ao perceber sobrecarga desliga automaticamente. Ap\u00f3s sanar o problema da sobrecarga, para se religar, \u00e9 necess\u00e1rio somente resetar\/religar a chave Circuit Breaker.<\/p>\n","protected":false},"excerpt":{"rendered":"<h4 style=\"margin: 0px;padding: 0px 0px 16px;font-family: Lato, sans-serif;font-weight: bold;line-height: 3rem;color: var(--dark-grey3);font-size: 22px;font-style: normal;letter-spacing: normal;text-align: start;text-indent: 0px;text-transform: none\">Informa\u00e7\u00f5es t\u00e9cnicas<\/h4>\n<p><span style=\"margin: 0px;padding: 0px;font-weight: 450;font-size: 14px;line-height: 21px;color: var(--dark-grey2);font-family: Lato, sans-serif;font-style: normal;letter-spacing: normal;text-align: start;text-indent: 0px;text-transform: none\">Frequ\u00eancia de trabalho: 50\/60 Hz; Pino 2P+T \/ Bivolt \/ Chave Circuit Breaker.<br \/>\nTens\u00e3o de sa\u00edda igual \u00e0 tens\u00e3o de entrada. Plugues e tomadas conforme NBR60884 e NBR14136, e cabo de for\u00e7a conforme NBR247-5 da ABNT.<br \/>\nBivolt<br \/>\n6 tomadas<br \/>\n1,20 Metro de cabo<\/span><\/p>\n","protected":false},"featured_media":25192,"template":"","meta":{"_joinchat":[]},"product_brand":[],"product_cat":[120],"product_tag":[],"class_list":{"0":"post-11993","1":"product","2":"type-product","3":"status-publish","4":"has-post-thumbnail","6":"product_cat-extencoes-e-cia","8":"first","9":"instock","10":"shipping-taxable","11":"purchasable","12":"product-type-simple"},"_links":{"self":[{"href":"https:\/\/www.multicasa.com.br\/cuiaba\/wp-json\/wp\/v2\/product\/11993","targetHints":{"allow":["GET"]}}],"collection":[{"href":"https:\/\/www.multicasa.com.br\/cuiaba\/wp-json\/wp\/v2\/product"}],"about":[{"href":"https:\/\/www.multicasa.com.br\/cuiaba\/wp-json\/wp\/v2\/types\/product"}],"wp:featuredmedia":[{"embeddable":true,"href":"https:\/\/www.multicasa.com.br\/cuiaba\/wp-json\/wp\/v2\/media\/25192"}],"wp:attachment":[{"href":"https:\/\/www.multicasa.com.br\/cuiaba\/wp-json\/wp\/v2\/media?parent=11993"}],"wp:term":[{"taxonomy":"product_brand","embeddable":true,"href":"https:\/\/www.multicasa.com.br\/cuiaba\/wp-json\/wp\/v2\/product_brand?post=11993"},{"taxonomy":"product_cat","embeddable":true,"href":"https:\/\/www.multicasa.com.br\/cuiaba\/wp-json\/wp\/v2\/product_cat?post=11993"},{"taxonomy":"product_tag","embeddable":true,"href":"https:\/\/www.multicasa.com.br\/cuiaba\/wp-json\/wp\/v2\/product_tag?post=11993"}],"curies":[{"name":"wp","href":"https:\/\/api.w.org\/{rel}","templated":true}]}}