{"id":11998,"date":"2025-06-20T18:13:03","date_gmt":"2025-06-20T22:13:03","guid":{"rendered":"http:\/\/www.multicasa.com.br\/cuiaba\/?post_type=product&#038;p=11998"},"modified":"2026-04-10T09:30:18","modified_gmt":"2026-04-10T13:30:18","slug":"torneira-de-jardim-nova-pertutti-3-4-docol","status":"publish","type":"product","link":"https:\/\/www.multicasa.com.br\/cuiaba\/produto\/torneira-de-jardim-nova-pertutti-3-4-docol\/","title":{"rendered":"Torneira De Jardim Nova Pertutti 3\/4 Docol<br>SKU: 2113299"},"content":{"rendered":"<p>O principal benef\u00edcio desse produto \u00e9 a durabilidade e resist\u00eancia. A nossa torneira para jardim pode ser instalada em ambientes externos sem a preocupa\u00e7\u00e3o com desgaste imediato. O desenho desse produto foi pensado para proporcionar a melhor experi\u00eancia com a \u00e1gua,e o volante torna a pega mais f\u00e1cil.\u00c9 um produto bonito e moderno para compor qualquer ambiente.<\/p>\n","protected":false},"excerpt":{"rendered":"<h4 style=\"margin: 0px;padding: 0px 0px 16px;font-family: Lato, sans-serif;font-weight: bold;line-height: 3rem;color: var(--dark-grey3);font-size: 22px;font-style: normal;letter-spacing: normal;text-align: start;text-indent: 0px;text-transform: none\">Informa\u00e7\u00f5es t\u00e9cnicas<\/h4>\n<p><span style=\"margin: 0px;padding: 0px;font-weight: 450;font-size: 14px;line-height: 21px;color: var(--dark-grey2);font-family: Lato, sans-serif;font-style: normal;letter-spacing: normal;text-align: start;text-indent: 0px;text-transform: none\">sobre).<br \/>\nCor: Cromado<br \/>\nCaracter\u00edsticas<br \/>\n&#8211; Acabamento mais duradouro;<br \/>\n&#8211; Garantia toda vida.<br \/>\nDimens\u00f5es<br \/>\nComprimento do produto: 98 mm<\/p>\n<p>Altura do produto: 101 mm<\/p>\n<p>Largura do produto: 58 mm<\/p>\n<p>Peso L\u00edquido: 0,27 kg<\/p>\n<p>Peso Bruto: 0,27 kg<\/span><\/p>\n","protected":false},"featured_media":27513,"template":"","meta":{"_joinchat":[]},"product_brand":[],"product_cat":[67],"product_tag":[],"class_list":{"0":"post-11998","1":"product","2":"type-product","3":"status-publish","4":"has-post-thumbnail","6":"product_cat-torneiras-e-cia","8":"first","9":"instock","10":"shipping-taxable","11":"purchasable","12":"product-type-simple"},"_links":{"self":[{"href":"https:\/\/www.multicasa.com.br\/cuiaba\/wp-json\/wp\/v2\/product\/11998","targetHints":{"allow":["GET"]}}],"collection":[{"href":"https:\/\/www.multicasa.com.br\/cuiaba\/wp-json\/wp\/v2\/product"}],"about":[{"href":"https:\/\/www.multicasa.com.br\/cuiaba\/wp-json\/wp\/v2\/types\/product"}],"wp:featuredmedia":[{"embeddable":true,"href":"https:\/\/www.multicasa.com.br\/cuiaba\/wp-json\/wp\/v2\/media\/27513"}],"wp:attachment":[{"href":"https:\/\/www.multicasa.com.br\/cuiaba\/wp-json\/wp\/v2\/media?parent=11998"}],"wp:term":[{"taxonomy":"product_brand","embeddable":true,"href":"https:\/\/www.multicasa.com.br\/cuiaba\/wp-json\/wp\/v2\/product_brand?post=11998"},{"taxonomy":"product_cat","embeddable":true,"href":"https:\/\/www.multicasa.com.br\/cuiaba\/wp-json\/wp\/v2\/product_cat?post=11998"},{"taxonomy":"product_tag","embeddable":true,"href":"https:\/\/www.multicasa.com.br\/cuiaba\/wp-json\/wp\/v2\/product_tag?post=11998"}],"curies":[{"name":"wp","href":"https:\/\/api.w.org\/{rel}","templated":true}]}}