{"id":12001,"date":"2025-06-20T18:13:04","date_gmt":"2025-06-20T22:13:04","guid":{"rendered":"http:\/\/www.multicasa.com.br\/cuiaba\/?post_type=product&#038;p=12001"},"modified":"2025-12-16T18:46:43","modified_gmt":"2025-12-16T22:46:43","slug":"ventilador-parede-60cm-150w-bivolt-pt-ventidelta","status":"publish","type":"product","link":"https:\/\/www.multicasa.com.br\/cuiaba\/produto\/ventilador-parede-60cm-150w-bivolt-pt-ventidelta\/","title":{"rendered":"Ventilador Parede 60Cm 150W Bivolt Pt Ventidelta<br>SKU: 2113893"},"content":{"rendered":"<p>Ventilador de parede Venti-Delta 796425 preto com 3 p\u00e1s, 60cm de di\u00e2metro 110V\/220V &#8211; VENTIDELTA. Ar limpo em seus ambientes! O ventilador Venti-Delta 796425 \u00e9 um elemento \u00fatil para dar a sensa\u00e7\u00e3o de frescura em sua casa. Pare de se preocupar em ventilar e resfriar os diferentes espa\u00e7os. Gra\u00e7as ao seu \u00f3timo desempenho, a sensa\u00e7\u00e3o t\u00e9rmica do local diminui rapidamente. \u00c9 um dispositivo pr\u00e1tico, f\u00e1cil de montar e instalar.<\/p>\n","protected":false},"excerpt":{"rendered":"<h4 style=\"margin: 0px;padding: 0px 0px 16px;font-family: Lato, sans-serif;font-weight: bold;line-height: 3rem;color: var(--dark-grey3);font-size: 22px;font-style: normal;letter-spacing: normal;text-align: start;text-indent: 0px;text-transform: none\">Informa\u00e7\u00f5es t\u00e9cnicas<\/h4>\n<p><span style=\"margin: 0px;padding: 0px;font-weight: 450;font-size: 14px;line-height: 21px;color: var(--dark-grey2);font-family: Lato, sans-serif;font-style: normal;letter-spacing: normal;text-align: start;text-indent: 0px;text-transform: none\">Produto: VENTILADOR PAR.60CM 150W BIV.PT DEL<br \/>\nMarca: Venti-Delta<br \/>\nMaterial: Alum\u00ednio<br \/>\nCor: Preto<br \/>\nCaracter\u00edsticas<br \/>\n&#8211; Inclui controle remoto: N\u00e3o<br \/>\n&#8211; Com luz: N\u00e3o<br \/>\n&#8211; Pot\u00eancia: 150 W<br \/>\n&#8211; Alimenta\u00e7\u00e3o: Corrente direta<br \/>\n&#8211; \u00c9 industrial: N\u00e3o<br \/>\n&#8211; Com luzes LED: N\u00e3o<br \/>\n&#8211; Com grade girat\u00f3rio: N\u00e3o<br \/>\n&#8211; Com altura ajust\u00e1vel: N\u00e3o<br \/>\n&#8211; Inclui interruptor de luz: N\u00e3o<br \/>\nDiametro<br \/>\n60 cm<\/span><\/p>\n","protected":false},"featured_media":26280,"template":"","meta":{"_joinchat":[]},"product_brand":[],"product_cat":[149],"product_tag":[],"class_list":{"0":"post-12001","1":"product","2":"type-product","3":"status-publish","4":"has-post-thumbnail","6":"product_cat-ventiladores-comerciais","8":"first","9":"instock","10":"shipping-taxable","11":"purchasable","12":"product-type-simple"},"_links":{"self":[{"href":"https:\/\/www.multicasa.com.br\/cuiaba\/wp-json\/wp\/v2\/product\/12001","targetHints":{"allow":["GET"]}}],"collection":[{"href":"https:\/\/www.multicasa.com.br\/cuiaba\/wp-json\/wp\/v2\/product"}],"about":[{"href":"https:\/\/www.multicasa.com.br\/cuiaba\/wp-json\/wp\/v2\/types\/product"}],"wp:featuredmedia":[{"embeddable":true,"href":"https:\/\/www.multicasa.com.br\/cuiaba\/wp-json\/wp\/v2\/media\/26280"}],"wp:attachment":[{"href":"https:\/\/www.multicasa.com.br\/cuiaba\/wp-json\/wp\/v2\/media?parent=12001"}],"wp:term":[{"taxonomy":"product_brand","embeddable":true,"href":"https:\/\/www.multicasa.com.br\/cuiaba\/wp-json\/wp\/v2\/product_brand?post=12001"},{"taxonomy":"product_cat","embeddable":true,"href":"https:\/\/www.multicasa.com.br\/cuiaba\/wp-json\/wp\/v2\/product_cat?post=12001"},{"taxonomy":"product_tag","embeddable":true,"href":"https:\/\/www.multicasa.com.br\/cuiaba\/wp-json\/wp\/v2\/product_tag?post=12001"}],"curies":[{"name":"wp","href":"https:\/\/api.w.org\/{rel}","templated":true}]}}