{"id":12004,"date":"2025-06-20T18:13:04","date_gmt":"2025-06-20T22:13:04","guid":{"rendered":"http:\/\/www.multicasa.com.br\/cuiaba\/?post_type=product&#038;p=12004"},"modified":"2026-03-23T14:51:29","modified_gmt":"2026-03-23T18:51:29","slug":"ducha-higienica-nova-pertutti-gatilho-branco-docol","status":"publish","type":"product","link":"https:\/\/www.multicasa.com.br\/cuiaba\/produto\/ducha-higienica-nova-pertutti-gatilho-branco-docol\/","title":{"rendered":"Ducha Higi\u00eanica Nova Pertutti Gatilho Branco Docol<br>SKU: 2114132"},"content":{"rendered":"<p>Com um cabo flex\u00edvel e de extens\u00e3o perfeita para uma ducha higi\u00eanica, o produto dessa linha proporciona conforto e liberdade para voc\u00ea instalar o produto onde quiser. A ducha higi\u00eanica proporciona harmonia nos projetos, visto que combina com os metais escolhidos para compor seu banheiro. A ducha, por fim, \u00e9 perfeita para ambientes pequenos, que n\u00e3o abrem m\u00e3o da higieniza\u00e7\u00e3o mesmo com pouco espa\u00e7o.<\/p>\n","protected":false},"excerpt":{"rendered":"<h4 style=\"margin: 0px;padding: 0px 0px 16px;font-family: Lato, sans-serif;font-weight: bold;line-height: 3rem;color: var(--dark-grey3);font-size: 22px;font-style: normal;letter-spacing: normal;text-align: start;text-indent: 0px;text-transform: none\">Informa\u00e7\u00f5es t\u00e9cnicas<\/h4>\n<p><span style=\"margin: 0px;padding: 0px;font-weight: 450;font-size: 14px;line-height: 21px;color: var(--dark-grey2);font-family: Lato, sans-serif;font-style: normal;letter-spacing: normal;text-align: start;text-indent: 0px;text-transform: none\">PRODUTO: DUCHA HIGI\u00caNICA NOVA PERTUTTI GATILHO BRANCO DOCOL<br \/>\nMARCA: Docol<br \/>\nMATERIAL: Cer\u00e2mica, ligas de cobre, elast\u00f4meros, pl\u00e1stico de engenharia e zamac (ligas de zinco, alum\u00ednio, magn\u00e9sio e cobre).<br \/>\nCOR: Branca<br \/>\nCARACTER\u00cdSTICAS:<br \/>\n\u0095 Acabamento mais duradouro;<br \/>\n\u0095 Garantia toda vida.<br \/>\n\u0095 Sistema de abertura: 1\/4 Volta, Linear<br \/>\n\u0095 Tecnologias: Garantia Toda Vida, Acabamento bin\u00edquel, Cartucho com veda\u00e7\u00e3o cer\u00e2mica, 1\/4 de volta<br \/>\n\u0095 Arejador: Spray Embutir<br \/>\n\u0095 Bitola: 1\/2&#8243; &#8211; DN 15<br \/>\n\u0095 Classe de press\u00e3o: 2 a 40 m.c.a<br \/>\n\u0095 Temperatura m\u00e1xima da \u00e1gua: 70\u00b0C<br \/>\n\u0095 Norma: NBR 14877<br \/>\n\u0095 Conte\u00fado da embalagem: 1 suporte, 1 ducha, 1 volante, 1 corpo, 1 anel oring, 1 restritor\/anel, 1 mangueira, 1 canopla, 1 cartucho<br \/>\n\u0095 Acionamento: 3 Pontas, Gatilho<br \/>\n\u0095 Tipo de Instala\u00e7\u00e3o: Parede<br \/>\nDIMENS\u00d5ES: Comprimento do produto: 72 mm<br \/>\nAltura do produto: 162 mm<br \/>\nLargura do produto: 46 mm<br \/>\nPeso L\u00edquido: 0,47 kg<br \/>\nPeso Bruto: 0,49 kg<\/span><\/p>\n","protected":false},"featured_media":27302,"template":"","meta":{"_joinchat":[]},"product_brand":[],"product_cat":[67],"product_tag":[],"class_list":{"0":"post-12004","1":"product","2":"type-product","3":"status-publish","4":"has-post-thumbnail","6":"product_cat-torneiras-e-cia","8":"first","9":"instock","10":"shipping-taxable","11":"purchasable","12":"product-type-simple"},"_links":{"self":[{"href":"https:\/\/www.multicasa.com.br\/cuiaba\/wp-json\/wp\/v2\/product\/12004","targetHints":{"allow":["GET"]}}],"collection":[{"href":"https:\/\/www.multicasa.com.br\/cuiaba\/wp-json\/wp\/v2\/product"}],"about":[{"href":"https:\/\/www.multicasa.com.br\/cuiaba\/wp-json\/wp\/v2\/types\/product"}],"wp:featuredmedia":[{"embeddable":true,"href":"https:\/\/www.multicasa.com.br\/cuiaba\/wp-json\/wp\/v2\/media\/27302"}],"wp:attachment":[{"href":"https:\/\/www.multicasa.com.br\/cuiaba\/wp-json\/wp\/v2\/media?parent=12004"}],"wp:term":[{"taxonomy":"product_brand","embeddable":true,"href":"https:\/\/www.multicasa.com.br\/cuiaba\/wp-json\/wp\/v2\/product_brand?post=12004"},{"taxonomy":"product_cat","embeddable":true,"href":"https:\/\/www.multicasa.com.br\/cuiaba\/wp-json\/wp\/v2\/product_cat?post=12004"},{"taxonomy":"product_tag","embeddable":true,"href":"https:\/\/www.multicasa.com.br\/cuiaba\/wp-json\/wp\/v2\/product_tag?post=12004"}],"curies":[{"name":"wp","href":"https:\/\/api.w.org\/{rel}","templated":true}]}}