{"id":12005,"date":"2025-06-20T18:13:04","date_gmt":"2025-06-20T22:13:04","guid":{"rendered":"http:\/\/www.multicasa.com.br\/cuiaba\/?post_type=product&#038;p=12005"},"modified":"2026-04-06T12:00:58","modified_gmt":"2026-04-06T16:00:58","slug":"bomba-periferica-1-2-cv-127v-ferrari","status":"publish","type":"product","link":"https:\/\/www.multicasa.com.br\/cuiaba\/produto\/bomba-periferica-1-2-cv-127v-ferrari\/","title":{"rendered":"Bomba Perif\u00e9rica 1\/2 Cv 127V Ferrari<br>SKU: 2123005"},"content":{"rendered":"<p>A bomba perif\u00e9rica 1\/2CV 127V da ferrari \u00e9 uma motobomba que serve para transferir \u00e1gua limpa, ou seja, ela bombeia \u00e1gua de um reservat\u00f3rio natural para uma caixa d\u00b4\u00e1gua, por exemplo. \u00c9 o tipo de bomba de \u00e1gua com maior efic\u00e1cia para transportar \u00e1gua verticalmente. Ideal para po\u00e7os, reservat\u00f3rios, caixas d\u00e1gua, rios e cisternas. Abastecimento em resid\u00eancias, ind\u00fastrias e a agr\u00edcolas (pequenas irriga\u00e7\u00f5es).<\/p>\n","protected":false},"excerpt":{"rendered":"<h4 style=\"margin: 0px;padding: 0px 0px 16px;font-family: Lato, sans-serif;font-weight: bold;line-height: 3rem;color: var(--dark-grey3);font-size: 22px;font-style: normal;letter-spacing: normal;text-align: start;text-indent: 0px;text-transform: none\">Informa\u00e7\u00f5es t\u00e9cnicas<\/h4>\n<p><span style=\"margin: 0px;padding: 0px;font-weight: 450;font-size: 14px;line-height: 21px;color: var(--dark-grey2);font-family: Lato, sans-serif;font-style: normal;letter-spacing: normal;text-align: start;text-indent: 0px;text-transform: none\">Produto: BOMBA PERIF\u00c9RICA 1\/2CV 127V<br \/>\nMarca: Ferrari<br \/>\nMaterial: Alum\u00ednio<br \/>\nCor: Amarelo<br \/>\nCaracter\u00edsticas<br \/>\n&#8211; Motor IP-44 (Corpo em Alum\u00ednio) Baixo N\u00edvel de Ru\u00eddo Rotor em Bronze.<br \/>\n&#8211; Vaz\u00e3o (Q) : 1800 L\/h<br \/>\n&#8211; Altura Manom\u00e9trica (M\u00e1x)Hm: 22mca<br \/>\n&#8211; Pot\u00eancia do Motor: 1\/2 cv (370W)<br \/>\n&#8211; Altura de Suc\u00e7\u00e3o (M\u00e1x)- Hs: 8mca<br \/>\n&#8211; Entrada\/Sa\u00edda: (di\u00e2m)1 pol.<br \/>\n&#8211; Tens\u00e3o Nominal: 220 Volts<br \/>\n&#8211; Peso L\u00edquido\/Bruto: 3,58\/3,83 kg<br \/>\nmca &#8211; m de Coluna de \u00e1gua.<br \/>\nDimens\u00f5es da Embalagem [LxAxC]: 140 X 175 X 280 mm<\/span><\/p>\n","protected":false},"featured_media":24699,"template":"","meta":{"_joinchat":[]},"product_brand":[],"product_cat":[75],"product_tag":[],"class_list":{"0":"post-12005","1":"product","2":"type-product","3":"status-publish","4":"has-post-thumbnail","6":"product_cat-bombas-e-cia","8":"first","9":"instock","10":"sale","11":"shipping-taxable","12":"purchasable","13":"product-type-simple"},"_links":{"self":[{"href":"https:\/\/www.multicasa.com.br\/cuiaba\/wp-json\/wp\/v2\/product\/12005","targetHints":{"allow":["GET"]}}],"collection":[{"href":"https:\/\/www.multicasa.com.br\/cuiaba\/wp-json\/wp\/v2\/product"}],"about":[{"href":"https:\/\/www.multicasa.com.br\/cuiaba\/wp-json\/wp\/v2\/types\/product"}],"wp:featuredmedia":[{"embeddable":true,"href":"https:\/\/www.multicasa.com.br\/cuiaba\/wp-json\/wp\/v2\/media\/24699"}],"wp:attachment":[{"href":"https:\/\/www.multicasa.com.br\/cuiaba\/wp-json\/wp\/v2\/media?parent=12005"}],"wp:term":[{"taxonomy":"product_brand","embeddable":true,"href":"https:\/\/www.multicasa.com.br\/cuiaba\/wp-json\/wp\/v2\/product_brand?post=12005"},{"taxonomy":"product_cat","embeddable":true,"href":"https:\/\/www.multicasa.com.br\/cuiaba\/wp-json\/wp\/v2\/product_cat?post=12005"},{"taxonomy":"product_tag","embeddable":true,"href":"https:\/\/www.multicasa.com.br\/cuiaba\/wp-json\/wp\/v2\/product_tag?post=12005"}],"curies":[{"name":"wp","href":"https:\/\/api.w.org\/{rel}","templated":true}]}}