{"id":12011,"date":"2025-06-20T18:13:05","date_gmt":"2025-06-20T22:13:05","guid":{"rendered":"http:\/\/www.multicasa.com.br\/cuiaba\/?post_type=product&#038;p=12011"},"modified":"2026-04-16T17:30:23","modified_gmt":"2026-04-16T21:30:23","slug":"argamassa-cimentcola-ac3-20kg-branca-quaetzolit","status":"publish","type":"product","link":"https:\/\/www.multicasa.com.br\/cuiaba\/produto\/argamassa-cimentcola-ac3-20kg-branca-quaetzolit\/","title":{"rendered":"Argamassa Cimentcola Ac3 20Kg Branca Quaetzolit<br>SKU: 2123998"},"content":{"rendered":"<p>Cimentcola para sobreposi\u00e7\u00e3o e assentamento de porcelanatos, cer\u00e2micas, m\u00e1rmores, granitos e pedras naturais de uso interno e externo tipo ACIII, conforme NBR 14.081. <\/p>\n","protected":false},"excerpt":{"rendered":"<h4 style=\"margin: 0px;padding: 0px 0px 16px;font-family: Lato, sans-serif;font-weight: bold;line-height: 3rem;color: var(--dark-grey3);font-size: 22px;font-style: normal;letter-spacing: normal;text-align: start;text-indent: 0px;text-transform: none\">Informa\u00e7\u00f5es t\u00e9cnicas<\/h4>\n<p><span style=\"margin: 0px;padding: 0px;font-weight: 450;font-size: 14px;line-height: 21px;color: var(--dark-grey2);font-family: Lato, sans-serif;font-style: normal;letter-spacing: normal;text-align: start;text-indent: 0px;text-transform: none\">PRPODUTO: ARGAMASSA CIMENTCOLA AC3 20KG<br \/>\nMARCA: Quartzolit<br \/>\nMATERIAL: \u00c1 base de cimento, agregados e aditivos qu\u00edmicos n\u00e3o t\u00f3xicos, que possibilitam, ap\u00f3s a adi\u00e7\u00e3o de \u00e1gua, a forma\u00e7\u00e3o de uma pasta viscosa, pl\u00e1stica e aderente.<br \/>\nCOR: Branco<br \/>\nCARACTER\u00cdSTICAS:<br \/>\n\u0095 Alta ader\u00eancia.<br \/>\n\u0095 Alta Flexibilidade.<br \/>\n\u0095 Resistente a altas temperaturas.<br \/>\n\u0095 Resistente a \u00e1gua.<br \/>\n\u0095 \u00c1reas de alto tr\u00e1fego.<br \/>\n\u0095 Revestimentos maiores.<\/span><\/p>\n","protected":false},"featured_media":24620,"template":"","meta":{"_joinchat":[]},"product_brand":[],"product_cat":[147],"product_tag":[],"class_list":{"0":"post-12011","1":"product","2":"type-product","3":"status-publish","4":"has-post-thumbnail","6":"product_cat-basicos","8":"first","9":"instock","10":"shipping-taxable","11":"purchasable","12":"product-type-simple"},"_links":{"self":[{"href":"https:\/\/www.multicasa.com.br\/cuiaba\/wp-json\/wp\/v2\/product\/12011","targetHints":{"allow":["GET"]}}],"collection":[{"href":"https:\/\/www.multicasa.com.br\/cuiaba\/wp-json\/wp\/v2\/product"}],"about":[{"href":"https:\/\/www.multicasa.com.br\/cuiaba\/wp-json\/wp\/v2\/types\/product"}],"wp:featuredmedia":[{"embeddable":true,"href":"https:\/\/www.multicasa.com.br\/cuiaba\/wp-json\/wp\/v2\/media\/24620"}],"wp:attachment":[{"href":"https:\/\/www.multicasa.com.br\/cuiaba\/wp-json\/wp\/v2\/media?parent=12011"}],"wp:term":[{"taxonomy":"product_brand","embeddable":true,"href":"https:\/\/www.multicasa.com.br\/cuiaba\/wp-json\/wp\/v2\/product_brand?post=12011"},{"taxonomy":"product_cat","embeddable":true,"href":"https:\/\/www.multicasa.com.br\/cuiaba\/wp-json\/wp\/v2\/product_cat?post=12011"},{"taxonomy":"product_tag","embeddable":true,"href":"https:\/\/www.multicasa.com.br\/cuiaba\/wp-json\/wp\/v2\/product_tag?post=12011"}],"curies":[{"name":"wp","href":"https:\/\/api.w.org\/{rel}","templated":true}]}}