{"id":12014,"date":"2025-06-20T18:13:11","date_gmt":"2025-06-20T22:13:11","guid":{"rendered":"http:\/\/www.multicasa.com.br\/cuiaba\/?post_type=product&#038;p=12014"},"modified":"2026-04-01T08:20:20","modified_gmt":"2026-04-01T12:20:20","slug":"plafon-led-embuir-quadrada-24w-bivolt-4-0k-led","status":"publish","type":"product","link":"https:\/\/www.multicasa.com.br\/cuiaba\/produto\/plafon-led-embuir-quadrada-24w-bivolt-4-0k-led\/","title":{"rendered":"Plafon Led Embuir Quadrada 24W Bivolt 4.0K Led<br>SKU: 2124945"},"content":{"rendered":"<p>Painel de embutir SLIM LED, possui design moderno com<br \/>\ntecnologia LED integrado e pronto para instalar, estruturado em alum\u00ednio para maior controle de temperatura do LED extraindo a m\u00e1xima efici\u00eancia luminosa, acabamento em pintura ep\u00f3xi branca, difusor em acr\u00edlico, apresenta alta luminesc\u00eancia e uniformidade na distribui\u00e7\u00e3o da luz e conta com molas de fixa\u00e7\u00e3o em a\u00e7o. Ideal para ambientes corporativos, comerciais e residenciais. <\/p>\n","protected":false},"excerpt":{"rendered":"<h4 style=\"margin: 0px;padding: 0px 0px 16px;font-family: Lato, sans-serif;font-weight: bold;line-height: 3rem;color: var(--dark-grey3);font-size: 22px;font-style: normal;letter-spacing: normal;text-align: start;text-indent: 0px;text-transform: none\">Informa\u00e7\u00f5es t\u00e9cnicas<\/h4>\n<p><span style=\"margin: 0px;padding: 0px;font-weight: 450;font-size: 14px;line-height: 21px;color: var(--dark-grey2);font-family: Lato, sans-serif;font-style: normal;letter-spacing: normal;text-align: start;text-indent: 0px;text-transform: none\">Produto: PLAFON LED EMB.QD.24W BIV.4.0K led<br \/>\nMarca: led<br \/>\nMaterial: Alum\u00ednio<br \/>\nCor: Branco<br \/>\nCaracter\u00edsticas<br \/>\n&#8211; Garantia de 2 anos contra defeitos de fabrica\u00e7\u00e3o;<br \/>\n&#8211; Vida \u00fatil de 25.000 horas;<br \/>\n&#8211; Grau de prote\u00e7\u00e3o IP40;<br \/>\n&#8211; Tens\u00e3o bivolt 127-220Vca;<br \/>\n&#8211; Pot\u00eancia fluxo luminoso: 2040lm;<br \/>\nTemperatura de cor: 4000k;<br \/>\n\u00c2ngulo de abertura: 120\u00b0.<\/p>\n<p>Dimens\u00f5es(cm)<br \/>\n30 x 30 x 0,9<\/span><\/p>\n","protected":false},"featured_media":25742,"template":"","meta":{"_joinchat":[]},"product_brand":[],"product_cat":[157],"product_tag":[],"class_list":{"0":"post-12014","1":"product","2":"type-product","3":"status-publish","4":"has-post-thumbnail","6":"product_cat-leds-decorativos","8":"first","9":"instock","10":"shipping-taxable","11":"purchasable","12":"product-type-simple"},"_links":{"self":[{"href":"https:\/\/www.multicasa.com.br\/cuiaba\/wp-json\/wp\/v2\/product\/12014","targetHints":{"allow":["GET"]}}],"collection":[{"href":"https:\/\/www.multicasa.com.br\/cuiaba\/wp-json\/wp\/v2\/product"}],"about":[{"href":"https:\/\/www.multicasa.com.br\/cuiaba\/wp-json\/wp\/v2\/types\/product"}],"wp:featuredmedia":[{"embeddable":true,"href":"https:\/\/www.multicasa.com.br\/cuiaba\/wp-json\/wp\/v2\/media\/25742"}],"wp:attachment":[{"href":"https:\/\/www.multicasa.com.br\/cuiaba\/wp-json\/wp\/v2\/media?parent=12014"}],"wp:term":[{"taxonomy":"product_brand","embeddable":true,"href":"https:\/\/www.multicasa.com.br\/cuiaba\/wp-json\/wp\/v2\/product_brand?post=12014"},{"taxonomy":"product_cat","embeddable":true,"href":"https:\/\/www.multicasa.com.br\/cuiaba\/wp-json\/wp\/v2\/product_cat?post=12014"},{"taxonomy":"product_tag","embeddable":true,"href":"https:\/\/www.multicasa.com.br\/cuiaba\/wp-json\/wp\/v2\/product_tag?post=12014"}],"curies":[{"name":"wp","href":"https:\/\/api.w.org\/{rel}","templated":true}]}}