{"id":12089,"date":"2025-06-20T18:13:43","date_gmt":"2025-06-20T22:13:43","guid":{"rendered":"http:\/\/www.multicasa.com.br\/cuiaba\/?post_type=product&#038;p=12089"},"modified":"2026-03-24T15:23:18","modified_gmt":"2026-03-24T19:23:18","slug":"torneira-para-lavatorio-bancada-abs-bc-blukit","status":"publish","type":"product","link":"https:\/\/www.multicasa.com.br\/cuiaba\/produto\/torneira-para-lavatorio-bancada-abs-bc-blukit\/","title":{"rendered":"TORNEIRA PARA LAVAT\u00d3RIO BANCADA ABS BC BLUKIT<br>SKU: 2154258"},"content":{"rendered":"<p>As torneiras temporizadas Blukit t\u00eam como principal fun\u00e7\u00e3o diminuir o desperd\u00edcio de \u00e1gua. Seu funcionamento autom\u00e1tico temporizado libera apenas a quantidade necess\u00e1ria para cada acionamento. De instala\u00e7\u00e3o simples e manuten\u00e7\u00e3o r\u00e1pida, s\u00e3o ideais para o uso em ambientes coletivos, como banheiros, est\u00e1dios, rodovi\u00e1rias, escolas, aeroportos e parques.<\/p>\n","protected":false},"excerpt":{"rendered":"<h4 style=\"margin: 0px;padding: 0px 0px 16px;font-family: Lato, sans-serif;font-weight: bold;line-height: 3rem;color: var(--dark-grey3);font-size: 22px;font-style: normal;letter-spacing: normal;text-align: start;text-indent: 0px;text-transform: none\">Informa\u00e7\u00f5es t\u00e9cnicas<\/h4>\n<p><span style=\"margin: 0px;padding: 0px;font-weight: 450;font-size: 14px;line-height: 21px;color: var(--dark-grey2);font-family: Lato, sans-serif;font-style: normal;letter-spacing: normal;text-align: start;text-indent: 0px;text-transform: none\">Tempo de fechamento: 4 a 10 segundos<br \/>\nClasse de Press\u00e3o: 3 a 40 m. C. A.<br \/>\n+ 200 mil acionamento<br \/>\nCor: Branco<br \/>\nMaterial: abs<\/span><\/p>\n","protected":false},"featured_media":26150,"template":"","meta":{"_joinchat":[]},"product_brand":[],"product_cat":[67],"product_tag":[],"class_list":{"0":"post-12089","1":"product","2":"type-product","3":"status-publish","4":"has-post-thumbnail","6":"product_cat-torneiras-e-cia","8":"first","9":"instock","10":"shipping-taxable","11":"purchasable","12":"product-type-simple"},"_links":{"self":[{"href":"https:\/\/www.multicasa.com.br\/cuiaba\/wp-json\/wp\/v2\/product\/12089","targetHints":{"allow":["GET"]}}],"collection":[{"href":"https:\/\/www.multicasa.com.br\/cuiaba\/wp-json\/wp\/v2\/product"}],"about":[{"href":"https:\/\/www.multicasa.com.br\/cuiaba\/wp-json\/wp\/v2\/types\/product"}],"wp:featuredmedia":[{"embeddable":true,"href":"https:\/\/www.multicasa.com.br\/cuiaba\/wp-json\/wp\/v2\/media\/26150"}],"wp:attachment":[{"href":"https:\/\/www.multicasa.com.br\/cuiaba\/wp-json\/wp\/v2\/media?parent=12089"}],"wp:term":[{"taxonomy":"product_brand","embeddable":true,"href":"https:\/\/www.multicasa.com.br\/cuiaba\/wp-json\/wp\/v2\/product_brand?post=12089"},{"taxonomy":"product_cat","embeddable":true,"href":"https:\/\/www.multicasa.com.br\/cuiaba\/wp-json\/wp\/v2\/product_cat?post=12089"},{"taxonomy":"product_tag","embeddable":true,"href":"https:\/\/www.multicasa.com.br\/cuiaba\/wp-json\/wp\/v2\/product_tag?post=12089"}],"curies":[{"name":"wp","href":"https:\/\/api.w.org\/{rel}","templated":true}]}}