{"id":12093,"date":"2025-06-20T18:13:44","date_gmt":"2025-06-20T22:13:44","guid":{"rendered":"http:\/\/www.multicasa.com.br\/cuiaba\/?post_type=product&#038;p=12093"},"modified":"2025-11-04T09:34:55","modified_gmt":"2025-11-04T13:34:55","slug":"luminaria-led-linea-40w-bivolt-65k-qualitronix","status":"publish","type":"product","link":"https:\/\/www.multicasa.com.br\/cuiaba\/produto\/luminaria-led-linea-40w-bivolt-65k-qualitronix\/","title":{"rendered":"Luminaria Led Linea 40W Bivolt 6,5K Qualitronix<br>SKU: 2155325"},"content":{"rendered":"<p>A Lumin\u00e1ria Tubular De Sobrepor 40w Branco Frio 120 cm Led Slim \u00e9 perfeito para o seu ambiente, com seus 40W de pot\u00eancia e seus 1200 l\u00famens, oferece ilumina\u00e7\u00e3o potente e uniforme para a sua casa e\/ou escrit\u00f3rio com um excelente custo benef\u00edcio. Acompanha todos os acess\u00f3rios para a instala\u00e7\u00e3o, f\u00e1cil e r\u00e1pido! Dura mais, custa menos!<\/p>\n","protected":false},"excerpt":{"rendered":"<h4 style=\"margin: 0px;padding: 0px 0px 16px;font-family: Lato, sans-serif;font-weight: bold;line-height: 3rem;color: var(--dark-grey3);font-size: 22px;font-style: normal;letter-spacing: normal;text-align: start;text-indent: 0px;text-transform: none\">Informa\u00e7\u00f5es t\u00e9cnicas<\/h4>\n<p><span style=\"margin: 0px;padding: 0px;font-weight: 450;font-size: 14px;line-height: 21px;color: var(--dark-grey2);font-family: Lato, sans-serif;font-style: normal;letter-spacing: normal;text-align: start;text-indent: 0px;text-transform: none\">Produto: LUMINARIA LED LINEA 40W BIV.6,5K QU<br \/>\nMarca: Qualitronix<br \/>\nMaterial: Pl\u00e1stico<br \/>\nCor: Branca<br \/>\nCaracter\u00edsticas<br \/>\n&#8211; Modelo: Qlfl 40<br \/>\n&#8211; Angulo de ilumina\u00e7\u00e3o: 120\u00b0<br \/>\n&#8211; temperatura de trabalho: -20\u00b0C+40\u00b0C<br \/>\n&#8211; Cor: Branco<br \/>\n&#8211; temperatura de cor: 6500K<br \/>\n&#8211; Fluxo luminoso: 3.800 lm<br \/>\n&#8211; Vida mediana: 25.000 Horas<\/p>\n<p>Dimens\u00f5es:<br \/>\n1200mm comprimento x 75mm de largura x 25mm de espessura.<\/span><\/p>\n","protected":false},"featured_media":25488,"template":"","meta":{"_joinchat":[]},"product_brand":[],"product_cat":[145],"product_tag":[],"class_list":{"0":"post-12093","1":"product","2":"type-product","3":"status-publish","4":"has-post-thumbnail","6":"product_cat-leds-comerciais","8":"first","9":"instock","10":"shipping-taxable","11":"purchasable","12":"product-type-simple"},"_links":{"self":[{"href":"https:\/\/www.multicasa.com.br\/cuiaba\/wp-json\/wp\/v2\/product\/12093","targetHints":{"allow":["GET"]}}],"collection":[{"href":"https:\/\/www.multicasa.com.br\/cuiaba\/wp-json\/wp\/v2\/product"}],"about":[{"href":"https:\/\/www.multicasa.com.br\/cuiaba\/wp-json\/wp\/v2\/types\/product"}],"wp:featuredmedia":[{"embeddable":true,"href":"https:\/\/www.multicasa.com.br\/cuiaba\/wp-json\/wp\/v2\/media\/25488"}],"wp:attachment":[{"href":"https:\/\/www.multicasa.com.br\/cuiaba\/wp-json\/wp\/v2\/media?parent=12093"}],"wp:term":[{"taxonomy":"product_brand","embeddable":true,"href":"https:\/\/www.multicasa.com.br\/cuiaba\/wp-json\/wp\/v2\/product_brand?post=12093"},{"taxonomy":"product_cat","embeddable":true,"href":"https:\/\/www.multicasa.com.br\/cuiaba\/wp-json\/wp\/v2\/product_cat?post=12093"},{"taxonomy":"product_tag","embeddable":true,"href":"https:\/\/www.multicasa.com.br\/cuiaba\/wp-json\/wp\/v2\/product_tag?post=12093"}],"curies":[{"name":"wp","href":"https:\/\/api.w.org\/{rel}","templated":true}]}}