{"id":12112,"date":"2025-06-20T18:13:51","date_gmt":"2025-06-20T22:13:51","guid":{"rendered":"http:\/\/www.multicasa.com.br\/cuiaba\/?post_type=product&#038;p=12112"},"modified":"2026-04-20T18:00:24","modified_gmt":"2026-04-20T22:00:24","slug":"kit-caixa-acoplada-universal-acionador-pneumatica-blukit","status":"publish","type":"product","link":"https:\/\/www.multicasa.com.br\/cuiaba\/produto\/kit-caixa-acoplada-universal-acionador-pneumatica-blukit\/","title":{"rendered":"Kit Caixa Acoplada Universal Acionador Pneumatica Blukit<br>SKU: 2159976"},"content":{"rendered":"<p>O Mecanismo de Sa\u00edda para Caixa Acoplada com Acionamento Pneum\u00e1tico Blukit pode ser utilizado em todos os modelos de caixa acoplada existentes no mercado. Seu acionador em pl\u00e1sticos de engenharia, permite instala\u00e7\u00e3o frontal, lateral ou superior. Possui tubo extravasor (ladr\u00e3o) com altura ajust\u00e1vel. Al\u00e9m disso, sua veda\u00e7\u00e3o \u00e9 de silicone, o que proporciona maior durabilidade.<\/p>\n","protected":false},"excerpt":{"rendered":"<h4 style=\"margin: 0px;padding: 0px 0px 16px;font-family: Lato, sans-serif;font-weight: bold;line-height: 3rem;color: var(--dark-grey3);font-size: 22px;font-style: normal;letter-spacing: normal;text-align: start;text-indent: 0px;text-transform: none\">Informa\u00e7\u00f5es t\u00e9cnicas<\/h4>\n<p><span style=\"margin: 0px;padding: 0px;font-weight: 450;font-size: 14px;line-height: 21px;color: var(--dark-grey2);font-family: Lato, sans-serif;font-style: normal;letter-spacing: normal;text-align: start;text-indent: 0px;text-transform: none\">Produto: KIT CX.ACOPL.UNIV.ACION.PNEUM.BLUKI<br \/>\nMarca: Blukit<br \/>\nMaterial: Pl\u00e1sticos de engenharia e elast\u00f4meros.<br \/>\nCor: Branca<br \/>\nCaracter\u00edsticas<br \/>\n&#8211; Sistema universal: compativel com todos os modelos de vasos sanit\u00e1rios;<br \/>\n&#8211; Substitui o mecanismo na mesma qualidade ou superior;<br \/>\n&#8211; Produto produzido 100% no Brasil;<br \/>\n&#8211; Garantia de 1 ano;<br \/>\n&#8211; Produto testado e aprovado em laborat\u00f3rio pr\u00f3prio;<br \/>\n&#8211; O produto \u00e9 resistente \u00e0 baixas e altas press\u00f5es;<br \/>\n&#8211; O produto \u00e9 compativel com o padr\u00e3o de vasos sanit\u00e1rios convecionais;<br \/>\n&#8211; Atende as normas de fabrica\u00e7\u00e3o ABNT NBR 15491;<br \/>\n&#8211; Acionamento pneum\u00e1tico;<br \/>\n&#8211; Suporta ambientes salinos, vibra\u00e7\u00f5es, altas e baixas temperaturas;<br \/>\n&#8211; Acionador com canopla: ajust\u00e1vel a furos de 38 a 70 mm;<br \/>\n&#8211; Acionamento: frontal, lateral ou superior;<br \/>\n&#8211; Ciclos de garantia: 15.000;<br \/>\n&#8211; Fluxo de \u00e1gua ajust\u00e1vel (v\u00e1lvula de reposi\u00e7\u00e3o do fecho h\u00eddrico);<br \/>\n&#8211; Possui filtro para manuten\u00e7\u00e3o de limpeza;<br \/>\n&#8211; N\u00edvel de \u00e1gua ajust\u00e1vel na caixa de descarga;<br \/>\n&#8211; Rosca de entrada: 1\/2&#8243;;<br \/>\n&#8211; Rosca de sa\u00edda: 2&#8243;;<br \/>\n&#8211; Temperatura m\u00e1xima de trabalho: 45 \u00b0C.<\/span><\/p>\n","protected":false},"featured_media":25342,"template":"","meta":{"_joinchat":[]},"product_brand":[],"product_cat":[74],"product_tag":[],"class_list":{"0":"post-12112","1":"product","2":"type-product","3":"status-publish","4":"has-post-thumbnail","6":"product_cat-reparos-hidraulicos","8":"first","9":"instock","10":"shipping-taxable","11":"purchasable","12":"product-type-simple"},"_links":{"self":[{"href":"https:\/\/www.multicasa.com.br\/cuiaba\/wp-json\/wp\/v2\/product\/12112","targetHints":{"allow":["GET"]}}],"collection":[{"href":"https:\/\/www.multicasa.com.br\/cuiaba\/wp-json\/wp\/v2\/product"}],"about":[{"href":"https:\/\/www.multicasa.com.br\/cuiaba\/wp-json\/wp\/v2\/types\/product"}],"wp:featuredmedia":[{"embeddable":true,"href":"https:\/\/www.multicasa.com.br\/cuiaba\/wp-json\/wp\/v2\/media\/25342"}],"wp:attachment":[{"href":"https:\/\/www.multicasa.com.br\/cuiaba\/wp-json\/wp\/v2\/media?parent=12112"}],"wp:term":[{"taxonomy":"product_brand","embeddable":true,"href":"https:\/\/www.multicasa.com.br\/cuiaba\/wp-json\/wp\/v2\/product_brand?post=12112"},{"taxonomy":"product_cat","embeddable":true,"href":"https:\/\/www.multicasa.com.br\/cuiaba\/wp-json\/wp\/v2\/product_cat?post=12112"},{"taxonomy":"product_tag","embeddable":true,"href":"https:\/\/www.multicasa.com.br\/cuiaba\/wp-json\/wp\/v2\/product_tag?post=12112"}],"curies":[{"name":"wp","href":"https:\/\/api.w.org\/{rel}","templated":true}]}}