{"id":12113,"date":"2025-06-20T18:13:51","date_gmt":"2025-06-20T22:13:51","guid":{"rendered":"http:\/\/www.multicasa.com.br\/cuiaba\/?post_type=product&#038;p=12113"},"modified":"2026-04-23T10:50:14","modified_gmt":"2026-04-23T14:50:14","slug":"torneira-cromada-esfera-jardim-1-2x3-4-alavanca-lotus","status":"publish","type":"product","link":"https:\/\/www.multicasa.com.br\/cuiaba\/produto\/torneira-cromada-esfera-jardim-1-2x3-4-alavanca-lotus\/","title":{"rendered":"Torneira Cromada Esfera Jardim 1\/2X3\/4 Alavanca Lotus<br>SKU: 2160045"},"content":{"rendered":"<p>Torneira para Jardins 1\/2&#8243; (Aprox. 120 mm), com entrada de 1\/2&#8243;&#8221;, 2 sa\u00eddas de 3\/4&#8243;&#8221;, com bico para mangueira de 1\/2&#8243;&#8221;, esfera interna de lat\u00e3o e anel de nylon para veda\u00e7\u00e3o, com seguran\u00e7a, alavanca de a\u00e7o, apenas 1\/4 de volta para abrir ou fechar,  tamb\u00e9m utilizadas em tanques e maquinas de lavar.<\/p>\n","protected":false},"excerpt":{"rendered":"<h4 style=\"margin: 0px;padding: 0px 0px 16px;font-family: Lato, sans-serif;font-weight: bold;line-height: 3rem;color: var(--dark-grey3);font-size: 22px;font-style: normal;letter-spacing: normal;text-align: start;text-indent: 0px;text-transform: none\">Informa\u00e7\u00f5es t\u00e9cnicas<\/h4>\n<p><span style=\"margin: 0px;padding: 0px;font-weight: 450;font-size: 14px;line-height: 21px;color: var(--dark-grey2);font-family: Lato, sans-serif;font-style: normal;letter-spacing: normal;text-align: start;text-indent: 0px;text-transform: none\">Produto: TORNEIRA CR.ESF.JD.1\/2X3\/4 ALAV.LOT<br \/>\nMarca: Lotus<br \/>\nMaterial: Metal<br \/>\nCor: Cromada<br \/>\nCaracter\u00edsticas<br \/>\n&#8211; Torneira em metal com manopla em metal, proporciona facilidade de manuseio e resist\u00eancia, tanto contra o tempo e clima.<\/p>\n<p>Dimens\u00f5es:<br \/>\n1\/2 e 3\/4<\/span><\/p>\n","protected":false},"featured_media":26125,"template":"","meta":{"_joinchat":[]},"product_brand":[],"product_cat":[67],"product_tag":[],"class_list":{"0":"post-12113","1":"product","2":"type-product","3":"status-publish","4":"has-post-thumbnail","6":"product_cat-torneiras-e-cia","8":"first","9":"instock","10":"shipping-taxable","11":"purchasable","12":"product-type-simple"},"_links":{"self":[{"href":"https:\/\/www.multicasa.com.br\/cuiaba\/wp-json\/wp\/v2\/product\/12113","targetHints":{"allow":["GET"]}}],"collection":[{"href":"https:\/\/www.multicasa.com.br\/cuiaba\/wp-json\/wp\/v2\/product"}],"about":[{"href":"https:\/\/www.multicasa.com.br\/cuiaba\/wp-json\/wp\/v2\/types\/product"}],"wp:featuredmedia":[{"embeddable":true,"href":"https:\/\/www.multicasa.com.br\/cuiaba\/wp-json\/wp\/v2\/media\/26125"}],"wp:attachment":[{"href":"https:\/\/www.multicasa.com.br\/cuiaba\/wp-json\/wp\/v2\/media?parent=12113"}],"wp:term":[{"taxonomy":"product_brand","embeddable":true,"href":"https:\/\/www.multicasa.com.br\/cuiaba\/wp-json\/wp\/v2\/product_brand?post=12113"},{"taxonomy":"product_cat","embeddable":true,"href":"https:\/\/www.multicasa.com.br\/cuiaba\/wp-json\/wp\/v2\/product_cat?post=12113"},{"taxonomy":"product_tag","embeddable":true,"href":"https:\/\/www.multicasa.com.br\/cuiaba\/wp-json\/wp\/v2\/product_tag?post=12113"}],"curies":[{"name":"wp","href":"https:\/\/api.w.org\/{rel}","templated":true}]}}