{"id":12155,"date":"2025-06-20T18:14:04","date_gmt":"2025-06-20T22:14:04","guid":{"rendered":"http:\/\/www.multicasa.com.br\/cuiaba\/?post_type=product&#038;p=12155"},"modified":"2026-03-28T10:50:49","modified_gmt":"2026-03-28T14:50:49","slug":"bacia-sanitaria-ravena-branca-deca","status":"publish","type":"product","link":"https:\/\/www.multicasa.com.br\/cuiaba\/produto\/bacia-sanitaria-ravena-branca-deca\/","title":{"rendered":"Bacia Sanit\u00e1ria Ravena Branca Deca<br>SKU: 2183714"},"content":{"rendered":"<p>Bacia com consumo de somente 6 litros por fluxo, \u00f3timo desempenho, efetuando a limpeza completa sempre na primeira descarga. Preparada para a utiliza\u00e7\u00e3o com sistema de descarga com tecnologia Duo, com dois bot\u00f5es: descarga completa: 6 litros (limpeza total) e descarga com volume reduzido: 3 litros (troca de l\u00edquidos). Garantindo assim uma economia de \u00e1gua de at\u00e9 60% Produto com sif\u00e3o oculto, design clean e sofisticado, proporciona f\u00e1cil limpeza.<\/p>\n","protected":false},"excerpt":{"rendered":"<h4 style=\"margin: 0px;padding: 0px 0px 16px;font-family: Lato, sans-serif;font-weight: bold;line-height: 3rem;color: var(--dark-grey3);font-size: 22px;font-style: normal;letter-spacing: normal;text-align: start;text-indent: 0px;text-transform: none\">Informa\u00e7\u00f5es t\u00e9cnicas<\/h4>\n<p><span style=\"margin: 0px;padding: 0px;font-weight: 450;font-size: 14px;line-height: 21px;color: var(--dark-grey2);font-family: Lato, sans-serif;font-style: normal;letter-spacing: normal;text-align: start;text-indent: 0px;text-transform: none\">Produto: BACIA SANIT\u00c1RIA RAVENA<br \/>\nMarca: DECA<br \/>\nComposi\u00e7\u00e3o B\u00e1sica: Argila, feldspato, caulim, vidrados e corantes inorg\u00e2nicos.<br \/>\nCor: Branca<\/p>\n<p>Caracter\u00edsticas:<br \/>\n&#8211; Linha: Ravena;<br \/>\n&#8211; Dimens\u00f5es(AxLxC): 385mm X 385mm X 590mm;<br \/>\n&#8211; Acabamento: 17 &#8211; Branco (P.9.17);<br \/>\n&#8211; Material: Argila, feldspato, caulim, vidrados e corantes inorg\u00e2nicos;<br \/>\n&#8211; Peso l\u00edquido: 18.94;<br \/>\n&#8211; Peso bruto: 18.94;<br \/>\n&#8211; N\u00famero Norma \/ Decreto: NBR-16727-1.<\/p>\n<p>Informa\u00e7\u00f5es complementares:<br \/>\n\u0095 Bacia com consumo de somente 6 litros por fuxo, \u00f3timo desempenho, efetuando a limpeza completa<br \/>\nsempre na primeira descarga;<br \/>\n\u0095 Preparada para a utiliza\u00e7\u00e3o com sistema de descarga com tecnologia Duo, com dois bot\u00f5es: descarga<br \/>\ncompleta: 6 litros (limpeza total) e descarga com volume reduzido: 3 litros (troca de l\u00edquidos). Garantindo<br \/>\nassim uma economia de \u00e1gua de at\u00e9 60%;<br \/>\n\u0095 Produto com sif\u00e3o oculto, design clean e sofsticado, proporciona f\u00e1cil limpeza.<\/span><\/p>\n","protected":false},"featured_media":24652,"template":"","meta":{"_joinchat":[]},"product_brand":[],"product_cat":[68],"product_tag":[],"class_list":{"0":"post-12155","1":"product","2":"type-product","3":"status-publish","4":"has-post-thumbnail","6":"product_cat-loucas-e-cia","8":"first","9":"instock","10":"shipping-taxable","11":"purchasable","12":"product-type-simple"},"_links":{"self":[{"href":"https:\/\/www.multicasa.com.br\/cuiaba\/wp-json\/wp\/v2\/product\/12155","targetHints":{"allow":["GET"]}}],"collection":[{"href":"https:\/\/www.multicasa.com.br\/cuiaba\/wp-json\/wp\/v2\/product"}],"about":[{"href":"https:\/\/www.multicasa.com.br\/cuiaba\/wp-json\/wp\/v2\/types\/product"}],"wp:featuredmedia":[{"embeddable":true,"href":"https:\/\/www.multicasa.com.br\/cuiaba\/wp-json\/wp\/v2\/media\/24652"}],"wp:attachment":[{"href":"https:\/\/www.multicasa.com.br\/cuiaba\/wp-json\/wp\/v2\/media?parent=12155"}],"wp:term":[{"taxonomy":"product_brand","embeddable":true,"href":"https:\/\/www.multicasa.com.br\/cuiaba\/wp-json\/wp\/v2\/product_brand?post=12155"},{"taxonomy":"product_cat","embeddable":true,"href":"https:\/\/www.multicasa.com.br\/cuiaba\/wp-json\/wp\/v2\/product_cat?post=12155"},{"taxonomy":"product_tag","embeddable":true,"href":"https:\/\/www.multicasa.com.br\/cuiaba\/wp-json\/wp\/v2\/product_tag?post=12155"}],"curies":[{"name":"wp","href":"https:\/\/api.w.org\/{rel}","templated":true}]}}