{"id":12184,"date":"2025-06-20T18:14:15","date_gmt":"2025-06-20T22:14:15","guid":{"rendered":"http:\/\/www.multicasa.com.br\/cuiaba\/?post_type=product&#038;p=12184"},"modified":"2026-04-01T12:50:10","modified_gmt":"2026-04-01T16:50:10","slug":"refletor-led-50w-rgb-preto-gaya","status":"publish","type":"product","link":"https:\/\/www.multicasa.com.br\/cuiaba\/produto\/refletor-led-50w-rgb-preto-gaya\/","title":{"rendered":"Refletor Led 50W RGB Preto Gaya<br>SKU: 2192414"},"content":{"rendered":"<p>Refletor LEd rgb gaya, possui design slim, com uma potente ilumina\u00e7\u00e3o, estruturado em alum\u00ednio com pintura ep\u00f3xi preta e vidro temperado. Modelo com LED integrado, pronto para instalar. Ideal para ambientes externos.<\/p>\n","protected":false},"excerpt":{"rendered":"<h4 style=\"margin: 0px;padding: 0px 0px 16px;font-family: Lato, sans-serif;font-weight: bold;line-height: 3rem;color: var(--dark-grey3);font-size: 22px;font-style: normal;letter-spacing: normal;text-align: start;text-indent: 0px;text-transform: none\">Informa\u00e7\u00f5es t\u00e9cnicas<\/h4>\n<p><span style=\"margin: 0px;padding: 0px;font-weight: 450;font-size: 14px;line-height: 21px;color: var(--dark-grey2);font-family: Lato, sans-serif;font-style: normal;letter-spacing: normal;text-align: start;text-indent: 0px;text-transform: none\">Produto: REFLETOR LED 50W IP65 PT  led<br \/>\nMarca: led<br \/>\nMaterial: Alum\u00ednio<br \/>\nCor: Preta<br \/>\nCaracter\u00edsticas<br \/>\n&#8211; Garantia de 2 anos;<br \/>\n&#8211; Vida \u00fatil de 25.000 horas;<br \/>\n&#8211; Grau de prote\u00e7\u00e3o IP65;<br \/>\n&#8211; Tens\u00e3o bivolt 127-220Vca<br \/>\n&#8211; Fluxo Luminoso: 7500lm;<br \/>\n&#8211; Temperatura de cor: RGB;<br \/>\n&#8211; \u00c2ngulo de abertura: 120\u00b0.<\/p>\n<p><\/span><\/p>\n","protected":false},"featured_media":27469,"template":"","meta":{"_joinchat":[]},"product_brand":[],"product_cat":[79],"product_tag":[],"class_list":{"0":"post-12184","1":"product","2":"type-product","3":"status-publish","4":"has-post-thumbnail","6":"product_cat-iluminacao-decorativa","8":"first","9":"instock","10":"shipping-taxable","11":"purchasable","12":"product-type-simple"},"_links":{"self":[{"href":"https:\/\/www.multicasa.com.br\/cuiaba\/wp-json\/wp\/v2\/product\/12184","targetHints":{"allow":["GET"]}}],"collection":[{"href":"https:\/\/www.multicasa.com.br\/cuiaba\/wp-json\/wp\/v2\/product"}],"about":[{"href":"https:\/\/www.multicasa.com.br\/cuiaba\/wp-json\/wp\/v2\/types\/product"}],"wp:featuredmedia":[{"embeddable":true,"href":"https:\/\/www.multicasa.com.br\/cuiaba\/wp-json\/wp\/v2\/media\/27469"}],"wp:attachment":[{"href":"https:\/\/www.multicasa.com.br\/cuiaba\/wp-json\/wp\/v2\/media?parent=12184"}],"wp:term":[{"taxonomy":"product_brand","embeddable":true,"href":"https:\/\/www.multicasa.com.br\/cuiaba\/wp-json\/wp\/v2\/product_brand?post=12184"},{"taxonomy":"product_cat","embeddable":true,"href":"https:\/\/www.multicasa.com.br\/cuiaba\/wp-json\/wp\/v2\/product_cat?post=12184"},{"taxonomy":"product_tag","embeddable":true,"href":"https:\/\/www.multicasa.com.br\/cuiaba\/wp-json\/wp\/v2\/product_tag?post=12184"}],"curies":[{"name":"wp","href":"https:\/\/api.w.org\/{rel}","templated":true}]}}