{"id":12191,"date":"2025-06-20T18:14:16","date_gmt":"2025-06-20T22:14:16","guid":{"rendered":"http:\/\/www.multicasa.com.br\/cuiaba\/?post_type=product&#038;p=12191"},"modified":"2026-04-06T12:01:43","modified_gmt":"2026-04-06T16:01:43","slug":"ducha-higienica-1-4vol-120m-pt-blukit","status":"publish","type":"product","link":"https:\/\/www.multicasa.com.br\/cuiaba\/produto\/ducha-higienica-1-4vol-120m-pt-blukit\/","title":{"rendered":"DUCHA HIGIENICA 1\/4VOL. 1,20M PT BLUKIT<br>SKU: 2197218"},"content":{"rendered":"<p>O Kit Ducha Higi\u00eanica preta Blukit conta com um excelente acabamento, de f\u00e1cil instala\u00e7\u00e3o e manuseio, que levar\u00e1 ainda mais praticidade ao seu dia a dia.<br \/>\n\u00c9 fabricado em Pl\u00e1sticos de engenharia preto e equipado com o moderno mecanismo 1\/4 de volta cer\u00e2mico, proporcionando conforto ao abrir e fechar devido a forma de acionamento r\u00e1pido.<\/p>\n","protected":false},"excerpt":{"rendered":"<h4 style=\"margin: 0px;padding: 0px 0px 16px;font-family: Lato, sans-serif;font-weight: bold;line-height: 3rem;color: var(--dark-grey3);font-size: 22px;font-style: normal;letter-spacing: normal;text-align: start;text-indent: 0px;text-transform: none\">Informa\u00e7\u00f5es t\u00e9cnicas<\/h4>\n<p><span style=\"margin: 0px;padding: 0px;font-weight: 450;font-size: 14px;line-height: 21px;color: var(--dark-grey2);font-family: Lato, sans-serif;font-style: normal;letter-spacing: normal;text-align: start;text-indent: 0px;text-transform: none\">&#8211; Marca: Blukit<br \/>\n&#8211; Modelo: Linha Confort<br \/>\n&#8211; Material ducha: Pl\u00e1sticos de engenharia<br \/>\n&#8211; Material suporte: Pl\u00e1sticos de engenharia<br \/>\n&#8211; Material regsitro: Pl\u00e1sticos de engenharia<br \/>\n&#8211; Material parafusos: A\u00e7o Inoxidavel<br \/>\n&#8211; Material mangueira: Elastomeros, a\u00e7o inoxidavel e terminais de cobre<br \/>\n&#8211; Material canopla: Pl\u00e1sticos de engenharia<br \/>\n&#8211; Comprimento mangueira: 1,20m<br \/>\n&#8211; Cor: Preta<\/span><\/p>\n","protected":false},"featured_media":25081,"template":"","meta":{"_joinchat":[]},"product_brand":[],"product_cat":[67],"product_tag":[],"class_list":{"0":"post-12191","1":"product","2":"type-product","3":"status-publish","4":"has-post-thumbnail","6":"product_cat-torneiras-e-cia","8":"first","9":"instock","10":"sale","11":"shipping-taxable","12":"purchasable","13":"product-type-simple"},"_links":{"self":[{"href":"https:\/\/www.multicasa.com.br\/cuiaba\/wp-json\/wp\/v2\/product\/12191","targetHints":{"allow":["GET"]}}],"collection":[{"href":"https:\/\/www.multicasa.com.br\/cuiaba\/wp-json\/wp\/v2\/product"}],"about":[{"href":"https:\/\/www.multicasa.com.br\/cuiaba\/wp-json\/wp\/v2\/types\/product"}],"wp:featuredmedia":[{"embeddable":true,"href":"https:\/\/www.multicasa.com.br\/cuiaba\/wp-json\/wp\/v2\/media\/25081"}],"wp:attachment":[{"href":"https:\/\/www.multicasa.com.br\/cuiaba\/wp-json\/wp\/v2\/media?parent=12191"}],"wp:term":[{"taxonomy":"product_brand","embeddable":true,"href":"https:\/\/www.multicasa.com.br\/cuiaba\/wp-json\/wp\/v2\/product_brand?post=12191"},{"taxonomy":"product_cat","embeddable":true,"href":"https:\/\/www.multicasa.com.br\/cuiaba\/wp-json\/wp\/v2\/product_cat?post=12191"},{"taxonomy":"product_tag","embeddable":true,"href":"https:\/\/www.multicasa.com.br\/cuiaba\/wp-json\/wp\/v2\/product_tag?post=12191"}],"curies":[{"name":"wp","href":"https:\/\/api.w.org\/{rel}","templated":true}]}}