{"id":12209,"date":"2025-06-20T18:14:23","date_gmt":"2025-06-20T22:14:23","guid":{"rendered":"http:\/\/www.multicasa.com.br\/cuiaba\/?post_type=product&#038;p=12209"},"modified":"2026-04-14T18:21:40","modified_gmt":"2026-04-14T22:21:40","slug":"cabo-triplex-3x10mm-6-awg-1m-corfio","status":"publish","type":"product","link":"https:\/\/www.multicasa.com.br\/cuiaba\/produto\/cabo-triplex-3x10mm-6-awg-1m-corfio\/","title":{"rendered":"Cabo Triplex 3X10Mm (6 Awg) 1M Corfio<br>SKU: 3462498"},"content":{"rendered":"<p>Cabo de Alum\u00ednio Multiplexado 0,6\/1 kVNorma Aplic\u00e1velABNT NBR 8182 Cabos de pot\u00eancia multiplexados autossustentados com isola\u00e7\u00e3o extrudada de PE ou XLPE, para tens\u00f5es at\u00e9 0,6-1 kV &#8211; Requisitos de desempenho.Aplica\u00e7\u00e3oCabo de pot\u00eancia multiplexado autossustentado, projetado para circuitos de alimenta\u00e7\u00e3o e distribui\u00e7\u00e3o de energia em tens\u00f5es de at\u00e9 0,6\/1 kV.<\/p>\n","protected":false},"excerpt":{"rendered":"<h4 style=\"margin: 0px;padding: 0px 0px 16px;font-family: Lato, sans-serif;font-weight: bold;line-height: 3rem;color: var(--dark-grey3);font-size: 22px;font-style: normal;letter-spacing: normal;text-align: start;text-indent: 0px;text-transform: none\">Informa\u00e7\u00f5es t\u00e9cnicas<\/h4>\n<p><span style=\"margin: 0px;padding: 0px;font-weight: 450;font-size: 14px;line-height: 21px;color: var(--dark-grey2);font-family: Lato, sans-serif;font-style: normal;letter-spacing: normal;text-align: start;text-indent: 0px;text-transform: none\">Produto: CABO TRIPLEX 3X10MM (6 AWG) 1M<br \/>\nMarca: CORFIO<br \/>\nCondutor fase: formado por fios de alum\u00ednio 1350 e encordoamento classe 2 de acordo com a ABNT NBR NM 280.<br \/>\nIsola\u00e7\u00e3o de XLPE 90\u00b0C &#8211; composto termofixo extrudado \u00e0 base de polietileno reticulado.<br \/>\nCondutor neutro: formado por fios de alum\u00ednio 1350 t\u00eampera H19 (CA) e encordoamento classe 2 de acordo com a ABNT NBR 7271.<br \/>\nNu ou isolado com XLPE 90\u00b0C<\/span><\/p>\n","protected":false},"featured_media":24828,"template":"","meta":{"_joinchat":[]},"product_brand":[],"product_cat":[121],"product_tag":[],"class_list":{"0":"post-12209","1":"product","2":"type-product","3":"status-publish","4":"has-post-thumbnail","6":"product_cat-fios-e-cabo","8":"first","9":"instock","10":"shipping-taxable","11":"purchasable","12":"product-type-simple"},"_links":{"self":[{"href":"https:\/\/www.multicasa.com.br\/cuiaba\/wp-json\/wp\/v2\/product\/12209","targetHints":{"allow":["GET"]}}],"collection":[{"href":"https:\/\/www.multicasa.com.br\/cuiaba\/wp-json\/wp\/v2\/product"}],"about":[{"href":"https:\/\/www.multicasa.com.br\/cuiaba\/wp-json\/wp\/v2\/types\/product"}],"wp:featuredmedia":[{"embeddable":true,"href":"https:\/\/www.multicasa.com.br\/cuiaba\/wp-json\/wp\/v2\/media\/24828"}],"wp:attachment":[{"href":"https:\/\/www.multicasa.com.br\/cuiaba\/wp-json\/wp\/v2\/media?parent=12209"}],"wp:term":[{"taxonomy":"product_brand","embeddable":true,"href":"https:\/\/www.multicasa.com.br\/cuiaba\/wp-json\/wp\/v2\/product_brand?post=12209"},{"taxonomy":"product_cat","embeddable":true,"href":"https:\/\/www.multicasa.com.br\/cuiaba\/wp-json\/wp\/v2\/product_cat?post=12209"},{"taxonomy":"product_tag","embeddable":true,"href":"https:\/\/www.multicasa.com.br\/cuiaba\/wp-json\/wp\/v2\/product_tag?post=12209"}],"curies":[{"name":"wp","href":"https:\/\/api.w.org\/{rel}","templated":true}]}}