{"id":12378,"date":"2025-06-20T18:15:52","date_gmt":"2025-06-20T22:15:52","guid":{"rendered":"http:\/\/www.multicasa.com.br\/cuiaba\/?post_type=product&#038;p=12378"},"modified":"2026-04-20T17:00:22","modified_gmt":"2026-04-20T21:00:22","slug":"anel-de-vedacao-para-vaso-sanitario-bs5-max-pop","status":"publish","type":"product","link":"https:\/\/www.multicasa.com.br\/cuiaba\/produto\/anel-de-vedacao-para-vaso-sanitario-bs5-max-pop\/","title":{"rendered":"Anel de Veda\u00e7\u00e3o para Vaso Sanit\u00e1rio BS5 Max Pop<br>SKU: 713716"},"content":{"rendered":"<p>O Anel de Veda\u00e7\u00e3o para Vaso Sanit\u00e1rio Max Pop \u00e9 um vedador em formato circular que t\u00eam como fun\u00e7\u00e3o principal evitar que o mau cheiro do seu vaso sanit\u00e1rio exale para o ambiente do seu banheiro. Possui alta plasticidade para facilitar a sua instala\u00e7\u00e3o e o seu material em cera de parafina oleosa garante mais qualidade e durabilidade ao produto.<\/p>\n","protected":false},"excerpt":{"rendered":"<h4 style=\"margin: 0px;padding: 0px 0px 16px;font-family: Lato, sans-serif;font-weight: bold;line-height: 3rem;color: var(--dark-grey3);font-size: 22px;font-style: normal;letter-spacing: normal;text-align: start;text-indent: 0px;text-transform: none\">Informa\u00e7\u00f5es t\u00e9cnicas<\/h4>\n<p><span style=\"margin: 0px;padding: 0px;font-weight: 450;font-size: 14px;line-height: 21px;color: var(--dark-grey2);font-family: Lato, sans-serif;font-style: normal;letter-spacing: normal;text-align: start;text-indent: 0px;text-transform: none\">Produto: Anel Veda\u00e7\u00e3o<br \/>\nMarca: Max Pop<br \/>\nMaterial: Cera de parafina oleosa<br \/>\nCaracter\u00edsticas: Possui alta plasticidade<br \/>\nItens inclusos: 1 Anel Vedac para vaso sanit\u00e1rio BS5 Max Pop<br \/>\nDmens\u00f5es do produto: 4 X 4cm<\/span><\/p>\n","protected":false},"featured_media":12429,"template":"","meta":{"_joinchat":[]},"product_brand":[],"product_cat":[74],"product_tag":[],"class_list":{"0":"post-12378","1":"product","2":"type-product","3":"status-publish","4":"has-post-thumbnail","6":"product_cat-reparos-hidraulicos","8":"first","9":"instock","10":"shipping-taxable","11":"purchasable","12":"product-type-simple"},"_links":{"self":[{"href":"https:\/\/www.multicasa.com.br\/cuiaba\/wp-json\/wp\/v2\/product\/12378","targetHints":{"allow":["GET"]}}],"collection":[{"href":"https:\/\/www.multicasa.com.br\/cuiaba\/wp-json\/wp\/v2\/product"}],"about":[{"href":"https:\/\/www.multicasa.com.br\/cuiaba\/wp-json\/wp\/v2\/types\/product"}],"wp:featuredmedia":[{"embeddable":true,"href":"https:\/\/www.multicasa.com.br\/cuiaba\/wp-json\/wp\/v2\/media\/12429"}],"wp:attachment":[{"href":"https:\/\/www.multicasa.com.br\/cuiaba\/wp-json\/wp\/v2\/media?parent=12378"}],"wp:term":[{"taxonomy":"product_brand","embeddable":true,"href":"https:\/\/www.multicasa.com.br\/cuiaba\/wp-json\/wp\/v2\/product_brand?post=12378"},{"taxonomy":"product_cat","embeddable":true,"href":"https:\/\/www.multicasa.com.br\/cuiaba\/wp-json\/wp\/v2\/product_cat?post=12378"},{"taxonomy":"product_tag","embeddable":true,"href":"https:\/\/www.multicasa.com.br\/cuiaba\/wp-json\/wp\/v2\/product_tag?post=12378"}],"curies":[{"name":"wp","href":"https:\/\/api.w.org\/{rel}","templated":true}]}}