{"id":12400,"date":"2025-06-20T18:16:13","date_gmt":"2025-06-20T22:16:13","guid":{"rendered":"http:\/\/www.multicasa.com.br\/cuiaba\/?post_type=product&#038;p=12400"},"modified":"2026-03-24T14:00:18","modified_gmt":"2026-03-24T18:00:18","slug":"tubo-extensivel-para-cortina-de-banheiro-aco-branco-maxeb-90-a-140m","status":"publish","type":"product","link":"https:\/\/www.multicasa.com.br\/cuiaba\/produto\/tubo-extensivel-para-cortina-de-banheiro-aco-branco-maxeb-90-a-140m\/","title":{"rendered":"Tubo Extens\u00edvel para Cortina de Banheiro A\u00e7o Branco Maxeb 90 a 1,40m<br>SKU: 715310"},"content":{"rendered":"<p>O Tubo Extens\u00edvel para Cortina de Banheiro da Maxeb de a\u00e7o, vem com um acabamento em pintura branca. Seu telesc\u00f3pico proporciona maior resist\u00eancia. O suporte para cortinas \u00e9 de f\u00e1cil fixa\u00e7\u00e3o, extens\u00edvel de 90cm a 1,40m.<\/p>\n","protected":false},"excerpt":{"rendered":"<h4 style=\"margin: 0px;padding: 0px 0px 16px;font-family: Lato, sans-serif;font-weight: bold;line-height: 3rem;color: var(--dark-grey3);font-size: 22px;font-style: normal;letter-spacing: normal;text-align: start;text-indent: 0px;text-transform: none\">Informa\u00e7\u00f5es t\u00e9cnicas<\/h4>\n<p><span style=\"margin: 0px;padding: 0px;font-weight: 450;font-size: 14px;line-height: 21px;color: var(--dark-grey2);font-family: Lato, sans-serif;font-style: normal;letter-spacing: normal;text-align: start;text-indent: 0px;text-transform: none\">Produto: Tubo para cortina<br \/>\nMarca: Maxeb<br \/>\nMaterial: A\u00e7o                                                                                                                                                                     Acabamento: Tinta hibrida<br \/>\nCor: Branco<br \/>\nCaracter\u00edsticas: F\u00e1cil fixa\u00e7\u00e3o, extens\u00edvel de 90 a 140cm<br \/>\nItens inclusos: 1 tubo para cortina<br \/>\nDimens\u00f5es do produto (A x L x P): 2 x 7 x 100cm                                                                                                                Peso: 0,48kg                                                                                                                                                                     Garantia: 3 meses<\/span><\/p>\n","protected":false},"featured_media":12431,"template":"","meta":{"_joinchat":[]},"product_brand":[],"product_cat":[69],"product_tag":[],"class_list":{"0":"post-12400","1":"product","2":"type-product","3":"status-publish","4":"has-post-thumbnail","6":"product_cat-acessorios-para-banheiro","8":"first","9":"instock","10":"shipping-taxable","11":"purchasable","12":"product-type-simple"},"_links":{"self":[{"href":"https:\/\/www.multicasa.com.br\/cuiaba\/wp-json\/wp\/v2\/product\/12400","targetHints":{"allow":["GET"]}}],"collection":[{"href":"https:\/\/www.multicasa.com.br\/cuiaba\/wp-json\/wp\/v2\/product"}],"about":[{"href":"https:\/\/www.multicasa.com.br\/cuiaba\/wp-json\/wp\/v2\/types\/product"}],"wp:featuredmedia":[{"embeddable":true,"href":"https:\/\/www.multicasa.com.br\/cuiaba\/wp-json\/wp\/v2\/media\/12431"}],"wp:attachment":[{"href":"https:\/\/www.multicasa.com.br\/cuiaba\/wp-json\/wp\/v2\/media?parent=12400"}],"wp:term":[{"taxonomy":"product_brand","embeddable":true,"href":"https:\/\/www.multicasa.com.br\/cuiaba\/wp-json\/wp\/v2\/product_brand?post=12400"},{"taxonomy":"product_cat","embeddable":true,"href":"https:\/\/www.multicasa.com.br\/cuiaba\/wp-json\/wp\/v2\/product_cat?post=12400"},{"taxonomy":"product_tag","embeddable":true,"href":"https:\/\/www.multicasa.com.br\/cuiaba\/wp-json\/wp\/v2\/product_tag?post=12400"}],"curies":[{"name":"wp","href":"https:\/\/api.w.org\/{rel}","templated":true}]}}