{"id":12648,"date":"2025-06-20T18:19:01","date_gmt":"2025-06-20T22:19:01","guid":{"rendered":"http:\/\/www.multicasa.com.br\/cuiaba\/?post_type=product&#038;p=12648"},"modified":"2025-11-18T14:04:31","modified_gmt":"2025-11-18T18:04:31","slug":"modulo-saida-de-fio-branco-pial-pialplus","status":"publish","type":"product","link":"https:\/\/www.multicasa.com.br\/cuiaba\/produto\/modulo-saida-de-fio-branco-pial-pialplus\/","title":{"rendered":"M\u00f3dulo Sa\u00edda de Fio Branco Pial Pialplus<br>SKU: 1997718"},"content":{"rendered":"<p>Com o M\u00f3dulo Sa\u00edda de Fio Branco Pial Pialplus \u00e9 poss\u00edvel garantir efici\u00eancia nas instala\u00e7\u00f5es dos fios do ambiente (residencial ou comercial). Indicado para sa\u00edda dos fios, \u00e9 um produto fabricado com material de excelente acabamento para garantir instala\u00e7\u00f5es el\u00e9tricas discretas e modernas no ambiente.<\/p>\n","protected":false},"excerpt":{"rendered":"<h4 style=\"margin: 0px;padding: 0px 0px 16px;font-family: Lato, sans-serif;font-weight: bold;line-height: 3rem;color: var(--dark-grey3);font-size: 22px;font-style: normal;letter-spacing: normal;text-align: start;text-indent: 0px;text-transform: none\">Informa\u00e7\u00f5es t\u00e9cnicas<\/h4>\n<p><span style=\"margin: 0px;padding: 0px;font-weight: 450;font-size: 14px;line-height: 21px;color: var(--dark-grey2);font-family: Lato, sans-serif;font-style: normal;letter-spacing: normal;text-align: start;text-indent: 0px;text-transform: none\">Produto: M\u00f3dulo Sa\u00edda de Fio Branco<br \/>\nMarca: Pial<br \/>\nLinha: Pialplus<br \/>\nCor: Branco<br \/>\nCaracter\u00edsticas: Desenvolvido em Termpl\u00e1stico de engenharia<br \/>\nItens Inclusos: M\u00f3dulo Sa\u00edda de Fio Branco Pial Pialplus<br \/>\nDimens\u00f5es do produto (A x L): 6 x 11 x 16 cm<\/span><\/p>\n","protected":false},"featured_media":12724,"template":"","meta":{"_joinchat":[]},"product_brand":[],"product_cat":[144],"product_tag":[],"class_list":{"0":"post-12648","1":"product","2":"type-product","3":"status-publish","4":"has-post-thumbnail","6":"product_cat-tomadas-e-cia","8":"first","9":"instock","10":"shipping-taxable","11":"purchasable","12":"product-type-simple"},"_links":{"self":[{"href":"https:\/\/www.multicasa.com.br\/cuiaba\/wp-json\/wp\/v2\/product\/12648","targetHints":{"allow":["GET"]}}],"collection":[{"href":"https:\/\/www.multicasa.com.br\/cuiaba\/wp-json\/wp\/v2\/product"}],"about":[{"href":"https:\/\/www.multicasa.com.br\/cuiaba\/wp-json\/wp\/v2\/types\/product"}],"wp:featuredmedia":[{"embeddable":true,"href":"https:\/\/www.multicasa.com.br\/cuiaba\/wp-json\/wp\/v2\/media\/12724"}],"wp:attachment":[{"href":"https:\/\/www.multicasa.com.br\/cuiaba\/wp-json\/wp\/v2\/media?parent=12648"}],"wp:term":[{"taxonomy":"product_brand","embeddable":true,"href":"https:\/\/www.multicasa.com.br\/cuiaba\/wp-json\/wp\/v2\/product_brand?post=12648"},{"taxonomy":"product_cat","embeddable":true,"href":"https:\/\/www.multicasa.com.br\/cuiaba\/wp-json\/wp\/v2\/product_cat?post=12648"},{"taxonomy":"product_tag","embeddable":true,"href":"https:\/\/www.multicasa.com.br\/cuiaba\/wp-json\/wp\/v2\/product_tag?post=12648"}],"curies":[{"name":"wp","href":"https:\/\/api.w.org\/{rel}","templated":true}]}}