{"id":12674,"date":"2025-06-20T18:19:24","date_gmt":"2025-06-20T22:19:24","guid":{"rendered":"http:\/\/www.multicasa.com.br\/cuiaba\/?post_type=product&#038;p=12674"},"modified":"2025-10-31T10:25:09","modified_gmt":"2025-10-31T14:25:09","slug":"placa-para-4-postos-juntos-4x4-branco-pial-pialplus","status":"publish","type":"product","link":"https:\/\/www.multicasa.com.br\/cuiaba\/produto\/placa-para-4-postos-juntos-4x4-branco-pial-pialplus\/","title":{"rendered":"Placa para 4 Postos Juntos 4&#215;4 Branco Pial Pialplus<br>SKU: 1998919"},"content":{"rendered":"<p>A Placa para 4 postos Juntos 4&#215;4 Branco Pial Pialplus \u00e9 indicada para as instala\u00e7\u00f5es el\u00e9tricas de resid\u00eancias e ambientes comerciais. Um produto de f\u00e1cil insta\u00e7\u00e3o, \u00e9 uma placa que possui acabamento elegante e discreto, desenvolvido para que voc\u00ea possa ter mais seguran\u00e7a nas instala\u00e7\u00f5es el\u00e9tricas do ambiente.<\/p>\n","protected":false},"excerpt":{"rendered":"<h4 style=\"margin: 0px;padding: 0px 0px 16px;font-family: Lato, sans-serif;font-weight: bold;line-height: 3rem;color: var(--dark-grey3);font-size: 22px;font-style: normal;letter-spacing: normal;text-align: start;text-indent: 0px;text-transform: none\">Informa\u00e7\u00f5es t\u00e9cnicas<\/h4>\n<p><span style=\"margin: 0px;padding: 0px;font-weight: 450;font-size: 14px;line-height: 21px;color: var(--dark-grey2);font-family: Lato, sans-serif;font-style: normal;letter-spacing: normal;text-align: start;text-indent: 0px;text-transform: none\">Produto: Placa para 4 postos Juntos<br \/>\nMarca: Pialplus<br \/>\nMaterial: Pl\u00e1stico<br \/>\nCor: Branca<br \/>\nCaracter\u00edsticas: Linha Modular, acabamento perfeito para sua casa.<br \/>\nItens inclusos: 1 Placa para 4 Postos Juntos 4&#215;4<br \/>\nDimens\u00f5es do produto (A X L X C): 12.5cm X 12,5 X 18cm<\/span><\/p>\n","protected":false},"featured_media":25730,"template":"","meta":{"_joinchat":[]},"product_brand":[],"product_cat":[144],"product_tag":[],"class_list":{"0":"post-12674","1":"product","2":"type-product","3":"status-publish","4":"has-post-thumbnail","6":"product_cat-tomadas-e-cia","8":"first","9":"instock","10":"shipping-taxable","11":"purchasable","12":"product-type-simple"},"_links":{"self":[{"href":"https:\/\/www.multicasa.com.br\/cuiaba\/wp-json\/wp\/v2\/product\/12674","targetHints":{"allow":["GET"]}}],"collection":[{"href":"https:\/\/www.multicasa.com.br\/cuiaba\/wp-json\/wp\/v2\/product"}],"about":[{"href":"https:\/\/www.multicasa.com.br\/cuiaba\/wp-json\/wp\/v2\/types\/product"}],"wp:featuredmedia":[{"embeddable":true,"href":"https:\/\/www.multicasa.com.br\/cuiaba\/wp-json\/wp\/v2\/media\/25730"}],"wp:attachment":[{"href":"https:\/\/www.multicasa.com.br\/cuiaba\/wp-json\/wp\/v2\/media?parent=12674"}],"wp:term":[{"taxonomy":"product_brand","embeddable":true,"href":"https:\/\/www.multicasa.com.br\/cuiaba\/wp-json\/wp\/v2\/product_brand?post=12674"},{"taxonomy":"product_cat","embeddable":true,"href":"https:\/\/www.multicasa.com.br\/cuiaba\/wp-json\/wp\/v2\/product_cat?post=12674"},{"taxonomy":"product_tag","embeddable":true,"href":"https:\/\/www.multicasa.com.br\/cuiaba\/wp-json\/wp\/v2\/product_tag?post=12674"}],"curies":[{"name":"wp","href":"https:\/\/api.w.org\/{rel}","templated":true}]}}