{"id":12772,"date":"2025-06-20T18:20:35","date_gmt":"2025-06-20T22:20:35","guid":{"rendered":"http:\/\/www.multicasa.com.br\/cuiaba\/?post_type=product&#038;p=12772"},"modified":"2026-04-23T17:20:13","modified_gmt":"2026-04-23T21:20:13","slug":"lampada-de-led-branca-taschibra-17w-bivolt","status":"publish","type":"product","link":"https:\/\/www.multicasa.com.br\/cuiaba\/produto\/lampada-de-led-branca-taschibra-17w-bivolt\/","title":{"rendered":"L\u00e2mpada de Led Branca Taschibra 17W Bivolt<br>SKU: 2018263"},"content":{"rendered":"<p>Voc\u00ea pode iluminar com maior efici\u00eancia qualquer tipo de ambiente usando a l\u00e2mpada de LED branca Taschibra. Garante at\u00e9 80% de economia, alta durabilidade e pode ser usado em salas, cozinhas, banheiros, quartos e outros c\u00f4modos, transmitindo sensa\u00e7\u00e3o de relaxamento. Bivolt, possui 17w de pot\u00eancia e temperatura da cor em 6500k. Deve ser usada no bocal compat\u00edvel com o soquete E27 e possui fluxo luminoso de 1507 lumens.<\/p>\n","protected":false},"excerpt":{"rendered":"<h4 style=\"margin: 0px;padding: 0px 0px 16px;font-family: Lato, sans-serif;font-weight: bold;line-height: 3rem;color: var(--dark-grey3);font-size: 22px;font-style: normal;letter-spacing: normal;text-align: start;text-indent: 0px;text-transform: none\">Informa\u00e7\u00f5es t\u00e9cnicas<\/h4>\n<p><span style=\"margin: 0px;padding: 0px;font-weight: 450;font-size: 14px;line-height: 21px;color: var(--dark-grey2);font-family: Lato, sans-serif;font-style: normal;letter-spacing: normal;text-align: start;text-indent: 0px;text-transform: none\">Produto: L\u00e2mpada<br \/>\nMarca: Taschibra<br \/>\nModelo: TKL 100<br \/>\nMaterial: Policarbonato, alum\u00ednio<br \/>\nCor: Branca<br \/>\nCor da Luz: Branco<br \/>\nPot\u00eancia: 17w<br \/>\nTens\u00e3o El\u00e9trica: Bivolt<br \/>\nFrequ\u00eancia 50\/60HZ<br \/>\nTemperatura de cor: 6500K<br \/>\nCaracter\u00edsticas: Soquete E27, equival\u00eancia Fluorescente 29w, equival\u00eancia Incandescente 100w<br \/>\nFluxo Luminoso 1507LM, efici\u00eancia Luminosa 100ml\/W, fator de Pot\u00eancia: 0,7, \u00e2ngulo da abertura: 200\u00b0, \u00edndice de prote\u00e7\u00e3o IP20, vida \u00datil 25000H<br \/>\nItens Inclusos: 1 L\u00e2mpada<br \/>\nDimens\u00f5es do produto (A X L): 14 x 7,3cm<br \/>\nGarantia: 3 anos<\/span><\/p>\n","protected":false},"featured_media":12825,"template":"","meta":{"_joinchat":[]},"product_brand":[],"product_cat":[80],"product_tag":[],"class_list":{"0":"post-12772","1":"product","2":"type-product","3":"status-publish","4":"has-post-thumbnail","6":"product_cat-lampadas","8":"first","9":"instock","10":"shipping-taxable","11":"purchasable","12":"product-type-simple"},"_links":{"self":[{"href":"https:\/\/www.multicasa.com.br\/cuiaba\/wp-json\/wp\/v2\/product\/12772","targetHints":{"allow":["GET"]}}],"collection":[{"href":"https:\/\/www.multicasa.com.br\/cuiaba\/wp-json\/wp\/v2\/product"}],"about":[{"href":"https:\/\/www.multicasa.com.br\/cuiaba\/wp-json\/wp\/v2\/types\/product"}],"wp:featuredmedia":[{"embeddable":true,"href":"https:\/\/www.multicasa.com.br\/cuiaba\/wp-json\/wp\/v2\/media\/12825"}],"wp:attachment":[{"href":"https:\/\/www.multicasa.com.br\/cuiaba\/wp-json\/wp\/v2\/media?parent=12772"}],"wp:term":[{"taxonomy":"product_brand","embeddable":true,"href":"https:\/\/www.multicasa.com.br\/cuiaba\/wp-json\/wp\/v2\/product_brand?post=12772"},{"taxonomy":"product_cat","embeddable":true,"href":"https:\/\/www.multicasa.com.br\/cuiaba\/wp-json\/wp\/v2\/product_cat?post=12772"},{"taxonomy":"product_tag","embeddable":true,"href":"https:\/\/www.multicasa.com.br\/cuiaba\/wp-json\/wp\/v2\/product_tag?post=12772"}],"curies":[{"name":"wp","href":"https:\/\/api.w.org\/{rel}","templated":true}]}}