{"id":13522,"date":"2025-06-20T18:30:06","date_gmt":"2025-06-20T22:30:06","guid":{"rendered":"http:\/\/www.multicasa.com.br\/cuiaba\/?post_type=product&#038;p=13522"},"modified":"2026-04-06T15:01:59","modified_gmt":"2026-04-06T19:01:59","slug":"sache-perfumado-aromatizador-lavanda-25g-amazonia-aromas","status":"publish","type":"product","link":"https:\/\/www.multicasa.com.br\/cuiaba\/produto\/sache-perfumado-aromatizador-lavanda-25g-amazonia-aromas\/","title":{"rendered":"Sach\u00ea Perfumado Aromatizador Lavanda 25g Amaz\u00f4nia Aromas<br>SKU: 2083290"},"content":{"rendered":"<p>O Sach\u00ea Perfumado Aromatizador da Amaz\u00f4nia Aromas com fragr\u00e2ncia de Lavanda de 25g s\u00e3o ideais para pequenos ambientes, como gavetas, arm\u00e1rios, malas, porta-luvas e etc. Os sach\u00eas de envelope foram desenvolvidos para proporcionar um perfume agrad\u00e1vel e duradouro. Mantenha os ambientes com o seu aroma preferido!<\/p>\n","protected":false},"excerpt":{"rendered":"<h4 style=\"margin: 0px;padding: 0px 0px 16px;font-family: Lato, sans-serif;font-weight: bold;line-height: 3rem;color: var(--dark-grey3);font-size: 22px;font-style: normal;letter-spacing: normal;text-align: start;text-indent: 0px;text-transform: none\">Informa\u00e7\u00f5es t\u00e9cnicas<\/h4>\n<p><span style=\"margin: 0px;padding: 0px;font-weight: 450;font-size: 14px;line-height: 21px;color: var(--dark-grey2);font-family: Lato, sans-serif;font-style: normal;letter-spacing: normal;text-align: start;text-indent: 0px;text-transform: none\">Produto: Sach\u00ea perfumado<br \/>\nMarca: Amaz\u00f4nia Aromas<br \/>\nConte\u00fado: 25g<br \/>\nCaracter\u00edsticas: Fragr\u00e2ncia Lavanda<br \/>\nItens Inclusos: 1 sach\u00ea perfumado<br \/>\nDimens\u00f5es do produto (A x L): 10 x 10 x 2cm<\/span><\/p>\n","protected":false},"featured_media":13608,"template":"","meta":{"_joinchat":[]},"product_brand":[],"product_cat":[96],"product_tag":[],"class_list":{"0":"post-13522","1":"product","2":"type-product","3":"status-publish","4":"has-post-thumbnail","6":"product_cat-limpeza-e-cia","8":"first","9":"instock","10":"shipping-taxable","11":"purchasable","12":"product-type-simple"},"_links":{"self":[{"href":"https:\/\/www.multicasa.com.br\/cuiaba\/wp-json\/wp\/v2\/product\/13522","targetHints":{"allow":["GET"]}}],"collection":[{"href":"https:\/\/www.multicasa.com.br\/cuiaba\/wp-json\/wp\/v2\/product"}],"about":[{"href":"https:\/\/www.multicasa.com.br\/cuiaba\/wp-json\/wp\/v2\/types\/product"}],"wp:featuredmedia":[{"embeddable":true,"href":"https:\/\/www.multicasa.com.br\/cuiaba\/wp-json\/wp\/v2\/media\/13608"}],"wp:attachment":[{"href":"https:\/\/www.multicasa.com.br\/cuiaba\/wp-json\/wp\/v2\/media?parent=13522"}],"wp:term":[{"taxonomy":"product_brand","embeddable":true,"href":"https:\/\/www.multicasa.com.br\/cuiaba\/wp-json\/wp\/v2\/product_brand?post=13522"},{"taxonomy":"product_cat","embeddable":true,"href":"https:\/\/www.multicasa.com.br\/cuiaba\/wp-json\/wp\/v2\/product_cat?post=13522"},{"taxonomy":"product_tag","embeddable":true,"href":"https:\/\/www.multicasa.com.br\/cuiaba\/wp-json\/wp\/v2\/product_tag?post=13522"}],"curies":[{"name":"wp","href":"https:\/\/api.w.org\/{rel}","templated":true}]}}