{"id":13652,"date":"2025-06-20T18:31:48","date_gmt":"2025-06-20T22:31:48","guid":{"rendered":"http:\/\/www.multicasa.com.br\/cuiaba\/?post_type=product&#038;p=13652"},"modified":"2026-04-04T13:20:17","modified_gmt":"2026-04-04T17:20:17","slug":"mangueira-para-filtro-1-4-branca-2-metros-planeta-agua","status":"publish","type":"product","link":"https:\/\/www.multicasa.com.br\/cuiaba\/produto\/mangueira-para-filtro-1-4-branca-2-metros-planeta-agua\/","title":{"rendered":"Mangueira para Filtro 1\/4&#8243; Branca 2 Metros Planeta \u00c1gua<br>SKU: 2101388"},"content":{"rendered":"<p>A Mangueira para Filtro 1\/4&#8243; Branca 2 Metros Planeta \u00c1gua \u00e9 compat\u00edvel com: geladeiras Side by Side, aparelhos Electrolux, Consul, IBBL, Master Frio, Europa e outros.<\/p>\n","protected":false},"excerpt":{"rendered":"<h4 style=\"margin: 0px;padding: 0px 0px 16px;font-family: Lato, sans-serif;font-weight: bold;line-height: 3rem;color: var(--dark-grey3);font-size: 22px;font-style: normal;letter-spacing: normal;text-align: start;text-indent: 0px;text-transform: none\">Informa\u00e7\u00f5es t\u00e9cnicas<\/h4>\n<p><span style=\"margin: 0px;padding: 0px;font-weight: 450;font-size: 14px;line-height: 21px;color: var(--dark-grey2);font-family: Lato, sans-serif;font-style: normal;letter-spacing: normal;text-align: start;text-indent: 0px;text-transform: none\">Produto: Mangueira para Filtro de \u00c1gua<br \/>\nMarca: Planeta \u00c1gua                                                                                                                                                Modelo: MG009<br \/>\nMaterial: Polietileno At\u00f3xico<br \/>\nCor: Branca<br \/>\nCaracter\u00edsticas: Fina 1\/4&#8243;; Temperatura de opera\u00e7\u00e3o: 1 a 40 \u00b0C; Press\u00e3o de opera\u00e7\u00e3o: 29 a 392 kPa<br \/>\nItens Inclusos: 1 mangueira para filtro de \u00e1gua<br \/>\nDimens\u00f5es do produto (C): 2m                                                                                                                                       Peso: 0,012kg                                                                                                                                                       Garantia: 90 dias<\/span><\/p>\n","protected":false},"featured_media":25538,"template":"","meta":{"_joinchat":[]},"product_brand":[],"product_cat":[67],"product_tag":[],"class_list":{"0":"post-13652","1":"product","2":"type-product","3":"status-publish","4":"has-post-thumbnail","6":"product_cat-torneiras-e-cia","8":"first","9":"instock","10":"shipping-taxable","11":"purchasable","12":"product-type-simple"},"_links":{"self":[{"href":"https:\/\/www.multicasa.com.br\/cuiaba\/wp-json\/wp\/v2\/product\/13652","targetHints":{"allow":["GET"]}}],"collection":[{"href":"https:\/\/www.multicasa.com.br\/cuiaba\/wp-json\/wp\/v2\/product"}],"about":[{"href":"https:\/\/www.multicasa.com.br\/cuiaba\/wp-json\/wp\/v2\/types\/product"}],"wp:featuredmedia":[{"embeddable":true,"href":"https:\/\/www.multicasa.com.br\/cuiaba\/wp-json\/wp\/v2\/media\/25538"}],"wp:attachment":[{"href":"https:\/\/www.multicasa.com.br\/cuiaba\/wp-json\/wp\/v2\/media?parent=13652"}],"wp:term":[{"taxonomy":"product_brand","embeddable":true,"href":"https:\/\/www.multicasa.com.br\/cuiaba\/wp-json\/wp\/v2\/product_brand?post=13652"},{"taxonomy":"product_cat","embeddable":true,"href":"https:\/\/www.multicasa.com.br\/cuiaba\/wp-json\/wp\/v2\/product_cat?post=13652"},{"taxonomy":"product_tag","embeddable":true,"href":"https:\/\/www.multicasa.com.br\/cuiaba\/wp-json\/wp\/v2\/product_tag?post=13652"}],"curies":[{"name":"wp","href":"https:\/\/api.w.org\/{rel}","templated":true}]}}