{"id":13814,"date":"2025-06-20T18:33:47","date_gmt":"2025-06-20T22:33:47","guid":{"rendered":"http:\/\/www.multicasa.com.br\/cuiaba\/?post_type=product&#038;p=13814"},"modified":"2026-03-16T12:30:11","modified_gmt":"2026-03-16T16:30:11","slug":"limpador-multiuso-pingo-magico-original-1l","status":"publish","type":"product","link":"https:\/\/www.multicasa.com.br\/cuiaba\/produto\/limpador-multiuso-pingo-magico-original-1l\/","title":{"rendered":"Limpador Multiuso Pingo M\u00e1gico Original 1L<br>SKU: 2117644"},"content":{"rendered":"<p>O Limpador Multiuso Pingo M\u00e1gico de 1 litro conta com uma fragr\u00e2ncia original da marca. Um produto de tecnologia em limpeza para uso dom\u00e9stico e profissional, que limpa toda e qualquer tipo de sujeira sem agredir as m\u00e3os, pois n\u00e3o cont\u00e9m nem cloro, nem soa, nem am\u00f4nia e nem solventes. Pingo M\u00e1gico \u00e9 Biodegrad\u00e1vel.<\/p>\n","protected":false},"excerpt":{"rendered":"<h4 style=\"margin: 0px;padding: 0px 0px 16px;font-family: Lato, sans-serif;font-weight: bold;line-height: 3rem;color: var(--dark-grey3);font-size: 22px;font-style: normal;letter-spacing: normal;text-align: start;text-indent: 0px;text-transform: none\">Informa\u00e7\u00f5es t\u00e9cnicas<\/h4>\n<p><span style=\"margin: 0px;padding: 0px;font-weight: 450;font-size: 14px;line-height: 21px;color: var(--dark-grey2);font-family: Lato, sans-serif;font-style: normal;letter-spacing: normal;text-align: start;text-indent: 0px;text-transform: none\">Produto: Limpador Multiuso<br \/>\nMarca: Pingo M\u00e1gico<br \/>\nConte\u00fado: 1L<br \/>\nCaracter\u00edstica: Limpeza de uso geral; Desengordurante; Biodegrad\u00e1vel<br \/>\nItens Inclusos: 1 Limpador multiuso<br \/>\nDimens\u00f5es do produto (A x L x P): 25 x 12 x 9,5cm<br \/>\nPeso: 1,083kg<\/span><\/p>\n","protected":false},"featured_media":13887,"template":"","meta":{"_joinchat":[]},"product_brand":[],"product_cat":[96],"product_tag":[],"class_list":{"0":"post-13814","1":"product","2":"type-product","3":"status-publish","4":"has-post-thumbnail","6":"product_cat-limpeza-e-cia","8":"first","9":"instock","10":"shipping-taxable","11":"purchasable","12":"product-type-simple"},"_links":{"self":[{"href":"https:\/\/www.multicasa.com.br\/cuiaba\/wp-json\/wp\/v2\/product\/13814","targetHints":{"allow":["GET"]}}],"collection":[{"href":"https:\/\/www.multicasa.com.br\/cuiaba\/wp-json\/wp\/v2\/product"}],"about":[{"href":"https:\/\/www.multicasa.com.br\/cuiaba\/wp-json\/wp\/v2\/types\/product"}],"wp:featuredmedia":[{"embeddable":true,"href":"https:\/\/www.multicasa.com.br\/cuiaba\/wp-json\/wp\/v2\/media\/13887"}],"wp:attachment":[{"href":"https:\/\/www.multicasa.com.br\/cuiaba\/wp-json\/wp\/v2\/media?parent=13814"}],"wp:term":[{"taxonomy":"product_brand","embeddable":true,"href":"https:\/\/www.multicasa.com.br\/cuiaba\/wp-json\/wp\/v2\/product_brand?post=13814"},{"taxonomy":"product_cat","embeddable":true,"href":"https:\/\/www.multicasa.com.br\/cuiaba\/wp-json\/wp\/v2\/product_cat?post=13814"},{"taxonomy":"product_tag","embeddable":true,"href":"https:\/\/www.multicasa.com.br\/cuiaba\/wp-json\/wp\/v2\/product_tag?post=13814"}],"curies":[{"name":"wp","href":"https:\/\/api.w.org\/{rel}","templated":true}]}}