{"id":13879,"date":"2025-06-20T18:34:35","date_gmt":"2025-06-20T22:34:35","guid":{"rendered":"http:\/\/www.multicasa.com.br\/cuiaba\/?post_type=product&#038;p=13879"},"modified":"2026-04-06T12:01:08","modified_gmt":"2026-04-06T16:01:08","slug":"purificador-de-agua-com-torneira-de-mesa-acqua-due-branco-lorenzetti","status":"publish","type":"product","link":"https:\/\/www.multicasa.com.br\/cuiaba\/produto\/purificador-de-agua-com-torneira-de-mesa-acqua-due-branco-lorenzetti\/","title":{"rendered":"Purificador de \u00c1gua com Torneira de Mesa Acqua Due Branco Lorenzetti<br>SKU: 2127595"},"content":{"rendered":"<p>Purificador de \u00c1gua com Torneira de Mesa Acqua Due Branco Lorenzetti. Com o objetivo de ampliar e renovar o mix de purificadores de \u00e1gua, a Lorenzetti apresenta o acqua due. Sin\u00f4nimo de inova\u00e7\u00e3o e com design premiado pelo museu da casa brasileira, o acqua due combina design moderno com alta tecnologia. O acqua due possui \u00f3timo custo-benef\u00edcio, pre\u00e7o acess\u00edvel e competitivo, que vai impulsionar as vendas e contribuir para o giro do produto nos pontos de vendas.<\/p>\n","protected":false},"excerpt":{"rendered":"<h4 style=\"margin: 0px;padding: 0px 0px 16px;font-family: Lato, sans-serif;font-weight: bold;line-height: 3rem;color: var(--dark-grey3);font-size: 22px;font-style: normal;letter-spacing: normal;text-align: start;text-indent: 0px;text-transform: none\">Informa\u00e7\u00f5es t\u00e9cnicas<\/h4>\n<p><span style=\"margin: 0px;padding: 0px;font-weight: 450;font-size: 14px;line-height: 21px;color: var(--dark-grey2);font-family: Lato, sans-serif;font-style: normal;letter-spacing: normal;text-align: start;text-indent: 0px;text-transform: none\">Produto: Purificador de \u00c1gua<br \/>\nMarca: Lorenzetti<br \/>\nMaterial: Polipropileno<br \/>\nCor: Branco<br \/>\nItens Inclusos: ?1 Purificador<br \/>\nDimens\u00f5es do produto: ?20.5 x 10.5 x 27.1 cm; 900 g<br \/>\n<\/span><\/p>\n","protected":false},"featured_media":25864,"template":"","meta":{"_joinchat":[]},"product_brand":[],"product_cat":[74],"product_tag":[],"class_list":{"0":"post-13879","1":"product","2":"type-product","3":"status-publish","4":"has-post-thumbnail","6":"product_cat-reparos-hidraulicos","8":"first","9":"instock","10":"sale","11":"featured","12":"shipping-taxable","13":"purchasable","14":"product-type-simple"},"_links":{"self":[{"href":"https:\/\/www.multicasa.com.br\/cuiaba\/wp-json\/wp\/v2\/product\/13879","targetHints":{"allow":["GET"]}}],"collection":[{"href":"https:\/\/www.multicasa.com.br\/cuiaba\/wp-json\/wp\/v2\/product"}],"about":[{"href":"https:\/\/www.multicasa.com.br\/cuiaba\/wp-json\/wp\/v2\/types\/product"}],"wp:featuredmedia":[{"embeddable":true,"href":"https:\/\/www.multicasa.com.br\/cuiaba\/wp-json\/wp\/v2\/media\/25864"}],"wp:attachment":[{"href":"https:\/\/www.multicasa.com.br\/cuiaba\/wp-json\/wp\/v2\/media?parent=13879"}],"wp:term":[{"taxonomy":"product_brand","embeddable":true,"href":"https:\/\/www.multicasa.com.br\/cuiaba\/wp-json\/wp\/v2\/product_brand?post=13879"},{"taxonomy":"product_cat","embeddable":true,"href":"https:\/\/www.multicasa.com.br\/cuiaba\/wp-json\/wp\/v2\/product_cat?post=13879"},{"taxonomy":"product_tag","embeddable":true,"href":"https:\/\/www.multicasa.com.br\/cuiaba\/wp-json\/wp\/v2\/product_tag?post=13879"}],"curies":[{"name":"wp","href":"https:\/\/api.w.org\/{rel}","templated":true}]}}