{"id":13904,"date":"2025-06-20T18:34:58","date_gmt":"2025-06-20T22:34:58","guid":{"rendered":"http:\/\/www.multicasa.com.br\/cuiaba\/?post_type=product&#038;p=13904"},"modified":"2026-04-09T10:50:39","modified_gmt":"2026-04-09T14:50:39","slug":"resistencia-chuveiro-lorenzetti-loren-ultra-6800w-original-bella-ducha-ultra-220v","status":"publish","type":"product","link":"https:\/\/www.multicasa.com.br\/cuiaba\/produto\/resistencia-chuveiro-lorenzetti-loren-ultra-6800w-original-bella-ducha-ultra-220v\/","title":{"rendered":"Resist\u00eancia Chuveiro Lorenzetti Loren Ultra 6800W Original Bella Ducha Ultra 220v<br>SKU: 2129254"},"content":{"rendered":"<p>A Resist\u00eancia Chuveiro Lorenzetti Loren Ultra 220V 6800W Original (Bella Ducha Ultra) \u00e9 um produto de excelente efici\u00eancia para garantir alta performance no funcionamento do Chuveiro. Desenvolvido em Alum\u00ednio\/Ferro Cromo\/Lat\u00e3o\/Termopl\u00e1stico \u00e9 um produto completo de excelente durabilidade. Compat\u00edvel com Bella Ducha Ultra.<\/p>\n","protected":false},"excerpt":{"rendered":"<h4 style=\"margin: 0px;padding: 0px 0px 16px;font-family: Lato, sans-serif;font-weight: bold;line-height: 3rem;color: var(--dark-grey3);font-size: 22px;font-style: normal;letter-spacing: normal;text-align: start;text-indent: 0px;text-transform: none\">Informa\u00e7\u00f5es t\u00e9cnicas<\/h4>\n<p><span style=\"margin: 0px;padding: 0px;font-weight: 450;font-size: 14px;line-height: 21px;color: var(--dark-grey2);font-family: Lato, sans-serif;font-style: normal;letter-spacing: normal;text-align: start;text-indent: 0px;text-transform: none\">Produto: Resistencia para Chuveiro<br \/>\nMarca: Lorenzetti<br \/>\nMaterial: Alum\u00ednio\/Ferro Cromo\/Lat\u00e3o\/Termopl\u00e1stico<br \/>\nCor: Cinza<br \/>\nVoltagem: 200v<br \/>\nPotencia: 6800W<br \/>\nCaracter\u00edsticas:<br \/>\nDimens\u00f5es do produto (A X L X P): 5,8 x 0,5 x 25,5cm<br \/>\nGarantia: 1 ano<\/span><\/p>\n","protected":false},"featured_media":26598,"template":"","meta":{"_joinchat":[]},"product_brand":[],"product_cat":[71],"product_tag":[],"class_list":{"0":"post-13904","1":"product","2":"type-product","3":"status-publish","4":"has-post-thumbnail","6":"product_cat-chuveiros","8":"first","9":"instock","10":"shipping-taxable","11":"purchasable","12":"product-type-simple"},"_links":{"self":[{"href":"https:\/\/www.multicasa.com.br\/cuiaba\/wp-json\/wp\/v2\/product\/13904","targetHints":{"allow":["GET"]}}],"collection":[{"href":"https:\/\/www.multicasa.com.br\/cuiaba\/wp-json\/wp\/v2\/product"}],"about":[{"href":"https:\/\/www.multicasa.com.br\/cuiaba\/wp-json\/wp\/v2\/types\/product"}],"wp:featuredmedia":[{"embeddable":true,"href":"https:\/\/www.multicasa.com.br\/cuiaba\/wp-json\/wp\/v2\/media\/26598"}],"wp:attachment":[{"href":"https:\/\/www.multicasa.com.br\/cuiaba\/wp-json\/wp\/v2\/media?parent=13904"}],"wp:term":[{"taxonomy":"product_brand","embeddable":true,"href":"https:\/\/www.multicasa.com.br\/cuiaba\/wp-json\/wp\/v2\/product_brand?post=13904"},{"taxonomy":"product_cat","embeddable":true,"href":"https:\/\/www.multicasa.com.br\/cuiaba\/wp-json\/wp\/v2\/product_cat?post=13904"},{"taxonomy":"product_tag","embeddable":true,"href":"https:\/\/www.multicasa.com.br\/cuiaba\/wp-json\/wp\/v2\/product_tag?post=13904"}],"curies":[{"name":"wp","href":"https:\/\/api.w.org\/{rel}","templated":true}]}}