{"id":13985,"date":"2025-06-20T18:36:06","date_gmt":"2025-06-20T22:36:06","guid":{"rendered":"http:\/\/www.multicasa.com.br\/cuiaba\/?post_type=product&#038;p=13985"},"modified":"2026-03-11T11:02:29","modified_gmt":"2026-03-11T15:02:29","slug":"limpador-multiuso-algodao-coala-120ml","status":"publish","type":"product","link":"https:\/\/www.multicasa.com.br\/cuiaba\/produto\/limpador-multiuso-algodao-coala-120ml\/","title":{"rendered":"Limpador Multiuso Algod\u00e3o Coala 120ml<br>SKU: 2133455"},"content":{"rendered":"<p>Use o Limpador Multiuso Coala com fragr\u00e2ncia de algod\u00e3o para limpar e perfumar sua casa, escrit\u00f3rio ou c\u00f4modo. Seu cheiro leve transmite a sensa\u00e7\u00e3o de bem-estar e limpeza em ambientes externos ou internos. Para us\u00e1-lo, basta diluir 10 gotas em 1 litro de \u00e1gua, agitar e utilizar. Ideal para quem deseja transformar seu lar ou trabalho em um local ainda mais aconchegante.<\/p>\n","protected":false},"excerpt":{"rendered":"<h4 style=\"margin: 0px;padding: 0px 0px 16px;font-family: Lato, sans-serif;font-weight: bold;line-height: 3rem;color: var(--dark-grey3);font-size: 22px;font-style: normal;letter-spacing: normal;text-align: start;text-indent: 0px;text-transform: none\">Informa\u00e7\u00f5es t\u00e9cnicas<\/h4>\n<p><span style=\"margin: 0px;padding: 0px;font-weight: 450;font-size: 14px;line-height: 21px;color: var(--dark-grey2);font-family: Lato, sans-serif;font-style: normal;letter-spacing: normal;text-align: start;text-indent: 0px;text-transform: none\">Produto: Limpador Multiuso<br \/>\nMarca: Coala<br \/>\nConte\u00fado: 120ml<br \/>\nCaracter\u00edsticas: fragr\u00e2ncia algod\u00e3o, bico dosador<br \/>\nItens Inclusos: 1 limpador multiuso<br \/>\nDimens\u00f5es do produto (A x L x P): 15,5 x 6cm<\/span><\/p>\n","protected":false},"featured_media":14055,"template":"","meta":{"_joinchat":[]},"product_brand":[],"product_cat":[96],"product_tag":[],"class_list":{"0":"post-13985","1":"product","2":"type-product","3":"status-publish","4":"has-post-thumbnail","6":"product_cat-limpeza-e-cia","8":"first","9":"instock","10":"shipping-taxable","11":"purchasable","12":"product-type-simple"},"_links":{"self":[{"href":"https:\/\/www.multicasa.com.br\/cuiaba\/wp-json\/wp\/v2\/product\/13985","targetHints":{"allow":["GET"]}}],"collection":[{"href":"https:\/\/www.multicasa.com.br\/cuiaba\/wp-json\/wp\/v2\/product"}],"about":[{"href":"https:\/\/www.multicasa.com.br\/cuiaba\/wp-json\/wp\/v2\/types\/product"}],"wp:featuredmedia":[{"embeddable":true,"href":"https:\/\/www.multicasa.com.br\/cuiaba\/wp-json\/wp\/v2\/media\/14055"}],"wp:attachment":[{"href":"https:\/\/www.multicasa.com.br\/cuiaba\/wp-json\/wp\/v2\/media?parent=13985"}],"wp:term":[{"taxonomy":"product_brand","embeddable":true,"href":"https:\/\/www.multicasa.com.br\/cuiaba\/wp-json\/wp\/v2\/product_brand?post=13985"},{"taxonomy":"product_cat","embeddable":true,"href":"https:\/\/www.multicasa.com.br\/cuiaba\/wp-json\/wp\/v2\/product_cat?post=13985"},{"taxonomy":"product_tag","embeddable":true,"href":"https:\/\/www.multicasa.com.br\/cuiaba\/wp-json\/wp\/v2\/product_tag?post=13985"}],"curies":[{"name":"wp","href":"https:\/\/api.w.org\/{rel}","templated":true}]}}