{"id":14143,"date":"2025-06-20T18:38:03","date_gmt":"2025-06-20T22:38:03","guid":{"rendered":"http:\/\/www.multicasa.com.br\/cuiaba\/?post_type=product&#038;p=14143"},"modified":"2026-02-04T09:50:36","modified_gmt":"2026-02-04T13:50:36","slug":"organizador-de-gaveta-colmeia-transparente-10-divisorias-praticita-8x30x43cm","status":"publish","type":"product","link":"https:\/\/www.multicasa.com.br\/cuiaba\/produto\/organizador-de-gaveta-colmeia-transparente-10-divisorias-praticita-8x30x43cm\/","title":{"rendered":"Organizador de Gaveta Colmeia Transparente 10 Divis\u00f3rias Praticit\u00e0 8x30x43cm<br>SKU: 2149395"},"content":{"rendered":"<p>O Organizador de Gaveta Colmeia Transparente 10 Divis\u00f3rias da Praticit\u00e0 facilita o armazenamento das suas roupas, evitando bagun\u00e7a e otimizando espa\u00e7o. Feito em pl\u00e1stico de excelente espessura e vi\u00e9s em poli\u00e9ster (gorgur\u00e3o). Seu acabamento \u00e9 de alt\u00edssima qualidade. No tamanho de 8x30x43cm \u00e9 ideal para organizar chinelos, suti\u00e3s, polos, bermudas, etc.<\/p>\n","protected":false},"excerpt":{"rendered":"<h4 style=\"margin: 0px;padding: 0px 0px 16px;font-family: Lato, sans-serif;font-weight: bold;line-height: 3rem;color: var(--dark-grey3);font-size: 22px;font-style: normal;letter-spacing: normal;text-align: start;text-indent: 0px;text-transform: none\">Informa\u00e7\u00f5es t\u00e9cnicas<\/h4>\n<p><span style=\"margin: 0px;padding: 0px;font-weight: 450;font-size: 14px;line-height: 21px;color: var(--dark-grey2);font-family: Lato, sans-serif;font-style: normal;letter-spacing: normal;text-align: start;text-indent: 0px;text-transform: none\">Produto: Organizador de Gaveta<br \/>\nMarca: Praticit\u00e0                                                                                                                                                      Modelo: Premium<br \/>\nMaterial: Pl\u00e1stico e Vi\u00e9s de Poli\u00e9ster (gorgur\u00e3o)<br \/>\nCor: Transparente com branco<br \/>\nCaracter\u00edsticas: Possui 10 divis\u00f3rias<br \/>\nItens Inclusos: 1 organizador de gaveta<br \/>\nDimens\u00f5es do produto (A x L x P): 8 x 30 x 43cm<br \/>\nPeso: 163g<\/span><\/p>\n","protected":false},"featured_media":14266,"template":"","meta":{"_joinchat":[]},"product_brand":[],"product_cat":[98],"product_tag":[],"class_list":{"0":"post-14143","1":"product","2":"type-product","3":"status-publish","4":"has-post-thumbnail","6":"product_cat-organizadores","8":"first","9":"instock","10":"shipping-taxable","11":"purchasable","12":"product-type-simple"},"_links":{"self":[{"href":"https:\/\/www.multicasa.com.br\/cuiaba\/wp-json\/wp\/v2\/product\/14143","targetHints":{"allow":["GET"]}}],"collection":[{"href":"https:\/\/www.multicasa.com.br\/cuiaba\/wp-json\/wp\/v2\/product"}],"about":[{"href":"https:\/\/www.multicasa.com.br\/cuiaba\/wp-json\/wp\/v2\/types\/product"}],"wp:featuredmedia":[{"embeddable":true,"href":"https:\/\/www.multicasa.com.br\/cuiaba\/wp-json\/wp\/v2\/media\/14266"}],"wp:attachment":[{"href":"https:\/\/www.multicasa.com.br\/cuiaba\/wp-json\/wp\/v2\/media?parent=14143"}],"wp:term":[{"taxonomy":"product_brand","embeddable":true,"href":"https:\/\/www.multicasa.com.br\/cuiaba\/wp-json\/wp\/v2\/product_brand?post=14143"},{"taxonomy":"product_cat","embeddable":true,"href":"https:\/\/www.multicasa.com.br\/cuiaba\/wp-json\/wp\/v2\/product_cat?post=14143"},{"taxonomy":"product_tag","embeddable":true,"href":"https:\/\/www.multicasa.com.br\/cuiaba\/wp-json\/wp\/v2\/product_tag?post=14143"}],"curies":[{"name":"wp","href":"https:\/\/api.w.org\/{rel}","templated":true}]}}