{"id":14417,"date":"2025-06-20T18:41:41","date_gmt":"2025-06-20T22:41:41","guid":{"rendered":"http:\/\/www.multicasa.com.br\/cuiaba\/?post_type=product&#038;p=14417"},"modified":"2026-04-06T12:01:36","modified_gmt":"2026-04-06T16:01:36","slug":"arandela-externa-led-hummer-evo-5w-branca-6500k-bivolt-avant","status":"publish","type":"product","link":"https:\/\/www.multicasa.com.br\/cuiaba\/produto\/arandela-externa-led-hummer-evo-5w-branca-6500k-bivolt-avant\/","title":{"rendered":"Arandela Externa Led Hummer Evo 5W Branca 6500K Bivolt Avant<br>SKU: 2184751"},"content":{"rendered":"<p>A Arandela Externa Led Hummer Evo da Avant \u00e9 indicada para ambientes externos, residenciais ou comerciais como rampas de acesso, garagens, escadas, varandas, muros, etc. Bivolt, na cor branca, pot\u00eancia de 5W e temperatura de cor 6500k, o produto \u00e9 feito de material pl\u00e1stico, possui cabo com duplo isolamento (cabo PP), driver interno isolado e fluxo luminoso constante em toda faixa de tens\u00e3o.<\/p>\n","protected":false},"excerpt":{"rendered":"<h4 style=\"margin: 0px; padding: 0px 0px 16px; font-family: Lato, sans-serif; font-weight: bold; line-height: 3rem; color: var(--dark-grey3); font-size: 22px; font-style: normal; letter-spacing: normal; text-align: start; text-indent: 0px; text-transform: none;\">Informa\u00e7\u00f5es t\u00e9cnicas<\/h4>\n<p><span style=\"margin: 0px; padding: 0px; font-weight: 450; font-size: 14px; line-height: 21px; color: var(--dark-grey2); font-family: Lato, sans-serif; font-style: normal; letter-spacing: normal; text-align: start; text-indent: 0px; text-transform: none;\">Produto: Arandela Tipo: Externa<br \/>\nMarca: Avant Modelo: Hummer Evo<br \/>\nCor: Branca<br \/>\nCor da Luz: Branca<br \/>\nPot\u00eancia: 5W<br \/>\nTens\u00e3o El\u00e9trica: Bivolt<br \/>\nTemperatura de cor: 6500K<br \/>\nCaracter\u00edsticas: LED; Baixo consumo de energia; \u00cdndice de prote\u00e7\u00e3o: IP65; Fluxo luminoso: 420lm.<br \/>\nItens Inclusos: 1 arandela e parafusos e buchas para fixa\u00e7\u00e3o<br \/>\nDimens\u00f5es do produto (A X L X P): 161 x 71 x 45mm<br \/>\nPeso: 96g Garantia: 1 ano<\/span><\/p>\n","protected":false},"featured_media":14486,"template":"","meta":{"_joinchat":[]},"product_brand":[],"product_cat":[79,171],"product_tag":[],"class_list":{"0":"post-14417","1":"product","2":"type-product","3":"status-publish","4":"has-post-thumbnail","6":"product_cat-iluminacao-decorativa","7":"product_cat-ofertas","9":"first","10":"instock","11":"sale","12":"featured","13":"shipping-taxable","14":"purchasable","15":"product-type-simple"},"_links":{"self":[{"href":"https:\/\/www.multicasa.com.br\/cuiaba\/wp-json\/wp\/v2\/product\/14417","targetHints":{"allow":["GET"]}}],"collection":[{"href":"https:\/\/www.multicasa.com.br\/cuiaba\/wp-json\/wp\/v2\/product"}],"about":[{"href":"https:\/\/www.multicasa.com.br\/cuiaba\/wp-json\/wp\/v2\/types\/product"}],"wp:featuredmedia":[{"embeddable":true,"href":"https:\/\/www.multicasa.com.br\/cuiaba\/wp-json\/wp\/v2\/media\/14486"}],"wp:attachment":[{"href":"https:\/\/www.multicasa.com.br\/cuiaba\/wp-json\/wp\/v2\/media?parent=14417"}],"wp:term":[{"taxonomy":"product_brand","embeddable":true,"href":"https:\/\/www.multicasa.com.br\/cuiaba\/wp-json\/wp\/v2\/product_brand?post=14417"},{"taxonomy":"product_cat","embeddable":true,"href":"https:\/\/www.multicasa.com.br\/cuiaba\/wp-json\/wp\/v2\/product_cat?post=14417"},{"taxonomy":"product_tag","embeddable":true,"href":"https:\/\/www.multicasa.com.br\/cuiaba\/wp-json\/wp\/v2\/product_tag?post=14417"}],"curies":[{"name":"wp","href":"https:\/\/api.w.org\/{rel}","templated":true}]}}