{"id":14419,"date":"2025-06-20T18:41:41","date_gmt":"2025-06-20T22:41:41","guid":{"rendered":"http:\/\/www.multicasa.com.br\/cuiaba\/?post_type=product&#038;p=14419"},"modified":"2025-11-22T11:35:09","modified_gmt":"2025-11-22T15:35:09","slug":"protetor-porta-documento-cnh-galeria-de-ideias","status":"publish","type":"product","link":"https:\/\/www.multicasa.com.br\/cuiaba\/produto\/protetor-porta-documento-cnh-galeria-de-ideias\/","title":{"rendered":"Protetor Porta Documento CNH Galeria de Ideias<br>SKU: 2185456"},"content":{"rendered":"<p>Com o Protetor Porta Documento para CNH da Galeria de Ideias voc\u00ea mant\u00e9m seus documentos sempre apresent\u00e1veis. Produzido em pl\u00e1stico PETG, diga adeus aos plastiquinhos moles. Com a capa protetora seus documentos n\u00e3o rasgam, n\u00e3o dobram e n\u00e3o amassam. Com aproximadamente 6,6&#215;8,8cm, tem o tamanho perfeito para sua CNH.<\/p>\n","protected":false},"excerpt":{"rendered":"<h4 style=\"margin: 0px;padding: 0px 0px 16px;font-family: Lato, sans-serif;font-weight: bold;line-height: 3rem;color: var(--dark-grey3);font-size: 22px;font-style: normal;letter-spacing: normal;text-align: start;text-indent: 0px;text-transform: none\">Informa\u00e7\u00f5es t\u00e9cnicas<\/h4>\n<p><span style=\"margin: 0px;padding: 0px;font-weight: 450;font-size: 14px;line-height: 21px;color: var(--dark-grey2);font-family: Lato, sans-serif;font-style: normal;letter-spacing: normal;text-align: start;text-indent: 0px;text-transform: none\">Produto: Protetor Porta Documento                                                                                                                              Tipo: CNH<br \/>\nMarca: Galeria de Ideias<br \/>\nMaterial: PETG<br \/>\nCaracter\u00edsticas: Transparente; Resistente; Bordas arredondadas<br \/>\nItens Inclusos: 1 Protetor porta documento<br \/>\nDimens\u00f5es do produto (A x L x P): 66 x 88 x 0,5mm<br \/>\nPeso: 11g<\/span><\/p>\n","protected":false},"featured_media":14490,"template":"","meta":{"_joinchat":[]},"product_brand":[],"product_cat":[98],"product_tag":[],"class_list":{"0":"post-14419","1":"product","2":"type-product","3":"status-publish","4":"has-post-thumbnail","6":"product_cat-organizadores","8":"first","9":"instock","10":"shipping-taxable","11":"purchasable","12":"product-type-simple"},"_links":{"self":[{"href":"https:\/\/www.multicasa.com.br\/cuiaba\/wp-json\/wp\/v2\/product\/14419","targetHints":{"allow":["GET"]}}],"collection":[{"href":"https:\/\/www.multicasa.com.br\/cuiaba\/wp-json\/wp\/v2\/product"}],"about":[{"href":"https:\/\/www.multicasa.com.br\/cuiaba\/wp-json\/wp\/v2\/types\/product"}],"wp:featuredmedia":[{"embeddable":true,"href":"https:\/\/www.multicasa.com.br\/cuiaba\/wp-json\/wp\/v2\/media\/14490"}],"wp:attachment":[{"href":"https:\/\/www.multicasa.com.br\/cuiaba\/wp-json\/wp\/v2\/media?parent=14419"}],"wp:term":[{"taxonomy":"product_brand","embeddable":true,"href":"https:\/\/www.multicasa.com.br\/cuiaba\/wp-json\/wp\/v2\/product_brand?post=14419"},{"taxonomy":"product_cat","embeddable":true,"href":"https:\/\/www.multicasa.com.br\/cuiaba\/wp-json\/wp\/v2\/product_cat?post=14419"},{"taxonomy":"product_tag","embeddable":true,"href":"https:\/\/www.multicasa.com.br\/cuiaba\/wp-json\/wp\/v2\/product_tag?post=14419"}],"curies":[{"name":"wp","href":"https:\/\/api.w.org\/{rel}","templated":true}]}}