{"id":14444,"date":"2025-06-20T18:42:04","date_gmt":"2025-06-20T22:42:04","guid":{"rendered":"http:\/\/www.multicasa.com.br\/cuiaba\/?post_type=product&#038;p=14444"},"modified":"2025-12-16T18:57:52","modified_gmt":"2025-12-16T22:57:52","slug":"filtro-de-linha-com-6-tomadas-preta-megatron-3m-bivolt","status":"publish","type":"product","link":"https:\/\/www.multicasa.com.br\/cuiaba\/produto\/filtro-de-linha-com-6-tomadas-preta-megatron-3m-bivolt\/","title":{"rendered":"Filtro de Linha com 6 Tomadas Preta Megatron 3M Bivolt<br>SKU: 2186263"},"content":{"rendered":"<p>O Filtro de Linha com 6 Tomadas Preta Circuit Breaker 3M Bivolt da Megatron \u00e9 ideal para proteger equipamentos eletroeletr\u00f4nicos como: televisores, home-theater, v\u00eddeo games, computadores, impressoras, telefones, entre outros. Possui fus\u00edvel que \u00e9 acionado automaticamente na ocorr\u00eancia de sobrecarga ou curto circuito.<\/p>\n","protected":false},"excerpt":{"rendered":"<h4 style=\"margin: 0px;padding: 0px 0px 16px;font-family: Lato, sans-serif;font-weight: bold;line-height: 3rem;color: var(--dark-grey3);font-size: 22px;font-style: normal;letter-spacing: normal;text-align: start;text-indent: 0px;text-transform: none\">Informa\u00e7\u00f5es t\u00e9cnicas<\/h4>\n<p><span style=\"margin: 0px;padding: 0px;font-weight: 450;font-size: 14px;line-height: 21px;color: var(--dark-grey2);font-family: Lato, sans-serif;font-style: normal;letter-spacing: normal;text-align: start;text-indent: 0px;text-transform: none\">Produto: Filtro de Linha<br \/>\nMarca: Megatron<br \/>\nCor: Preto<br \/>\nTens\u00e3o el\u00e9trica: Bivolt<br \/>\nCaracter\u00edsticas: 6 Tomadas 2P+T, Amperagem: 10A\/250V; Cabo PP 0,75mm\u00b2.<br \/>\nItens Inclusos: 1 Filtro de Linha<br \/>\nDimens\u00f5es do produto (C): 3m<br \/>\nPeso: 0,3kg<\/span><\/p>\n","protected":false},"featured_media":14498,"template":"","meta":{"_joinchat":[]},"product_brand":[],"product_cat":[120],"product_tag":[],"class_list":{"0":"post-14444","1":"product","2":"type-product","3":"status-publish","4":"has-post-thumbnail","6":"product_cat-extencoes-e-cia","8":"first","9":"instock","10":"shipping-taxable","11":"purchasable","12":"product-type-simple"},"_links":{"self":[{"href":"https:\/\/www.multicasa.com.br\/cuiaba\/wp-json\/wp\/v2\/product\/14444","targetHints":{"allow":["GET"]}}],"collection":[{"href":"https:\/\/www.multicasa.com.br\/cuiaba\/wp-json\/wp\/v2\/product"}],"about":[{"href":"https:\/\/www.multicasa.com.br\/cuiaba\/wp-json\/wp\/v2\/types\/product"}],"wp:featuredmedia":[{"embeddable":true,"href":"https:\/\/www.multicasa.com.br\/cuiaba\/wp-json\/wp\/v2\/media\/14498"}],"wp:attachment":[{"href":"https:\/\/www.multicasa.com.br\/cuiaba\/wp-json\/wp\/v2\/media?parent=14444"}],"wp:term":[{"taxonomy":"product_brand","embeddable":true,"href":"https:\/\/www.multicasa.com.br\/cuiaba\/wp-json\/wp\/v2\/product_brand?post=14444"},{"taxonomy":"product_cat","embeddable":true,"href":"https:\/\/www.multicasa.com.br\/cuiaba\/wp-json\/wp\/v2\/product_cat?post=14444"},{"taxonomy":"product_tag","embeddable":true,"href":"https:\/\/www.multicasa.com.br\/cuiaba\/wp-json\/wp\/v2\/product_tag?post=14444"}],"curies":[{"name":"wp","href":"https:\/\/api.w.org\/{rel}","templated":true}]}}