{"id":14720,"date":"2025-06-20T18:45:32","date_gmt":"2025-06-20T22:45:32","guid":{"rendered":"http:\/\/www.multicasa.com.br\/cuiaba\/?post_type=product&#038;p=14720"},"modified":"2025-10-31T10:46:43","modified_gmt":"2025-10-31T14:46:43","slug":"lanterna-de-led-em-aluminio-recarregavel-vonder","status":"publish","type":"product","link":"https:\/\/www.multicasa.com.br\/cuiaba\/produto\/lanterna-de-led-em-aluminio-recarregavel-vonder\/","title":{"rendered":"Lanterna de Led em Alum\u00ednio Recarreg\u00e1vel Vonder<br>SKU: 3142957"},"content":{"rendered":"<p>Use a Lanterna de Led em Alum\u00ednio Vonder para atividades em geral dom\u00e9sticas e de lazer como camping, caminhadas e mais. Com 9 leds e lente em policarbonato, possui fluxo luminoso de 30lm e alimenta\u00e7\u00e3o a 3 pilhas AAA (n\u00e3o inclusas). Com estrutura \u00e0 prova de umidade, n\u00e3o deve ser submersa. De cor preta, acompanha al\u00e7a de nylon para facilitar o transporte. Praticidade e seguran\u00e7a para seu dia a dia.<\/p>\n","protected":false},"excerpt":{"rendered":"<h4 style=\"margin: 0px;padding: 0px 0px 16px;font-family: Lato, sans-serif;font-weight: bold;line-height: 3rem;color: var(--dark-grey3);font-size: 22px;font-style: normal;letter-spacing: normal;text-align: start;text-indent: 0px;text-transform: none\">Informa\u00e7\u00f5es t\u00e9cnicas<\/h4>\n<p><span style=\"margin: 0px;padding: 0px;font-weight: 450;font-size: 14px;line-height: 21px;color: var(--dark-grey2);font-family: Lato, sans-serif;font-style: normal;letter-spacing: normal;text-align: start;text-indent: 0px;text-transform: none\">Produto: Lanterna de Led Recarreg\u00e1vel<br \/>\nMarca: Vonder<br \/>\nMaterial: Alum\u00ednio<br \/>\nLente em Policarbonato<br \/>\nCor: Preto<br \/>\nAlimenta\u00e7\u00e3o: 3 pilhas AAA<br \/>\nCaracter\u00edsticas: 9 leds<br \/>\n30LM<br \/>\n\u00c0 prova de umidade (n\u00e3o deve ser submersa)<br \/>\nItens inclusos: 1 Lanterna de led recarreg\u00e1vel<br \/>\nDimens\u00f5es do Produto 90mm<br \/>\nDi\u00e2metro da Lente: 27mm<\/span><\/p>\n","protected":false},"featured_media":14769,"template":"","meta":{"_joinchat":[]},"product_brand":[],"product_cat":[136],"product_tag":[],"class_list":{"0":"post-14720","1":"product","2":"type-product","3":"status-publish","4":"has-post-thumbnail","6":"product_cat-lazer","8":"first","9":"instock","10":"shipping-taxable","11":"purchasable","12":"product-type-simple"},"_links":{"self":[{"href":"https:\/\/www.multicasa.com.br\/cuiaba\/wp-json\/wp\/v2\/product\/14720","targetHints":{"allow":["GET"]}}],"collection":[{"href":"https:\/\/www.multicasa.com.br\/cuiaba\/wp-json\/wp\/v2\/product"}],"about":[{"href":"https:\/\/www.multicasa.com.br\/cuiaba\/wp-json\/wp\/v2\/types\/product"}],"wp:featuredmedia":[{"embeddable":true,"href":"https:\/\/www.multicasa.com.br\/cuiaba\/wp-json\/wp\/v2\/media\/14769"}],"wp:attachment":[{"href":"https:\/\/www.multicasa.com.br\/cuiaba\/wp-json\/wp\/v2\/media?parent=14720"}],"wp:term":[{"taxonomy":"product_brand","embeddable":true,"href":"https:\/\/www.multicasa.com.br\/cuiaba\/wp-json\/wp\/v2\/product_brand?post=14720"},{"taxonomy":"product_cat","embeddable":true,"href":"https:\/\/www.multicasa.com.br\/cuiaba\/wp-json\/wp\/v2\/product_cat?post=14720"},{"taxonomy":"product_tag","embeddable":true,"href":"https:\/\/www.multicasa.com.br\/cuiaba\/wp-json\/wp\/v2\/product_tag?post=14720"}],"curies":[{"name":"wp","href":"https:\/\/api.w.org\/{rel}","templated":true}]}}