{"id":14927,"date":"2025-06-20T18:48:29","date_gmt":"2025-06-20T22:48:29","guid":{"rendered":"http:\/\/www.multicasa.com.br\/cuiaba\/?post_type=product&#038;p=14927"},"modified":"2025-12-10T09:35:03","modified_gmt":"2025-12-10T13:35:03","slug":"serrinha-24-dentes-com-10-pecas-bimetal","status":"publish","type":"product","link":"https:\/\/www.multicasa.com.br\/cuiaba\/produto\/serrinha-24-dentes-com-10-pecas-bimetal\/","title":{"rendered":"Serrinha 24 Dentes com 10 Pe\u00e7as Bimetal<br>SKU: 3265897"},"content":{"rendered":"<p>Serrinha 24 Dentes com 10 Pe\u00e7as Bimetal, Combinando alta resist\u00eancia ao desgaste e tenacidade das l\u00e2minas r\u00edgidas com m\u00e1xima flexibilidade  &#8211; Pode ser utilizada nas mais exigentes condi\u00e7\u00f5es de trabalho, onde a mesma fica sujeita a esfor\u00e7os de tor\u00e7\u00e3o &#8211; Barra bimetal  &#8211; Fabricado em a\u00e7o HSS<\/p>\n","protected":false},"excerpt":{"rendered":"<h4 style=\"margin: 0px;padding: 0px 0px 16px;font-family: Lato, sans-serif;font-weight: bold;line-height: 3rem;color: var(--dark-grey3);font-size: 22px;font-style: normal;letter-spacing: normal;text-align: start;text-indent: 0px;text-transform: none\">Informa\u00e7\u00f5es t\u00e9cnicas<\/h4>\n<p><span style=\"margin: 0px;padding: 0px;font-weight: 450;font-size: 14px;line-height: 21px;color: var(--dark-grey2);font-family: Lato, sans-serif;font-style: normal;letter-spacing: normal;text-align: start;text-indent: 0px;text-transform: none\">Produto: Serrinha 24 Dentes com 10 Pe\u00e7as Bimetal<br \/>\nMarca: STARRETT<br \/>\nModelo: ?KBS1224-10<br \/>\nMaterial: ? Metal<br \/>\nCor: Amarelo<br \/>\nItens Inclusos: 1 Serrinha<br \/>\nDimens\u00f5es do produto: ? 33.02 x 2.54 x 1.27cm; 40,82g<br \/>\n<\/span><\/p>\n","protected":false},"featured_media":25970,"template":"","meta":{"_joinchat":[]},"product_brand":[],"product_cat":[137],"product_tag":[],"class_list":{"0":"post-14927","1":"product","2":"type-product","3":"status-publish","4":"has-post-thumbnail","6":"product_cat-ferramentas-manuais","8":"first","9":"instock","10":"shipping-taxable","11":"purchasable","12":"product-type-simple"},"_links":{"self":[{"href":"https:\/\/www.multicasa.com.br\/cuiaba\/wp-json\/wp\/v2\/product\/14927","targetHints":{"allow":["GET"]}}],"collection":[{"href":"https:\/\/www.multicasa.com.br\/cuiaba\/wp-json\/wp\/v2\/product"}],"about":[{"href":"https:\/\/www.multicasa.com.br\/cuiaba\/wp-json\/wp\/v2\/types\/product"}],"wp:featuredmedia":[{"embeddable":true,"href":"https:\/\/www.multicasa.com.br\/cuiaba\/wp-json\/wp\/v2\/media\/25970"}],"wp:attachment":[{"href":"https:\/\/www.multicasa.com.br\/cuiaba\/wp-json\/wp\/v2\/media?parent=14927"}],"wp:term":[{"taxonomy":"product_brand","embeddable":true,"href":"https:\/\/www.multicasa.com.br\/cuiaba\/wp-json\/wp\/v2\/product_brand?post=14927"},{"taxonomy":"product_cat","embeddable":true,"href":"https:\/\/www.multicasa.com.br\/cuiaba\/wp-json\/wp\/v2\/product_cat?post=14927"},{"taxonomy":"product_tag","embeddable":true,"href":"https:\/\/www.multicasa.com.br\/cuiaba\/wp-json\/wp\/v2\/product_tag?post=14927"}],"curies":[{"name":"wp","href":"https:\/\/api.w.org\/{rel}","templated":true}]}}