{"id":15212,"date":"2025-06-20T18:53:06","date_gmt":"2025-06-20T22:53:06","guid":{"rendered":"http:\/\/www.multicasa.com.br\/cuiaba\/?post_type=product&#038;p=15212"},"modified":"2026-04-04T09:50:26","modified_gmt":"2026-04-04T13:50:26","slug":"resistencia-127v-5500w-eletronico-advanced-top-3056e-lorenzetti-7589075","status":"publish","type":"product","link":"https:\/\/www.multicasa.com.br\/cuiaba\/produto\/resistencia-127v-5500w-eletronico-advanced-top-3056e-lorenzetti-7589075\/","title":{"rendered":"Resist\u00eancia 127V 5500W Eletr\u00f4nico Advanced\/Top 3056E Lorenzetti 7589075<br>SKU: 3628337"},"content":{"rendered":"<p>Resist\u00eancia 127V 5500W Eletr\u00f4nico Advanced\/Top 3056E Lorenzetti 7589075 ideal para manuten\u00e7\u00e3o do seu chuveiro. Cada produto \u00e9 desenvolvido com fia\u00e7\u00e3o interna para suportar uma determinada voltagem e pot\u00eancia n\u00e3o coloque uma resist\u00eancia diferentes do padr\u00e3o desenvolvido para seu produto.<\/p>\n","protected":false},"excerpt":{"rendered":"<h4 style=\"margin: 0px;padding: 0px 0px 16px;font-family: Lato, sans-serif;font-weight: bold;line-height: 3rem;color: var(--dark-grey3);font-size: 22px;font-style: normal;letter-spacing: normal;text-align: start;text-indent: 0px;text-transform: none\">Informa\u00e7\u00f5es t\u00e9cnicas<\/h4>\n<p><span style=\"margin: 0px;padding: 0px;font-weight: 450;font-size: 14px;line-height: 21px;color: var(--dark-grey2);font-family: Lato, sans-serif;font-style: normal;letter-spacing: normal;text-align: start;text-indent: 0px;text-transform: none\">Produto: Resist\u00eancia 127V Eletr\u00f4nico Advanced\/Top 3056E, 7589075<br \/>\nMarca: Lorenzetti<br \/>\nCor: Metal<br \/>\nVoltagem: ?110 Volts<br \/>\nItens Inclusos: 1 Resist\u00eancia<br \/>\nDimens\u00f5es do produto: ?24.5 x 12.5 x 3 cm; 55 g<br \/>\n<\/span><\/p>\n","protected":false},"featured_media":15294,"template":"","meta":{"_joinchat":[]},"product_brand":[],"product_cat":[74],"product_tag":[],"class_list":{"0":"post-15212","1":"product","2":"type-product","3":"status-publish","4":"has-post-thumbnail","6":"product_cat-reparos-hidraulicos","8":"first","9":"instock","10":"shipping-taxable","11":"purchasable","12":"product-type-simple"},"_links":{"self":[{"href":"https:\/\/www.multicasa.com.br\/cuiaba\/wp-json\/wp\/v2\/product\/15212","targetHints":{"allow":["GET"]}}],"collection":[{"href":"https:\/\/www.multicasa.com.br\/cuiaba\/wp-json\/wp\/v2\/product"}],"about":[{"href":"https:\/\/www.multicasa.com.br\/cuiaba\/wp-json\/wp\/v2\/types\/product"}],"wp:featuredmedia":[{"embeddable":true,"href":"https:\/\/www.multicasa.com.br\/cuiaba\/wp-json\/wp\/v2\/media\/15294"}],"wp:attachment":[{"href":"https:\/\/www.multicasa.com.br\/cuiaba\/wp-json\/wp\/v2\/media?parent=15212"}],"wp:term":[{"taxonomy":"product_brand","embeddable":true,"href":"https:\/\/www.multicasa.com.br\/cuiaba\/wp-json\/wp\/v2\/product_brand?post=15212"},{"taxonomy":"product_cat","embeddable":true,"href":"https:\/\/www.multicasa.com.br\/cuiaba\/wp-json\/wp\/v2\/product_cat?post=15212"},{"taxonomy":"product_tag","embeddable":true,"href":"https:\/\/www.multicasa.com.br\/cuiaba\/wp-json\/wp\/v2\/product_tag?post=15212"}],"curies":[{"name":"wp","href":"https:\/\/api.w.org\/{rel}","templated":true}]}}