{"id":15610,"date":"2025-06-20T18:59:05","date_gmt":"2025-06-20T22:59:05","guid":{"rendered":"http:\/\/www.multicasa.com.br\/cuiaba\/?post_type=product&#038;p=15610"},"modified":"2026-04-25T12:01:11","modified_gmt":"2026-04-25T16:01:11","slug":"cabo-flexivel-15mm-preto-750v-corfio-1m","status":"publish","type":"product","link":"https:\/\/www.multicasa.com.br\/cuiaba\/produto\/cabo-flexivel-15mm-preto-750v-corfio-1m\/","title":{"rendered":"Cabo Flex\u00edvel 1,5mm Preto 750V Corfio 1m<br>SKU: 4063678"},"content":{"rendered":"<p>Com o Cabo Flex\u00edvel 1,5mm Preto 750V 1 Metro Corfio \u00e9 poss\u00edvel garantir seguran\u00e7a e efici\u00eancia na condu\u00e7\u00e3o de energia el\u00e9trica do ambiente(residencial ou comercial). Desenvolvido em material de cobre de alta qualidade, com o Cabo Flex\u00edvel voc\u00ea consegue realizar v\u00e1rias dobragens do fio sem riscos de quebrar.<\/p>\n","protected":false},"excerpt":{"rendered":"<h4 style=\"margin: 0px;padding: 0px 0px 16px;font-family: Lato, sans-serif;font-weight: bold;line-height: 3rem;color: var(--dark-grey3);font-size: 22px;font-style: normal;letter-spacing: normal;text-align: start;text-indent: 0px;text-transform: none\">Informa\u00e7\u00f5es t\u00e9cnicas<\/h4>\n<p><span style=\"margin: 0px;padding: 0px;font-weight: 450;font-size: 14px;line-height: 21px;color: var(--dark-grey2);font-family: Lato, sans-serif;font-style: normal;letter-spacing: normal;text-align: start;text-indent: 0px;text-transform: none\">Produto: Cabo Flex\u00edvel<br \/>\nMarca: Corfio<br \/>\nCor: Preto<br \/>\nTens\u00e3o El\u00e9trica: 750V<br \/>\nCaracter\u00edsticas: 1,5mm<br \/>\n1 Metro<br \/>\nItens Inclusos: Cabo Flex\u00edvel 1,5mm Preto 750V 1 Metro Corfio<br \/>\nDimens\u00f5es do produto (C): Cabo &#8211; 1m<br \/>\nGarantia: 5 anos pelo fabricante<\/span><\/p>\n","protected":false},"featured_media":24794,"template":"","meta":{"_joinchat":[]},"product_brand":[],"product_cat":[121],"product_tag":[],"class_list":{"0":"post-15610","1":"product","2":"type-product","3":"status-publish","4":"has-post-thumbnail","6":"product_cat-fios-e-cabo","8":"first","9":"instock","10":"shipping-taxable","11":"purchasable","12":"product-type-simple"},"_links":{"self":[{"href":"https:\/\/www.multicasa.com.br\/cuiaba\/wp-json\/wp\/v2\/product\/15610","targetHints":{"allow":["GET"]}}],"collection":[{"href":"https:\/\/www.multicasa.com.br\/cuiaba\/wp-json\/wp\/v2\/product"}],"about":[{"href":"https:\/\/www.multicasa.com.br\/cuiaba\/wp-json\/wp\/v2\/types\/product"}],"wp:featuredmedia":[{"embeddable":true,"href":"https:\/\/www.multicasa.com.br\/cuiaba\/wp-json\/wp\/v2\/media\/24794"}],"wp:attachment":[{"href":"https:\/\/www.multicasa.com.br\/cuiaba\/wp-json\/wp\/v2\/media?parent=15610"}],"wp:term":[{"taxonomy":"product_brand","embeddable":true,"href":"https:\/\/www.multicasa.com.br\/cuiaba\/wp-json\/wp\/v2\/product_brand?post=15610"},{"taxonomy":"product_cat","embeddable":true,"href":"https:\/\/www.multicasa.com.br\/cuiaba\/wp-json\/wp\/v2\/product_cat?post=15610"},{"taxonomy":"product_tag","embeddable":true,"href":"https:\/\/www.multicasa.com.br\/cuiaba\/wp-json\/wp\/v2\/product_tag?post=15610"}],"curies":[{"name":"wp","href":"https:\/\/api.w.org\/{rel}","templated":true}]}}