{"id":15914,"date":"2025-06-20T19:02:58","date_gmt":"2025-06-20T23:02:58","guid":{"rendered":"http:\/\/www.multicasa.com.br\/cuiaba\/?post_type=product&#038;p=15914"},"modified":"2026-03-11T12:22:26","modified_gmt":"2026-03-11T16:22:26","slug":"lampada-led-par20-7w-2700k-taschibra","status":"publish","type":"product","link":"https:\/\/www.multicasa.com.br\/cuiaba\/produto\/lampada-led-par20-7w-2700k-taschibra\/","title":{"rendered":"L\u00e2mpada Led Par20 7W 2700K Taschibra<br>SKU: 2196074"},"content":{"rendered":"<p>A l\u00e2mpada PAR20 destaca a arquitetura, valoriza objetos e harmoniza ambientes. \u00c9 adequada tanto para aplica\u00e7\u00e3o residencial quanto comercial ? vitrines e lojas, hot\u00e9is, restaurantes, supermercados, etc. Com vida \u00fatil m\u00e9dia de 25.000 horas, economiza at\u00e9 80% de energia. Equivale a 50W incandescente.<\/p>\n","protected":false},"excerpt":{"rendered":"<h4 style=\"margin: 0px;padding: 0px 0px 16px;font-family: Lato, sans-serif;font-weight: bold;line-height: 3rem;color: var(--dark-grey3);font-size: 22px;font-style: normal;letter-spacing: normal;text-align: start;text-indent: 0px;text-transform: none\">Informa\u00e7\u00f5es t\u00e9cnicas<\/h4>\n<p><span style=\"margin: 0px;padding: 0px;font-weight: 450;font-size: 14px;line-height: 21px;color: var(--dark-grey2);font-family: Lato, sans-serif;font-style: normal;letter-spacing: normal;text-align: start;text-indent: 0px;text-transform: none\">&#8211; Pot\u00eancia: 7W<br \/>\n&#8211; Base: E-27<br \/>\n&#8211; Bulbo: PAR20<br \/>\n&#8211; Tens\u00e3o nominal: bivolt (127-220Vca)<br \/>\n&#8211; Frequ\u00eancia nominal: 60Hz<br \/>\n&#8211; Corrente nominal: 127V: 60mA \/ 220V: 36mA<br \/>\n&#8211; Dimens\u00f5es: 6,4cm de di\u00e2metro e 8,6cm de comprimento<br \/>\n&#8211; Temperatura de cor: 2700K (branco quente, luz quente, luz amarela)<br \/>\n&#8211; Fluxo luminoso: 525lm<br \/>\n&#8211; Efici\u00eancia luminosa: 75lm\/W<br \/>\n&#8211; \u00c2ngulo de abertura: 38\u00b0<br \/>\n&#8211; L\u00e2mpada N\u00c3O direcional<br \/>\n&#8211; \u00cdndice de prote\u00e7\u00e3o: IP20<br \/>\n&#8211; Vida \u00fatil aproximada: 25.000hrs<br \/>\n&#8211; Fator de pot\u00eancia &gt;0,7<br \/>\n&#8211; IRC: &gt;80<br \/>\n&#8211; Faixa de temp. de ambiente para opera\u00e7\u00e3o -ta: -5\u00b0C a 50\u00b0C<br \/>\n&#8211; N\u00e3o permite dimeriza\u00e7\u00e3o.<\/span><\/p>\n","protected":false},"featured_media":25428,"template":"","meta":{"_joinchat":[]},"product_brand":[],"product_cat":[80],"product_tag":[],"class_list":{"0":"post-15914","1":"product","2":"type-product","3":"status-publish","4":"has-post-thumbnail","6":"product_cat-lampadas","8":"first","9":"instock","10":"shipping-taxable","11":"purchasable","12":"product-type-simple"},"_links":{"self":[{"href":"https:\/\/www.multicasa.com.br\/cuiaba\/wp-json\/wp\/v2\/product\/15914","targetHints":{"allow":["GET"]}}],"collection":[{"href":"https:\/\/www.multicasa.com.br\/cuiaba\/wp-json\/wp\/v2\/product"}],"about":[{"href":"https:\/\/www.multicasa.com.br\/cuiaba\/wp-json\/wp\/v2\/types\/product"}],"wp:featuredmedia":[{"embeddable":true,"href":"https:\/\/www.multicasa.com.br\/cuiaba\/wp-json\/wp\/v2\/media\/25428"}],"wp:attachment":[{"href":"https:\/\/www.multicasa.com.br\/cuiaba\/wp-json\/wp\/v2\/media?parent=15914"}],"wp:term":[{"taxonomy":"product_brand","embeddable":true,"href":"https:\/\/www.multicasa.com.br\/cuiaba\/wp-json\/wp\/v2\/product_brand?post=15914"},{"taxonomy":"product_cat","embeddable":true,"href":"https:\/\/www.multicasa.com.br\/cuiaba\/wp-json\/wp\/v2\/product_cat?post=15914"},{"taxonomy":"product_tag","embeddable":true,"href":"https:\/\/www.multicasa.com.br\/cuiaba\/wp-json\/wp\/v2\/product_tag?post=15914"}],"curies":[{"name":"wp","href":"https:\/\/api.w.org\/{rel}","templated":true}]}}