{"id":15918,"date":"2025-06-20T19:02:58","date_gmt":"2025-06-20T23:02:58","guid":{"rendered":"http:\/\/www.multicasa.com.br\/cuiaba\/?post_type=product&#038;p=15918"},"modified":"2026-04-10T11:30:12","modified_gmt":"2026-04-10T15:30:12","slug":"valvula-mictorio-com-engate-cromado-blukit","status":"publish","type":"product","link":"https:\/\/www.multicasa.com.br\/cuiaba\/produto\/valvula-mictorio-com-engate-cromado-blukit\/","title":{"rendered":"V\u00e1lvula Mict\u00f3rio com Engate Cromado Blukit<br>SKU: 2117419"},"content":{"rendered":"<p>V\u00e1lvula De Mict\u00f3rio Autom\u00e1tica Flex\u00edvel 30cm Blukit &#8211; Funcionamento perfeito em alta e baixa press\u00e3o CONHE\u00c7A A V\u00c1LVULA PARA MICT\u00d3RIO TEMPORIZADA BLUKIT! V\u00e1lvula Autom\u00e1tica Temporizada para mict\u00f3rio com liga\u00e7\u00e3o flex\u00edvel de 30 cm com canoplas &#8211; Completo Blukit 330702. \u00d3tima op\u00e7\u00e3o para a economia de \u00e1gua residencial ou em locais p\u00fablicos &#8211; Proporciona economia direta de 40% de \u00e1gua.<\/p>\n","protected":false},"excerpt":{"rendered":"<h4 style=\"margin: 0px;padding: 0px 0px 16px;font-family: Lato, sans-serif;font-weight: bold;line-height: 3rem;color: var(--dark-grey3);font-size: 22px;font-style: normal;letter-spacing: normal;text-align: start;text-indent: 0px;text-transform: none\">Informa\u00e7\u00f5es t\u00e9cnicas<\/h4>\n<p><span style=\"margin: 0px;padding: 0px;font-weight: 450;font-size: 14px;line-height: 21px;color: var(--dark-grey2);font-family: Lato, sans-serif;font-style: normal;letter-spacing: normal;text-align: start;text-indent: 0px;text-transform: none\">Caracter\u00edsticas Gerais do Produto:<br \/>\nLocal De Uso: Parede<br \/>\nMarca: Blukit<br \/>\nCor: Cromado<br \/>\nPress\u00e3o de Funcionamento: 20 a 400kPa (2 a 40mca)<br \/>\nMaterial: Pl\u00e1stico ABS<br \/>\nAmbiente: Banheiros<br \/>\nTipo: Semi Autom\u00e1tico<br \/>\nAcompanha o produto:<br \/>\n1 V\u00e1lvula de Mict\u00f3rio 2 Canoplas 1 Tubo de Liga\u00e7\u00e3o 1 Bucha de Redu\u00e7\u00e3o 3\/4&#8243; x 1\/2&#8243; 2 Restritores de Vaz\u00e3o 1 Adesivo Orientativo 1 Porca<\/span><\/p>\n","protected":false},"featured_media":26210,"template":"","meta":{"_joinchat":[]},"product_brand":[],"product_cat":[67],"product_tag":[],"class_list":{"0":"post-15918","1":"product","2":"type-product","3":"status-publish","4":"has-post-thumbnail","6":"product_cat-torneiras-e-cia","8":"first","9":"instock","10":"shipping-taxable","11":"purchasable","12":"product-type-simple"},"_links":{"self":[{"href":"https:\/\/www.multicasa.com.br\/cuiaba\/wp-json\/wp\/v2\/product\/15918","targetHints":{"allow":["GET"]}}],"collection":[{"href":"https:\/\/www.multicasa.com.br\/cuiaba\/wp-json\/wp\/v2\/product"}],"about":[{"href":"https:\/\/www.multicasa.com.br\/cuiaba\/wp-json\/wp\/v2\/types\/product"}],"wp:featuredmedia":[{"embeddable":true,"href":"https:\/\/www.multicasa.com.br\/cuiaba\/wp-json\/wp\/v2\/media\/26210"}],"wp:attachment":[{"href":"https:\/\/www.multicasa.com.br\/cuiaba\/wp-json\/wp\/v2\/media?parent=15918"}],"wp:term":[{"taxonomy":"product_brand","embeddable":true,"href":"https:\/\/www.multicasa.com.br\/cuiaba\/wp-json\/wp\/v2\/product_brand?post=15918"},{"taxonomy":"product_cat","embeddable":true,"href":"https:\/\/www.multicasa.com.br\/cuiaba\/wp-json\/wp\/v2\/product_cat?post=15918"},{"taxonomy":"product_tag","embeddable":true,"href":"https:\/\/www.multicasa.com.br\/cuiaba\/wp-json\/wp\/v2\/product_tag?post=15918"}],"curies":[{"name":"wp","href":"https:\/\/api.w.org\/{rel}","templated":true}]}}