{"id":15937,"date":"2025-06-20T19:03:21","date_gmt":"2025-06-20T23:03:21","guid":{"rendered":"http:\/\/www.multicasa.com.br\/cuiaba\/?post_type=product&#038;p=15937"},"modified":"2026-04-06T12:01:13","modified_gmt":"2026-04-06T16:01:13","slug":"salva-registro-17-pecas-9em1-blukit","status":"publish","type":"product","link":"https:\/\/www.multicasa.com.br\/cuiaba\/produto\/salva-registro-17-pecas-9em1-blukit\/","title":{"rendered":"Salva Registro 17 Pe\u00e7as 9em1 Blukit<br>SKU: 2140415"},"content":{"rendered":"<p>O Kit F\u00e1cil Salva Registro 9 em 1 \u00e9 a solu\u00e7\u00e3o com melhor custo-beneficio para solucionar problemas no registro de press\u00e3o (o mecanismo que abre e fecha o chuveiro) ou at\u00e9 mesmo de vazamentos no chuveiro. As pe\u00e7as do Kit F\u00e1cil Salva Registro foram desenvolvidas no conceito Lego, ou seja, voc\u00ea poder\u00e1 combin\u00e1-las e formar uma nova, conforme sua necessidade.<\/p>\n","protected":false},"excerpt":{"rendered":"<h4 style=\"margin: 0px;padding: 0px 0px 16px;font-family: Lato, sans-serif;font-weight: bold;line-height: 3rem;color: var(--dark-grey3);font-size: 22px;font-style: normal;letter-spacing: normal;text-align: start;text-indent: 0px;text-transform: none\">Informa\u00e7\u00f5es t\u00e9cnicas<\/h4>\n<p><span style=\"margin: 0px;padding: 0px;font-weight: 450;font-size: 14px;line-height: 21px;color: var(--dark-grey2);font-family: Lato, sans-serif;font-style: normal;letter-spacing: normal;text-align: start;text-indent: 0px;text-transform: none\">O Kit acompanha:<br \/>\n1. Parafuso do volante menor<br \/>\n1. Parafuso do volante maior<br \/>\n1. Arruela para parafuso maior<br \/>\n1. Kit f\u00e1cil<br \/>\n1. Castelo conversor para acabamento Docol<br \/>\n1. Estria conversora para acabamento Docol<br \/>\n1. Carrapeta tamanho maior<br \/>\n1. Carrapeta tamanho menor<br \/>\n1. Anel O?ring tamanho maior<br \/>\n1. Anel O?ring tamanho menor<br \/>\n3. Complementos alongadores<br \/>\n4. M\u00f3dulos de redu\u00e7\u00e3o (8 modelos de rosca)<\/span><\/p>\n","protected":false},"featured_media":25957,"template":"","meta":{"_joinchat":[]},"product_brand":[],"product_cat":[74],"product_tag":[],"class_list":{"0":"post-15937","1":"product","2":"type-product","3":"status-publish","4":"has-post-thumbnail","6":"product_cat-reparos-hidraulicos","8":"first","9":"instock","10":"sale","11":"shipping-taxable","12":"purchasable","13":"product-type-simple"},"_links":{"self":[{"href":"https:\/\/www.multicasa.com.br\/cuiaba\/wp-json\/wp\/v2\/product\/15937","targetHints":{"allow":["GET"]}}],"collection":[{"href":"https:\/\/www.multicasa.com.br\/cuiaba\/wp-json\/wp\/v2\/product"}],"about":[{"href":"https:\/\/www.multicasa.com.br\/cuiaba\/wp-json\/wp\/v2\/types\/product"}],"wp:featuredmedia":[{"embeddable":true,"href":"https:\/\/www.multicasa.com.br\/cuiaba\/wp-json\/wp\/v2\/media\/25957"}],"wp:attachment":[{"href":"https:\/\/www.multicasa.com.br\/cuiaba\/wp-json\/wp\/v2\/media?parent=15937"}],"wp:term":[{"taxonomy":"product_brand","embeddable":true,"href":"https:\/\/www.multicasa.com.br\/cuiaba\/wp-json\/wp\/v2\/product_brand?post=15937"},{"taxonomy":"product_cat","embeddable":true,"href":"https:\/\/www.multicasa.com.br\/cuiaba\/wp-json\/wp\/v2\/product_cat?post=15937"},{"taxonomy":"product_tag","embeddable":true,"href":"https:\/\/www.multicasa.com.br\/cuiaba\/wp-json\/wp\/v2\/product_tag?post=15937"}],"curies":[{"name":"wp","href":"https:\/\/api.w.org\/{rel}","templated":true}]}}