{"id":15950,"date":"2025-06-20T19:03:22","date_gmt":"2025-06-20T23:03:22","guid":{"rendered":"http:\/\/www.multicasa.com.br\/cuiaba\/?post_type=product&#038;p=15950"},"modified":"2025-12-10T16:34:59","modified_gmt":"2025-12-10T20:34:59","slug":"alicate-tramontina-corte-diagonal-de-aco-6%c2%94","status":"publish","type":"product","link":"https:\/\/www.multicasa.com.br\/cuiaba\/produto\/alicate-tramontina-corte-diagonal-de-aco-6%c2%94\/","title":{"rendered":"Alicate Tramontina Corte Diagonal de A\u00e7o 6\u0094<br>SKU: 26115"},"content":{"rendered":"<p>Com o Alicate Corte Diagonal de A\u00e7o 6 Polegadas Isolado 1000V da Tramontina ficou muito mais f\u00e1cil cortar fios, cabos e arames. Ir\u00e1 proporcionar um trabalho muito mais preciso, pois o formato de sua cabe\u00e7a permite que se fa\u00e7am cortes rentes em locais de dif\u00edcil acesso. \u00c9 produzido em a\u00e7o especial temperado e possui cabo com formato ergon\u00f4mico que facilita o manuseio e evita que os dedos escorreguem da superf\u00edcie. Tamb\u00e9m possui isola\u00e7\u00e3o 1.000V para uso em locais com baixas tens\u00f5es. Uma ferramenta que n\u00e3o pode faltar em seu kit de ferramentas!<\/p>\n","protected":false},"excerpt":{"rendered":"<h4 style=\"margin: 0px;padding: 0px 0px 16px;font-family: Lato, sans-serif;font-weight: bold;line-height: 3rem;color: var(--dark-grey3);font-size: 22px;font-style: normal;letter-spacing: normal;text-align: start;text-indent: 0px;text-transform: none\">Informa\u00e7\u00f5es t\u00e9cnicas<\/h4>\n<p><span style=\"margin: 0px;padding: 0px;font-weight: 450;font-size: 14px;line-height: 21px;color: var(--dark-grey2);font-family: Lato, sans-serif;font-style: normal;letter-spacing: normal;text-align: start;text-indent: 0px;text-transform: none\">Produto: Alicate<br \/>\nTipo: Corte Diagonal<br \/>\nMarca: Tramontina<br \/>\nMaterial: A\u00e7o carbono temperado<br \/>\nCor: Amarelo<br \/>\nCaracter\u00edsticas: Cabe\u00e7a e articula\u00e7\u00e3o lixadas, t\u00eampera especial no gume de corte e mand\u00edbulas, acabamento fosfatizado, isola\u00e7\u00e3o 1.000 V, formato ergon\u00f4mico.<br \/>\nItens Inclusos: 1 alicate de corte<br \/>\nDimens\u00f5es do produto em polegadas: 6\u0094<br \/>\nDimens\u00f5es do produto (A x L x P): 15,9 x 5,1 x 1,52cm                                                                                                        Peso: 0,21kg<\/span><\/p>\n","protected":false},"featured_media":15996,"template":"","meta":{"_joinchat":[]},"product_brand":[],"product_cat":[137],"product_tag":[],"class_list":{"0":"post-15950","1":"product","2":"type-product","3":"status-publish","4":"has-post-thumbnail","6":"product_cat-ferramentas-manuais","8":"first","9":"instock","10":"shipping-taxable","11":"purchasable","12":"product-type-simple"},"_links":{"self":[{"href":"https:\/\/www.multicasa.com.br\/cuiaba\/wp-json\/wp\/v2\/product\/15950","targetHints":{"allow":["GET"]}}],"collection":[{"href":"https:\/\/www.multicasa.com.br\/cuiaba\/wp-json\/wp\/v2\/product"}],"about":[{"href":"https:\/\/www.multicasa.com.br\/cuiaba\/wp-json\/wp\/v2\/types\/product"}],"wp:featuredmedia":[{"embeddable":true,"href":"https:\/\/www.multicasa.com.br\/cuiaba\/wp-json\/wp\/v2\/media\/15996"}],"wp:attachment":[{"href":"https:\/\/www.multicasa.com.br\/cuiaba\/wp-json\/wp\/v2\/media?parent=15950"}],"wp:term":[{"taxonomy":"product_brand","embeddable":true,"href":"https:\/\/www.multicasa.com.br\/cuiaba\/wp-json\/wp\/v2\/product_brand?post=15950"},{"taxonomy":"product_cat","embeddable":true,"href":"https:\/\/www.multicasa.com.br\/cuiaba\/wp-json\/wp\/v2\/product_cat?post=15950"},{"taxonomy":"product_tag","embeddable":true,"href":"https:\/\/www.multicasa.com.br\/cuiaba\/wp-json\/wp\/v2\/product_tag?post=15950"}],"curies":[{"name":"wp","href":"https:\/\/api.w.org\/{rel}","templated":true}]}}