{"id":15951,"date":"2025-06-20T19:03:22","date_gmt":"2025-06-20T23:03:22","guid":{"rendered":"http:\/\/www.multicasa.com.br\/cuiaba\/?post_type=product&#038;p=15951"},"modified":"2025-12-16T18:12:20","modified_gmt":"2025-12-16T22:12:20","slug":"emenda-f-para-cabo-coaxial-interneed","status":"publish","type":"product","link":"https:\/\/www.multicasa.com.br\/cuiaba\/produto\/emenda-f-para-cabo-coaxial-interneed\/","title":{"rendered":"Emenda F para Cabo Coaxial Interneed<br>SKU: 265314"},"content":{"rendered":"<p>Com a Emenda F para Cabo Coaxial Interneed voc\u00ea n\u00e3o precisa alterar o seu cabeamento, feita em lat\u00e3o com banho de n\u00edquel, \u00e9 a op\u00e7\u00e3o perfeita para aumentar o comprimento dos seus cabos coaxiais com muita facilidade. Feita para ser usada em conectores RG59 e RG6.<\/p>\n","protected":false},"excerpt":{"rendered":"<h4 style=\"margin: 0px;padding: 0px 0px 16px;font-family: Lato, sans-serif;font-weight: bold;line-height: 3rem;color: var(--dark-grey3);font-size: 22px;font-style: normal;letter-spacing: normal;text-align: start;text-indent: 0px;text-transform: none\">Informa\u00e7\u00f5es t\u00e9cnicas<\/h4>\n<p><span style=\"margin: 0px;padding: 0px;font-weight: 450;font-size: 14px;line-height: 21px;color: var(--dark-grey2);font-family: Lato, sans-serif;font-style: normal;letter-spacing: normal;text-align: start;text-indent: 0px;text-transform: none\">Produto: Emenda F<br \/>\nMarca: Interneed<br \/>\nMaterial: Lat\u00e3o com banho de n\u00edquel<br \/>\nCor: Prata<br \/>\nCaracter\u00edsticas: F\u00eamea<br \/>\nPara conectores RG59 e RG6<br \/>\nItens inclusos: 1 Emenda F<\/span><\/p>\n","protected":false},"featured_media":15998,"template":"","meta":{"_joinchat":[]},"product_brand":[],"product_cat":[130],"product_tag":[],"class_list":{"0":"post-15951","1":"product","2":"type-product","3":"status-publish","4":"has-post-thumbnail","6":"product_cat-informatica","8":"first","9":"instock","10":"shipping-taxable","11":"purchasable","12":"product-type-simple"},"_links":{"self":[{"href":"https:\/\/www.multicasa.com.br\/cuiaba\/wp-json\/wp\/v2\/product\/15951","targetHints":{"allow":["GET"]}}],"collection":[{"href":"https:\/\/www.multicasa.com.br\/cuiaba\/wp-json\/wp\/v2\/product"}],"about":[{"href":"https:\/\/www.multicasa.com.br\/cuiaba\/wp-json\/wp\/v2\/types\/product"}],"wp:featuredmedia":[{"embeddable":true,"href":"https:\/\/www.multicasa.com.br\/cuiaba\/wp-json\/wp\/v2\/media\/15998"}],"wp:attachment":[{"href":"https:\/\/www.multicasa.com.br\/cuiaba\/wp-json\/wp\/v2\/media?parent=15951"}],"wp:term":[{"taxonomy":"product_brand","embeddable":true,"href":"https:\/\/www.multicasa.com.br\/cuiaba\/wp-json\/wp\/v2\/product_brand?post=15951"},{"taxonomy":"product_cat","embeddable":true,"href":"https:\/\/www.multicasa.com.br\/cuiaba\/wp-json\/wp\/v2\/product_cat?post=15951"},{"taxonomy":"product_tag","embeddable":true,"href":"https:\/\/www.multicasa.com.br\/cuiaba\/wp-json\/wp\/v2\/product_tag?post=15951"}],"curies":[{"name":"wp","href":"https:\/\/api.w.org\/{rel}","templated":true}]}}