{"id":16015,"date":"2025-06-20T19:04:09","date_gmt":"2025-06-20T23:04:09","guid":{"rendered":"http:\/\/www.multicasa.com.br\/cuiaba\/?post_type=product&#038;p=16015"},"modified":"2026-04-04T09:20:12","modified_gmt":"2026-04-04T13:20:12","slug":"plug-roscavel-branco-3-4-tigre","status":"publish","type":"product","link":"https:\/\/www.multicasa.com.br\/cuiaba\/produto\/plug-roscavel-branco-3-4-tigre\/","title":{"rendered":"Plug Rosc\u00e1vel Branco 3\/4&#8243; Tigre<br>SKU: 600113"},"content":{"rendered":"<p>O Plug Rosc\u00e1vel 3\/4&#8243; Tigre \u00e9 fabricado em PVC branco conforme a norma ABNT NBR 5648, para fechar as extremidades rosc\u00e1veis da tubula\u00e7\u00e3o com facilidade, obtendo mais estanqueidade. Com bitola de 25 mm.<\/p>\n","protected":false},"excerpt":{"rendered":"<h4 style=\"margin: 0px;padding: 0px 0px 16px;font-family: Lato, sans-serif;font-weight: bold;line-height: 3rem;color: var(--dark-grey3);font-size: 22px;font-style: normal;letter-spacing: normal;text-align: start;text-indent: 0px;text-transform: none\">Informa\u00e7\u00f5es t\u00e9cnicas<\/h4>\n<p><span style=\"margin: 0px;padding: 0px;font-weight: 450;font-size: 14px;line-height: 21px;color: var(--dark-grey2);font-family: Lato, sans-serif;font-style: normal;letter-spacing: normal;text-align: start;text-indent: 0px;text-transform: none\">Produto: Plug Rosc\u00e1vel<br \/>\nMarca: Tigre<br \/>\nMaterial: PVC<br \/>\nCor: Branco<br \/>\nCaracter\u00edsticas: Normatizado pela NBR5648<br \/>\nItens inclusos: 1 Plug Rosc\u00e1vel<br \/>\nDi\u00e2metro do produto: 3\/4&#8243; (25mm)<br \/>\n<\/span><\/p>\n","protected":false},"featured_media":16084,"template":"","meta":{"_joinchat":[]},"product_brand":[],"product_cat":[73],"product_tag":[],"class_list":{"0":"post-16015","1":"product","2":"type-product","3":"status-publish","4":"has-post-thumbnail","6":"product_cat-tubos-e-conexoes","8":"first","9":"instock","10":"shipping-taxable","11":"purchasable","12":"product-type-simple"},"_links":{"self":[{"href":"https:\/\/www.multicasa.com.br\/cuiaba\/wp-json\/wp\/v2\/product\/16015","targetHints":{"allow":["GET"]}}],"collection":[{"href":"https:\/\/www.multicasa.com.br\/cuiaba\/wp-json\/wp\/v2\/product"}],"about":[{"href":"https:\/\/www.multicasa.com.br\/cuiaba\/wp-json\/wp\/v2\/types\/product"}],"wp:featuredmedia":[{"embeddable":true,"href":"https:\/\/www.multicasa.com.br\/cuiaba\/wp-json\/wp\/v2\/media\/16084"}],"wp:attachment":[{"href":"https:\/\/www.multicasa.com.br\/cuiaba\/wp-json\/wp\/v2\/media?parent=16015"}],"wp:term":[{"taxonomy":"product_brand","embeddable":true,"href":"https:\/\/www.multicasa.com.br\/cuiaba\/wp-json\/wp\/v2\/product_brand?post=16015"},{"taxonomy":"product_cat","embeddable":true,"href":"https:\/\/www.multicasa.com.br\/cuiaba\/wp-json\/wp\/v2\/product_cat?post=16015"},{"taxonomy":"product_tag","embeddable":true,"href":"https:\/\/www.multicasa.com.br\/cuiaba\/wp-json\/wp\/v2\/product_tag?post=16015"}],"curies":[{"name":"wp","href":"https:\/\/api.w.org\/{rel}","templated":true}]}}