{"id":16095,"date":"2025-06-20T19:05:21","date_gmt":"2025-06-20T23:05:21","guid":{"rendered":"http:\/\/www.multicasa.com.br\/cuiaba\/?post_type=product&#038;p=16095"},"modified":"2026-03-24T15:20:33","modified_gmt":"2026-03-24T19:20:33","slug":"tampa-valvula-de-escoamento-para-tanque-7-8-blukit","status":"publish","type":"product","link":"https:\/\/www.multicasa.com.br\/cuiaba\/produto\/tampa-valvula-de-escoamento-para-tanque-7-8-blukit\/","title":{"rendered":"Tampa V\u00e1lvula de Escoamento para Tanque 7\/8&#8243; Blukit<br>SKU: 736511"},"content":{"rendered":"<p>A Tampa V\u00e1lvula de Escoamento para Tanque Blukit \u00e9 produzida em polipropileno branco, com s\u00fatil al\u00e7a. Sua bitola de 7\/8&#8243; e seu di\u00e2metro de 47,5 mm s\u00e3o perfeitos para tapar escoamentos de tanques, lavat\u00f3rios, banheiras e etc.<\/p>\n","protected":false},"excerpt":{"rendered":"<h4 style=\"margin: 0px;padding: 0px 0px 16px;font-family: Lato, sans-serif;font-weight: bold;line-height: 3rem;color: var(--dark-grey3);font-size: 22px;font-style: normal;letter-spacing: normal;text-align: start;text-indent: 0px;text-transform: none\">Informa\u00e7\u00f5es t\u00e9cnicas<\/h4>\n<p><span style=\"margin: 0px;padding: 0px;font-weight: 450;font-size: 14px;line-height: 21px;color: var(--dark-grey2);font-family: Lato, sans-serif;font-style: normal;letter-spacing: normal;text-align: start;text-indent: 0px;text-transform: none\">Produto: Tampa V\u00e1lvula<br \/>\nMarca: Blukit<br \/>\nMaterial: Polipropileno<br \/>\nCor: Branco<br \/>\nCaracter\u00edsticas: Bitola 1 7\/8<br \/>\nItens inclusos: 1 tampa v\u00e1lvula<br \/>\nDi\u00e2metro do produto: 47,5mm<\/span><\/p>\n","protected":false},"featured_media":16141,"template":"","meta":{"_joinchat":[]},"product_brand":[],"product_cat":[74],"product_tag":[],"class_list":{"0":"post-16095","1":"product","2":"type-product","3":"status-publish","4":"has-post-thumbnail","6":"product_cat-reparos-hidraulicos","8":"first","9":"instock","10":"shipping-taxable","11":"purchasable","12":"product-type-simple"},"_links":{"self":[{"href":"https:\/\/www.multicasa.com.br\/cuiaba\/wp-json\/wp\/v2\/product\/16095","targetHints":{"allow":["GET"]}}],"collection":[{"href":"https:\/\/www.multicasa.com.br\/cuiaba\/wp-json\/wp\/v2\/product"}],"about":[{"href":"https:\/\/www.multicasa.com.br\/cuiaba\/wp-json\/wp\/v2\/types\/product"}],"wp:featuredmedia":[{"embeddable":true,"href":"https:\/\/www.multicasa.com.br\/cuiaba\/wp-json\/wp\/v2\/media\/16141"}],"wp:attachment":[{"href":"https:\/\/www.multicasa.com.br\/cuiaba\/wp-json\/wp\/v2\/media?parent=16095"}],"wp:term":[{"taxonomy":"product_brand","embeddable":true,"href":"https:\/\/www.multicasa.com.br\/cuiaba\/wp-json\/wp\/v2\/product_brand?post=16095"},{"taxonomy":"product_cat","embeddable":true,"href":"https:\/\/www.multicasa.com.br\/cuiaba\/wp-json\/wp\/v2\/product_cat?post=16095"},{"taxonomy":"product_tag","embeddable":true,"href":"https:\/\/www.multicasa.com.br\/cuiaba\/wp-json\/wp\/v2\/product_tag?post=16095"}],"curies":[{"name":"wp","href":"https:\/\/api.w.org\/{rel}","templated":true}]}}