{"id":16099,"date":"2025-06-20T19:05:22","date_gmt":"2025-06-20T23:05:22","guid":{"rendered":"http:\/\/www.multicasa.com.br\/cuiaba\/?post_type=product&#038;p=16099"},"modified":"2026-04-04T09:20:17","modified_gmt":"2026-04-04T13:20:17","slug":"caps-para-esgoto-em-pvc-rosqueavel-3-4-tigre","status":"publish","type":"product","link":"https:\/\/www.multicasa.com.br\/cuiaba\/produto\/caps-para-esgoto-em-pvc-rosqueavel-3-4-tigre\/","title":{"rendered":"Caps Para Esgoto em PVC Rosque\u00e1vel 3\/4&#8221; Tigre<br>SKU: 738816"},"content":{"rendered":"<p>O caps de PVC para esgoto da Tigre \u00e9 ideal para interromper o fluxo de \u00e1gua em pontos que precisam ser tampados definitivamente ou por algum per\u00edodo. Com Bitola 3\/4&#8221;, est\u00e1 dispon\u00edvel na cor branca, tem instala\u00e7\u00e3o simples e eficiente.<\/p>\n","protected":false},"excerpt":{"rendered":"<h4 style=\"margin: 0px;padding: 0px 0px 16px;font-family: Lato, sans-serif;font-weight: bold;line-height: 3rem;color: var(--dark-grey3);font-size: 22px;font-style: normal;letter-spacing: normal;text-align: start;text-indent: 0px;text-transform: none\">Informa\u00e7\u00f5es t\u00e9cnicas<\/h4>\n<p><span style=\"margin: 0px;padding: 0px;font-weight: 450;font-size: 14px;line-height: 21px;color: var(--dark-grey2);font-family: Lato, sans-serif;font-style: normal;letter-spacing: normal;text-align: start;text-indent: 0px;text-transform: none\">Produto: Caps de PVC<br \/>\nMarca: Tigre<br \/>\nMaterial: PVC<br \/>\nCor: Branca<br \/>\nCaracter\u00edsticas: Para \u00e1gua fria<br \/>\nRosque\u00e1vel<br \/>\nItens inclusos: 1 Caps de PVC<br \/>\nDimens\u00e3o do Produto (L x P): 3\/4&#8243;<br \/>\n<\/span><\/p>\n","protected":false},"featured_media":16145,"template":"","meta":{"_joinchat":[]},"product_brand":[],"product_cat":[73],"product_tag":[],"class_list":{"0":"post-16099","1":"product","2":"type-product","3":"status-publish","4":"has-post-thumbnail","6":"product_cat-tubos-e-conexoes","8":"first","9":"instock","10":"shipping-taxable","11":"purchasable","12":"product-type-simple"},"_links":{"self":[{"href":"https:\/\/www.multicasa.com.br\/cuiaba\/wp-json\/wp\/v2\/product\/16099","targetHints":{"allow":["GET"]}}],"collection":[{"href":"https:\/\/www.multicasa.com.br\/cuiaba\/wp-json\/wp\/v2\/product"}],"about":[{"href":"https:\/\/www.multicasa.com.br\/cuiaba\/wp-json\/wp\/v2\/types\/product"}],"wp:featuredmedia":[{"embeddable":true,"href":"https:\/\/www.multicasa.com.br\/cuiaba\/wp-json\/wp\/v2\/media\/16145"}],"wp:attachment":[{"href":"https:\/\/www.multicasa.com.br\/cuiaba\/wp-json\/wp\/v2\/media?parent=16099"}],"wp:term":[{"taxonomy":"product_brand","embeddable":true,"href":"https:\/\/www.multicasa.com.br\/cuiaba\/wp-json\/wp\/v2\/product_brand?post=16099"},{"taxonomy":"product_cat","embeddable":true,"href":"https:\/\/www.multicasa.com.br\/cuiaba\/wp-json\/wp\/v2\/product_cat?post=16099"},{"taxonomy":"product_tag","embeddable":true,"href":"https:\/\/www.multicasa.com.br\/cuiaba\/wp-json\/wp\/v2\/product_tag?post=16099"}],"curies":[{"name":"wp","href":"https:\/\/api.w.org\/{rel}","templated":true}]}}