{"id":16123,"date":"2025-06-20T19:05:44","date_gmt":"2025-06-20T23:05:44","guid":{"rendered":"http:\/\/www.multicasa.com.br\/cuiaba\/?post_type=product&#038;p=16123"},"modified":"2025-11-10T18:04:25","modified_gmt":"2025-11-10T22:04:25","slug":"escapula-com-bucha-5mm-bemfixa-4-unidades","status":"publish","type":"product","link":"https:\/\/www.multicasa.com.br\/cuiaba\/produto\/escapula-com-bucha-5mm-bemfixa-4-unidades\/","title":{"rendered":"Esc\u00e1pula com Bucha 5mm Bemfixa 4 unidades<br>SKU: 919012"},"content":{"rendered":"<p>Utilize a esc\u00e1pula com bucha Bemfixa em brocas de 5 mm para a fixa\u00e7\u00e3o e como elementos de apoio em superf\u00edcies de alvenaria. Pode ser utilizada em diversos objetos. Embalagem com 4 pares de 5mm.<\/p>\n","protected":false},"excerpt":{"rendered":"<h4 style=\"margin: 0px;padding: 0px 0px 16px;font-family: Lato, sans-serif;font-weight: bold;line-height: 3rem;color: var(--dark-grey3);font-size: 22px;font-style: normal;letter-spacing: normal;text-align: start;text-indent: 0px;text-transform: none\">Informa\u00e7\u00f5es t\u00e9cnicas<\/h4>\n<p><span style=\"margin: 0px;padding: 0px;font-weight: 450;font-size: 14px;line-height: 21px;color: var(--dark-grey2);font-family: Lato, sans-serif;font-style: normal;letter-spacing: normal;text-align: start;text-indent: 0px;text-transform: none\">Produto: Esc\u00e1pula com Bucha<br \/>\nMarca: Bemfixa<br \/>\nMaterial: Bucha em nylon<br \/>\nCor: Prata, cinza<br \/>\nQuantidade de pe\u00e7as: 8<br \/>\nItens inclusos: 4 Esc\u00e1pula<br \/>\n4 Buchas<br \/>\nDi\u00e2metro do produto: Bucha &#8211; 5mm<br \/>\n<\/span><\/p>\n","protected":false},"featured_media":16169,"template":"","meta":{"_joinchat":[]},"product_brand":[],"product_cat":[135],"product_tag":[],"class_list":{"0":"post-16123","1":"product","2":"type-product","3":"status-publish","4":"has-post-thumbnail","6":"product_cat-parafusos-e-buchas","8":"first","9":"instock","10":"shipping-taxable","11":"purchasable","12":"product-type-simple"},"_links":{"self":[{"href":"https:\/\/www.multicasa.com.br\/cuiaba\/wp-json\/wp\/v2\/product\/16123","targetHints":{"allow":["GET"]}}],"collection":[{"href":"https:\/\/www.multicasa.com.br\/cuiaba\/wp-json\/wp\/v2\/product"}],"about":[{"href":"https:\/\/www.multicasa.com.br\/cuiaba\/wp-json\/wp\/v2\/types\/product"}],"wp:featuredmedia":[{"embeddable":true,"href":"https:\/\/www.multicasa.com.br\/cuiaba\/wp-json\/wp\/v2\/media\/16169"}],"wp:attachment":[{"href":"https:\/\/www.multicasa.com.br\/cuiaba\/wp-json\/wp\/v2\/media?parent=16123"}],"wp:term":[{"taxonomy":"product_brand","embeddable":true,"href":"https:\/\/www.multicasa.com.br\/cuiaba\/wp-json\/wp\/v2\/product_brand?post=16123"},{"taxonomy":"product_cat","embeddable":true,"href":"https:\/\/www.multicasa.com.br\/cuiaba\/wp-json\/wp\/v2\/product_cat?post=16123"},{"taxonomy":"product_tag","embeddable":true,"href":"https:\/\/www.multicasa.com.br\/cuiaba\/wp-json\/wp\/v2\/product_tag?post=16123"}],"curies":[{"name":"wp","href":"https:\/\/api.w.org\/{rel}","templated":true}]}}